{"id":233925,"date":"2025-03-22T13:29:09","date_gmt":"2025-03-22T13:29:09","guid":{"rendered":"https:\/\/aromasentia.com\/product\/bag-of-6-large-african-tumble-stones-light-jasper-brecciated\/"},"modified":"2025-12-30T20:14:54","modified_gmt":"2025-12-30T20:14:54","slug":"beutel-mit-6-grossen-afrikanischen-trommelsteinen-heller-jaspis-brecciated","status":"publish","type":"product","link":"https:\/\/aromasentia.com\/de\/beutel-mit-6-grossen-afrikanischen-trommelsteinen-heller-jaspis-brecciated\/","title":{"rendered":"Beutel mit 6 Gro\u00dfen Afrikanischen Trommelsteinen &#8211; Heller Jaspis &#8211; Brecciated"},"content":{"rendered":"<p>Brekziierter Jaspis ist eine Form von Jaspis, in der sich Risse gebildet haben, die mit Chalcedon zementiert wurden. Dies ist die h\u00e4ufigste Farbvariante, aber es gibt viele von ihnen. Diese Sorte hat regenerierende und verj\u00fcngende Energie.<\/p>\n<p>Gr\u00f6\u00dfe ca.: 30 &#8211; 50 [mm]\/ 33 Steine pro 1kg <\/p>\n","protected":false},"excerpt":{"rendered":"<p>Brekziierter Jaspis ist eine Form von Jaspis, in der sich Risse gebildet haben, die mit Chalcedon zementiert wurden. Dies ist die h\u00e4ufigste Farbvariante, aber es gibt viele von ihnen. Diese Sorte hat regenerierende und verj\u00fcngende Energie. Gr\u00f6\u00dfe ca.: 30 &#8211; 50 [mm]\/ 33 Steine pro 1kg<\/p>\n","protected":false},"featured_media":330318,"comment_status":"closed","ping_status":"open","template":"","meta":{"_angie_page":false},"product_brand":[],"product_cat":[25223,17269,25646,18942],"product_tag":[],"class_list":{"0":"post-233925","1":"product","2":"type-product","3":"status-publish","4":"has-post-thumbnail","6":"product_cat-edelsteine-mineralien","7":"product_cat-esoterik-geschenke","8":"product_cat-jaspis","9":"product_cat-trommelsteine","10":"pa_collection-large-african-tumble-stones-de","11":"pa_made-in-suedafrika","13":"first","14":"instock","15":"purchasable","16":"product-type-simple"},"supplier_id":null,"supplier_sku":"ATumbleL-05","barcode":null,"atum_controlled":true,"out_stock_date":null,"out_stock_threshold":null,"inheritable":false,"inbound_stock":null,"stock_on_hold":0,"sold_today":0,"sales_last_days":0,"reserved_stock":null,"customer_returns":null,"warehouse_damage":null,"lost_in_post":null,"other_logs":null,"out_stock_days":0,"lost_sales":0,"has_location":null,"update_date":"2026-04-27T06:51:26","atum_locations":[],"atum_stock_status":"instock","restock_status":false,"low_stock_amount":"","sales_update_date":"2026-01-30T01:24:43","calc_backorders":null,"_links":{"self":[{"href":"https:\/\/aromasentia.com\/de\/wp-json\/wp\/v2\/product\/233925","targetHints":{"allow":["GET"]}}],"collection":[{"href":"https:\/\/aromasentia.com\/de\/wp-json\/wp\/v2\/product"}],"about":[{"href":"https:\/\/aromasentia.com\/de\/wp-json\/wp\/v2\/types\/product"}],"replies":[{"embeddable":true,"href":"https:\/\/aromasentia.com\/de\/wp-json\/wp\/v2\/comments?post=233925"}],"version-history":[{"count":0,"href":"https:\/\/aromasentia.com\/de\/wp-json\/wp\/v2\/product\/233925\/revisions"}],"wp:featuredmedia":[{"embeddable":true,"href":"https:\/\/aromasentia.com\/de\/wp-json\/wp\/v2\/media\/330318"}],"wp:attachment":[{"href":"https:\/\/aromasentia.com\/de\/wp-json\/wp\/v2\/media?parent=233925"}],"wp:term":[{"taxonomy":"product_brand","embeddable":true,"href":"https:\/\/aromasentia.com\/de\/wp-json\/wp\/v2\/product_brand?post=233925"},{"taxonomy":"product_cat","embeddable":true,"href":"https:\/\/aromasentia.com\/de\/wp-json\/wp\/v2\/product_cat?post=233925"},{"taxonomy":"product_tag","embeddable":true,"href":"https:\/\/aromasentia.com\/de\/wp-json\/wp\/v2\/product_tag?post=233925"}],"curies":[{"name":"wp","href":"https:\/\/api.w.org\/{rel}","templated":true}]}}