{"id":233897,"date":"2025-03-22T13:29:09","date_gmt":"2025-03-22T13:29:09","guid":{"rendered":"https:\/\/aromasentia.com\/product\/esoteric-fringed-altar-cloth-moon-sun-chart\/"},"modified":"2025-12-30T20:14:54","modified_gmt":"2025-12-30T20:14:54","slug":"esoterisches-altartuch-mit-fransen-mond-und-sonnenkarte","status":"publish","type":"product","link":"https:\/\/aromasentia.com\/de\/esoterisches-altartuch-mit-fransen-mond-und-sonnenkarte\/","title":{"rendered":"Esoterisches Altartuch mit Fransen \u2013 Mond- und Sonnenkarte"},"content":{"rendered":"<p>Harmonisieren Sie sich mit den kosmischen Energien mit diesem Esoterik-Altartuch mit Fransen &#8211; Mond &#038; Sonne Chart. Dieses bezaubernde Altartuch zeigt astrologische oder symbolische Charts, die sich auf Mond und Sonne beziehen und Dualit\u00e4t, Zyklen und himmlische Einfl\u00fcsse darstellen. Der Fransenrand verleiht dem Tuch einen Hauch von traditioneller Mystik. Ideal f\u00fcr astrologische Arbeiten, jahreszeitliche Rituale oder die Schaffung eines heiligen Raums, der die Rhythmen des Kosmos und das Zusammenspiel von m\u00e4nnlichen und weiblichen Energien ehrt.<\/p>\n","protected":false},"excerpt":{"rendered":"<p>Harmonisieren Sie sich mit den kosmischen Energien mit diesem Esoterik-Altartuch mit Fransen &#8211; Mond &#038; Sonne Chart. Dieses bezaubernde Altartuch zeigt astrologische oder symbolische Charts, die sich auf Mond und Sonne beziehen und Dualit\u00e4t, Zyklen und himmlische Einfl\u00fcsse darstellen. Der Fransenrand verleiht dem Tuch einen Hauch von traditioneller Mystik. Ideal f\u00fcr astrologische Arbeiten, jahreszeitliche Rituale [&hellip;]<\/p>\n","protected":false},"featured_media":330191,"comment_status":"closed","ping_status":"open","template":"","meta":{"_angie_page":false},"product_brand":[],"product_cat":[14451,18870],"product_tag":[],"class_list":{"0":"post-233897","1":"product","2":"type-product","3":"status-publish","4":"has-post-thumbnail","6":"product_cat-haus-und-gartendeko","7":"product_cat-klangschalen-und-glocken","8":"pa_collection-esoteric-altar-cloth-de","9":"pa_made-in-indien","11":"first","12":"instock","13":"purchasable","14":"product-type-simple"},"supplier_id":null,"supplier_sku":"AltC-04","barcode":null,"atum_controlled":true,"out_stock_date":null,"out_stock_threshold":null,"inheritable":false,"inbound_stock":null,"stock_on_hold":0,"sold_today":0,"sales_last_days":0,"reserved_stock":null,"customer_returns":null,"warehouse_damage":null,"lost_in_post":null,"other_logs":null,"out_stock_days":0,"lost_sales":0,"has_location":null,"update_date":"2026-04-27T06:50:18","atum_locations":[],"atum_stock_status":"instock","restock_status":false,"low_stock_amount":"","sales_update_date":"2025-10-09T03:23:13","calc_backorders":null,"_links":{"self":[{"href":"https:\/\/aromasentia.com\/de\/wp-json\/wp\/v2\/product\/233897","targetHints":{"allow":["GET"]}}],"collection":[{"href":"https:\/\/aromasentia.com\/de\/wp-json\/wp\/v2\/product"}],"about":[{"href":"https:\/\/aromasentia.com\/de\/wp-json\/wp\/v2\/types\/product"}],"replies":[{"embeddable":true,"href":"https:\/\/aromasentia.com\/de\/wp-json\/wp\/v2\/comments?post=233897"}],"version-history":[{"count":0,"href":"https:\/\/aromasentia.com\/de\/wp-json\/wp\/v2\/product\/233897\/revisions"}],"wp:featuredmedia":[{"embeddable":true,"href":"https:\/\/aromasentia.com\/de\/wp-json\/wp\/v2\/media\/330191"}],"wp:attachment":[{"href":"https:\/\/aromasentia.com\/de\/wp-json\/wp\/v2\/media?parent=233897"}],"wp:term":[{"taxonomy":"product_brand","embeddable":true,"href":"https:\/\/aromasentia.com\/de\/wp-json\/wp\/v2\/product_brand?post=233897"},{"taxonomy":"product_cat","embeddable":true,"href":"https:\/\/aromasentia.com\/de\/wp-json\/wp\/v2\/product_cat?post=233897"},{"taxonomy":"product_tag","embeddable":true,"href":"https:\/\/aromasentia.com\/de\/wp-json\/wp\/v2\/product_tag?post=233897"}],"curies":[{"name":"wp","href":"https:\/\/api.w.org\/{rel}","templated":true}]}}