{"id":233893,"date":"2025-03-22T13:29:09","date_gmt":"2025-03-22T13:29:09","guid":{"rendered":"https:\/\/aromasentia.com\/product\/esoteric-fringed-altar-cloth-life-death-rebirth\/"},"modified":"2025-12-30T20:14:46","modified_gmt":"2025-12-30T20:14:46","slug":"esoterisches-altartuch-mit-fransen-leben-tod-wiedergeburt","status":"publish","type":"product","link":"https:\/\/aromasentia.com\/de\/esoterisches-altartuch-mit-fransen-leben-tod-wiedergeburt\/","title":{"rendered":"Esoterisches Altartuch mit Fransen &#8211; Leben, Tod, Wiedergeburt"},"content":{"rendered":"<p>Kontemplieren Sie die Zyklen der Existenz mit diesem esoterischen Altartuch mit Fransen &#8211; Leben Tod Wiedergeburt. Dieses tiefgr\u00fcndige Altartuch zeigt symbolische Darstellungen des ewigen Kreislaufs von Leben, Tod und Wiedergeburt, ein Kernkonzept in vielen spirituellen und esoterischen Traditionen. Die ausgefransten R\u00e4nder verst\u00e4rken seine zeremonielle Ausstrahlung. Es eignet sich perfekt f\u00fcr Meditation, Ahnenarbeit oder Rituale, die sich auf Transformation und Erneuerung konzentrieren, und bietet einen kraftvollen visuellen Fokus f\u00fcr das Verst\u00e4ndnis der kontinuierlichen Entfaltung des Lebens.<\/p>\n","protected":false},"excerpt":{"rendered":"<p>Kontemplieren Sie die Zyklen der Existenz mit diesem esoterischen Altartuch mit Fransen &#8211; Leben Tod Wiedergeburt. Dieses tiefgr\u00fcndige Altartuch zeigt symbolische Darstellungen des ewigen Kreislaufs von Leben, Tod und Wiedergeburt, ein Kernkonzept in vielen spirituellen und esoterischen Traditionen. Die ausgefransten R\u00e4nder verst\u00e4rken seine zeremonielle Ausstrahlung. Es eignet sich perfekt f\u00fcr Meditation, Ahnenarbeit oder Rituale, die [&hellip;]<\/p>\n","protected":false},"featured_media":330166,"comment_status":"closed","ping_status":"open","template":"","meta":{"_angie_page":false},"product_brand":[],"product_cat":[14451,18870],"product_tag":[],"class_list":{"0":"post-233893","1":"product","2":"type-product","3":"status-publish","4":"has-post-thumbnail","6":"product_cat-haus-und-gartendeko","7":"product_cat-klangschalen-und-glocken","8":"pa_collection-esoteric-altar-cloth-de","9":"pa_made-in-indien","11":"first","12":"instock","13":"purchasable","14":"product-type-simple"},"supplier_id":null,"supplier_sku":"AltC-03","barcode":null,"atum_controlled":true,"out_stock_date":null,"out_stock_threshold":null,"inheritable":false,"inbound_stock":null,"stock_on_hold":0,"sold_today":0,"sales_last_days":0,"reserved_stock":null,"customer_returns":null,"warehouse_damage":null,"lost_in_post":null,"other_logs":null,"out_stock_days":0,"lost_sales":0,"has_location":null,"update_date":"2026-04-27T06:50:18","atum_locations":[],"atum_stock_status":"instock","restock_status":false,"low_stock_amount":"","sales_update_date":"2025-10-09T03:23:13","calc_backorders":null,"_links":{"self":[{"href":"https:\/\/aromasentia.com\/de\/wp-json\/wp\/v2\/product\/233893","targetHints":{"allow":["GET"]}}],"collection":[{"href":"https:\/\/aromasentia.com\/de\/wp-json\/wp\/v2\/product"}],"about":[{"href":"https:\/\/aromasentia.com\/de\/wp-json\/wp\/v2\/types\/product"}],"replies":[{"embeddable":true,"href":"https:\/\/aromasentia.com\/de\/wp-json\/wp\/v2\/comments?post=233893"}],"version-history":[{"count":0,"href":"https:\/\/aromasentia.com\/de\/wp-json\/wp\/v2\/product\/233893\/revisions"}],"wp:featuredmedia":[{"embeddable":true,"href":"https:\/\/aromasentia.com\/de\/wp-json\/wp\/v2\/media\/330166"}],"wp:attachment":[{"href":"https:\/\/aromasentia.com\/de\/wp-json\/wp\/v2\/media?parent=233893"}],"wp:term":[{"taxonomy":"product_brand","embeddable":true,"href":"https:\/\/aromasentia.com\/de\/wp-json\/wp\/v2\/product_brand?post=233893"},{"taxonomy":"product_cat","embeddable":true,"href":"https:\/\/aromasentia.com\/de\/wp-json\/wp\/v2\/product_cat?post=233893"},{"taxonomy":"product_tag","embeddable":true,"href":"https:\/\/aromasentia.com\/de\/wp-json\/wp\/v2\/product_tag?post=233893"}],"curies":[{"name":"wp","href":"https:\/\/api.w.org\/{rel}","templated":true}]}}