{"id":233889,"date":"2025-03-22T13:29:09","date_gmt":"2025-03-22T13:29:09","guid":{"rendered":"https:\/\/aromasentia.com\/product\/esoteric-fringed-altar-cloth-earth-mother\/"},"modified":"2025-12-30T20:14:46","modified_gmt":"2025-12-30T20:14:46","slug":"esoterisches-altartuch-mit-fransen-mutter-erde","status":"publish","type":"product","link":"https:\/\/aromasentia.com\/de\/esoterisches-altartuch-mit-fransen-mutter-erde\/","title":{"rendered":"Esoterisches Altartuch mit Fransen &#8211; Mutter Erde"},"content":{"rendered":"<p>Verbinden Sie sich mit dem g\u00f6ttlichen Weiblichen mit diesem Esoteric Fransen-Altartuch &#8211; Erdmutter. Dieses Altartuch ist wundersch\u00f6n mit Bildern oder Symbolen verziert, die den Archetyp der Erdmutter darstellen &#8211; sie verk\u00f6rpern Pflege, Fruchtbarkeit, F\u00fclle und die erdende Energie der Natur. Die Fransen verleihen ihm einen klassischen Touch. Ideal f\u00fcr Rituale zu Ehren der Erde, der G\u00f6ttinnen oder um einen heiligen Raum zu schaffen, der dem Wachstum, der Erdung und den lebensspendenden Kr\u00e4ften des weiblichen Prinzips gewidmet ist.<\/p>\n","protected":false},"excerpt":{"rendered":"<p>Verbinden Sie sich mit dem g\u00f6ttlichen Weiblichen mit diesem Esoteric Fransen-Altartuch &#8211; Erdmutter. Dieses Altartuch ist wundersch\u00f6n mit Bildern oder Symbolen verziert, die den Archetyp der Erdmutter darstellen &#8211; sie verk\u00f6rpern Pflege, Fruchtbarkeit, F\u00fclle und die erdende Energie der Natur. Die Fransen verleihen ihm einen klassischen Touch. Ideal f\u00fcr Rituale zu Ehren der Erde, der [&hellip;]<\/p>\n","protected":false},"featured_media":330149,"comment_status":"closed","ping_status":"open","template":"","meta":{"_angie_page":false},"product_brand":[],"product_cat":[14451,18870],"product_tag":[],"class_list":{"0":"post-233889","1":"product","2":"type-product","3":"status-publish","4":"has-post-thumbnail","6":"product_cat-haus-und-gartendeko","7":"product_cat-klangschalen-und-glocken","8":"pa_collection-esoteric-altar-cloth-de","9":"pa_made-in-indien","11":"first","12":"instock","13":"purchasable","14":"product-type-simple"},"supplier_id":null,"supplier_sku":"AltC-02","barcode":null,"atum_controlled":true,"out_stock_date":null,"out_stock_threshold":null,"inheritable":false,"inbound_stock":null,"stock_on_hold":0,"sold_today":0,"sales_last_days":0,"reserved_stock":null,"customer_returns":null,"warehouse_damage":null,"lost_in_post":null,"other_logs":null,"out_stock_days":0,"lost_sales":0,"has_location":null,"update_date":"2026-04-27T06:50:18","atum_locations":[],"atum_stock_status":"instock","restock_status":false,"low_stock_amount":"","sales_update_date":"2025-10-09T03:23:13","calc_backorders":null,"_links":{"self":[{"href":"https:\/\/aromasentia.com\/de\/wp-json\/wp\/v2\/product\/233889","targetHints":{"allow":["GET"]}}],"collection":[{"href":"https:\/\/aromasentia.com\/de\/wp-json\/wp\/v2\/product"}],"about":[{"href":"https:\/\/aromasentia.com\/de\/wp-json\/wp\/v2\/types\/product"}],"replies":[{"embeddable":true,"href":"https:\/\/aromasentia.com\/de\/wp-json\/wp\/v2\/comments?post=233889"}],"version-history":[{"count":0,"href":"https:\/\/aromasentia.com\/de\/wp-json\/wp\/v2\/product\/233889\/revisions"}],"wp:featuredmedia":[{"embeddable":true,"href":"https:\/\/aromasentia.com\/de\/wp-json\/wp\/v2\/media\/330149"}],"wp:attachment":[{"href":"https:\/\/aromasentia.com\/de\/wp-json\/wp\/v2\/media?parent=233889"}],"wp:term":[{"taxonomy":"product_brand","embeddable":true,"href":"https:\/\/aromasentia.com\/de\/wp-json\/wp\/v2\/product_brand?post=233889"},{"taxonomy":"product_cat","embeddable":true,"href":"https:\/\/aromasentia.com\/de\/wp-json\/wp\/v2\/product_cat?post=233889"},{"taxonomy":"product_tag","embeddable":true,"href":"https:\/\/aromasentia.com\/de\/wp-json\/wp\/v2\/product_tag?post=233889"}],"curies":[{"name":"wp","href":"https:\/\/api.w.org\/{rel}","templated":true}]}}