{"id":233885,"date":"2025-03-22T13:29:09","date_gmt":"2025-03-22T13:29:09","guid":{"rendered":"https:\/\/aromasentia.com\/product\/esoteric-fringed-altar-cloth-pentagon\/"},"modified":"2025-12-30T20:14:46","modified_gmt":"2025-12-30T20:14:46","slug":"esoterisches-altartuch-mit-fransen-fuenfeck","status":"publish","type":"product","link":"https:\/\/aromasentia.com\/de\/esoterisches-altartuch-mit-fransen-fuenfeck\/","title":{"rendered":"Esoterisches Altartuch mit Fransen \u2013 F\u00fcnfeck"},"content":{"rendered":"<p>Schm\u00fccken Sie Ihren heiligen Raum mit diesem esoterischen Altartuch mit Fransen &#8211; Pentagon. Dieses wundersch\u00f6n gearbeitete Altartuch zeigt ein zentrales F\u00fcnfeck oder Pentagramm, ein kraftvolles Symbol in vielen esoterischen Traditionen, das die f\u00fcnf Elemente, Schutz oder spirituelles Streben repr\u00e4sentiert. Die ausgefransten R\u00e4nder verleihen ihm einen Hauch von traditioneller zeremonieller Eleganz. Es eignet sich perfekt, um einen konzentrierten und geweihten Raum f\u00fcr Rituale, Meditation oder Wahrsagerei zu schaffen und verst\u00e4rkt die Energie und Intention Ihrer Praxis.<\/p>\n","protected":false},"excerpt":{"rendered":"<p>Schm\u00fccken Sie Ihren heiligen Raum mit diesem esoterischen Altartuch mit Fransen &#8211; Pentagon. Dieses wundersch\u00f6n gearbeitete Altartuch zeigt ein zentrales F\u00fcnfeck oder Pentagramm, ein kraftvolles Symbol in vielen esoterischen Traditionen, das die f\u00fcnf Elemente, Schutz oder spirituelles Streben repr\u00e4sentiert. Die ausgefransten R\u00e4nder verleihen ihm einen Hauch von traditioneller zeremonieller Eleganz. Es eignet sich perfekt, um [&hellip;]<\/p>\n","protected":false},"featured_media":330124,"comment_status":"closed","ping_status":"open","template":"","meta":[],"product_brand":[],"product_cat":[14451,18870],"product_tag":[],"class_list":{"0":"post-233885","1":"product","2":"type-product","3":"status-publish","4":"has-post-thumbnail","6":"product_cat-haus-und-gartendeko","7":"product_cat-klangschalen-und-glocken","8":"pa_collection-esoteric-altar-cloth-de","9":"pa_made-in-indien","11":"first","12":"instock","13":"purchasable","14":"product-type-simple"},"supplier_id":null,"supplier_sku":"AltC-01","barcode":null,"atum_controlled":true,"out_stock_date":null,"out_stock_threshold":null,"inheritable":false,"inbound_stock":null,"stock_on_hold":0,"sold_today":0,"sales_last_days":0,"reserved_stock":null,"customer_returns":null,"warehouse_damage":null,"lost_in_post":null,"other_logs":null,"out_stock_days":0,"lost_sales":0,"has_location":null,"update_date":"2026-02-11T18:09:15","atum_locations":[],"atum_stock_status":"instock","restock_status":false,"low_stock_amount":"","sales_update_date":"2025-10-09T03:23:13","calc_backorders":null,"_links":{"self":[{"href":"https:\/\/aromasentia.com\/de\/wp-json\/wp\/v2\/product\/233885","targetHints":{"allow":["GET"]}}],"collection":[{"href":"https:\/\/aromasentia.com\/de\/wp-json\/wp\/v2\/product"}],"about":[{"href":"https:\/\/aromasentia.com\/de\/wp-json\/wp\/v2\/types\/product"}],"replies":[{"embeddable":true,"href":"https:\/\/aromasentia.com\/de\/wp-json\/wp\/v2\/comments?post=233885"}],"version-history":[{"count":0,"href":"https:\/\/aromasentia.com\/de\/wp-json\/wp\/v2\/product\/233885\/revisions"}],"wp:featuredmedia":[{"embeddable":true,"href":"https:\/\/aromasentia.com\/de\/wp-json\/wp\/v2\/media\/330124"}],"wp:attachment":[{"href":"https:\/\/aromasentia.com\/de\/wp-json\/wp\/v2\/media?parent=233885"}],"wp:term":[{"taxonomy":"product_brand","embeddable":true,"href":"https:\/\/aromasentia.com\/de\/wp-json\/wp\/v2\/product_brand?post=233885"},{"taxonomy":"product_cat","embeddable":true,"href":"https:\/\/aromasentia.com\/de\/wp-json\/wp\/v2\/product_cat?post=233885"},{"taxonomy":"product_tag","embeddable":true,"href":"https:\/\/aromasentia.com\/de\/wp-json\/wp\/v2\/product_tag?post=233885"}],"curies":[{"name":"wp","href":"https:\/\/api.w.org\/{rel}","templated":true}]}}