{"id":233877,"date":"2025-03-22T13:29:09","date_gmt":"2025-03-22T13:29:09","guid":{"rendered":"https:\/\/aromasentia.com\/product\/lrg-gemstone-tree-sodalite-on-blue-agate-base-100-stones\/"},"modified":"2025-12-30T20:14:46","modified_gmt":"2025-12-30T20:14:46","slug":"grosser-edelsteinbaum-sodalith-auf-blauer-achatbasis-100-steine","status":"publish","type":"product","link":"https:\/\/aromasentia.com\/de\/grosser-edelsteinbaum-sodalith-auf-blauer-achatbasis-100-steine\/","title":{"rendered":"Gro\u00dfer Edelsteinbaum &#8211; Sodalith auf blauer Achatbasis (100 Steine)"},"content":{"rendered":"<p><span style=\"color: rgb(75, 80, 88);\"><strong>Diese bemerkenswerten Kreationen sind eine Symphonie aus Farben, Energie und Stil, die Ihre Kunden wirklich fesseln wird.<\/strong> Jeder mit Sorgfalt und k\u00fcnstlerischer Finesse gefertigte Edelsteinbaum ist so gestaltet, dass er sowohl das Auge erfreut als auch Ihren Raum harmonisiert.<\/span><\/p>\n<p><span style=\"color: rgb(75, 80, 88);\">Mit einem Sockel aus blauem Achat und 100 Sodalithsteinen strahlt dieser <strong>gro\u00dfe Sodalith-Edelsteinbaum<\/strong> Gelassenheit, klare Kommunikation und geistige Klarheit im gro\u00dfen Stil aus.<\/span> <\/p>\n<p><span style=\"color: rgb(75, 80, 88);\">Die Zweige dieser B\u00e4ume sind aus flexiblem Metalldraht gefertigt, sodass Kunden sie nach Belieben anpassen und so eine dynamische und einzigartige Pr\u00e4sentation schaffen k\u00f6nnen. Sie werden von diesen exquisiten St\u00fccken angezogen, die \u00c4sthetik mit Heilung und Transformation verbinden.<\/span><\/p>\n<p><span style=\"color: rgb(75, 80, 88);\"><strong>Abmessungen:<\/strong><\/span><\/p>\n<p><span style=\"color: rgb(75, 80, 88);\">9 x 5 x 13 cm<\/span><\/p>\n","protected":false},"excerpt":{"rendered":"<p>Diese bemerkenswerten Kreationen sind eine Symphonie aus Farben, Energie und Stil, die Ihre Kunden wirklich fesseln wird. Jeder mit Sorgfalt und k\u00fcnstlerischer Finesse gefertigte Edelsteinbaum ist so gestaltet, dass er sowohl das Auge erfreut als auch Ihren Raum harmonisiert. Mit einem Sockel aus blauem Achat und 100 Sodalithsteinen strahlt dieser gro\u00dfe Sodalith-Edelsteinbaum Gelassenheit, klare Kommunikation [&hellip;]<\/p>\n","protected":false},"featured_media":330066,"comment_status":"closed","ping_status":"open","template":"","meta":[],"product_brand":[],"product_cat":[25542,25223,19268,17269,25767],"product_tag":[],"class_list":{"0":"post-233877","1":"product","2":"type-product","3":"status-publish","4":"has-post-thumbnail","6":"product_cat-agate","7":"product_cat-edelsteine-mineralien","8":"product_cat-edelsteinschmuck-und-accessoires","9":"product_cat-esoterik-geschenke","10":"product_cat-sodalith","11":"pa_collection-gemstone-trees-with-agate-base-de","12":"pa_made-in-indien","14":"first","15":"instock","16":"purchasable","17":"product-type-simple"},"supplier_id":null,"supplier_sku":"AGemT-11","barcode":null,"atum_controlled":true,"out_stock_date":null,"out_stock_threshold":null,"inheritable":false,"inbound_stock":null,"stock_on_hold":0,"sold_today":0,"sales_last_days":0,"reserved_stock":null,"customer_returns":null,"warehouse_damage":null,"lost_in_post":null,"other_logs":null,"out_stock_days":0,"lost_sales":0,"has_location":null,"update_date":"2026-02-10T16:30:49","atum_locations":[],"atum_stock_status":"instock","restock_status":false,"low_stock_amount":"","sales_update_date":"2026-02-06T00:02:43","calc_backorders":null,"_links":{"self":[{"href":"https:\/\/aromasentia.com\/de\/wp-json\/wp\/v2\/product\/233877","targetHints":{"allow":["GET"]}}],"collection":[{"href":"https:\/\/aromasentia.com\/de\/wp-json\/wp\/v2\/product"}],"about":[{"href":"https:\/\/aromasentia.com\/de\/wp-json\/wp\/v2\/types\/product"}],"replies":[{"embeddable":true,"href":"https:\/\/aromasentia.com\/de\/wp-json\/wp\/v2\/comments?post=233877"}],"version-history":[{"count":0,"href":"https:\/\/aromasentia.com\/de\/wp-json\/wp\/v2\/product\/233877\/revisions"}],"wp:featuredmedia":[{"embeddable":true,"href":"https:\/\/aromasentia.com\/de\/wp-json\/wp\/v2\/media\/330066"}],"wp:attachment":[{"href":"https:\/\/aromasentia.com\/de\/wp-json\/wp\/v2\/media?parent=233877"}],"wp:term":[{"taxonomy":"product_brand","embeddable":true,"href":"https:\/\/aromasentia.com\/de\/wp-json\/wp\/v2\/product_brand?post=233877"},{"taxonomy":"product_cat","embeddable":true,"href":"https:\/\/aromasentia.com\/de\/wp-json\/wp\/v2\/product_cat?post=233877"},{"taxonomy":"product_tag","embeddable":true,"href":"https:\/\/aromasentia.com\/de\/wp-json\/wp\/v2\/product_tag?post=233877"}],"curies":[{"name":"wp","href":"https:\/\/api.w.org\/{rel}","templated":true}]}}