{"id":233873,"date":"2025-03-22T13:29:09","date_gmt":"2025-03-22T13:29:09","guid":{"rendered":"https:\/\/aromasentia.com\/product\/lrg-gemstone-tree-green-aventurine-on-green-agate-base-100-stones\/"},"modified":"2025-12-30T20:14:46","modified_gmt":"2025-12-30T20:14:46","slug":"grosser-edelsteinbaum-gruener-aventurin-auf-gruener-achatbasis-100-steine","status":"publish","type":"product","link":"https:\/\/aromasentia.com\/de\/grosser-edelsteinbaum-gruener-aventurin-auf-gruener-achatbasis-100-steine\/","title":{"rendered":"Gro\u00dfer Edelsteinbaum &#8211; Gr\u00fcner Aventurin auf gr\u00fcner Achatbasis (100 Steine)"},"content":{"rendered":"<p><span style=\"color: rgb(75, 80, 88);\"><strong>Diese bemerkenswerten Kreationen sind eine Symphonie aus Farben, Energie und Stil, die Ihre Kunden wahrlich fesseln wird.<\/strong> Jeder Edelsteinbaum wurde mit Sorgfalt und k\u00fcnstlerischer Finesse gefertigt und ist so gestaltet, dass er sowohl das Auge erfreut als auch Ihren Raum harmonisiert.<\/span><\/p>\n<p><span style=\"color: rgb(75, 80, 88);\"><strong>Der gro\u00dfe gr\u00fcne Aventurin-Edelsteinbaum<\/strong> mit 100 gr\u00fcnen Aventurin-Steinen verk\u00f6rpert Wachstum und Wohlstand. Er ist eine gro\u00dfartige Erg\u00e4nzung f\u00fcr gro\u00dfe R\u00e4ume und strahlt F\u00fclle und Vitalit\u00e4t aus.<\/span> <\/p>\n<p><span style=\"color: rgb(75, 80, 88);\">Die Zweige dieser B\u00e4ume sind aus flexiblem Metalldraht gefertigt, sodass Kunden sie nach Belieben anpassen und so eine dynamische und einzigartige Darstellung schaffen k\u00f6nnen. Sie werden von diesen exquisiten St\u00fccken angezogen, die \u00c4sthetik mit Heilung und Transformation verbinden.<\/span><\/p>\n<p><span style=\"color: rgb(75, 80, 88);\"><strong>Abmessungen:<\/strong><\/span><\/p>\n<p><span style=\"color: rgb(75, 80, 88);\">9 x 5 x 13 cm<\/span><\/p>\n","protected":false},"excerpt":{"rendered":"<p>Diese bemerkenswerten Kreationen sind eine Symphonie aus Farben, Energie und Stil, die Ihre Kunden wahrlich fesseln wird. Jeder Edelsteinbaum wurde mit Sorgfalt und k\u00fcnstlerischer Finesse gefertigt und ist so gestaltet, dass er sowohl das Auge erfreut als auch Ihren Raum harmonisiert. Der gro\u00dfe gr\u00fcne Aventurin-Edelsteinbaum mit 100 gr\u00fcnen Aventurin-Steinen verk\u00f6rpert Wachstum und Wohlstand. Er ist [&hellip;]<\/p>\n","protected":false},"featured_media":330033,"comment_status":"closed","ping_status":"open","template":"","meta":[],"product_brand":[],"product_cat":[25542,25560,25223,19268,17269],"product_tag":[],"class_list":{"0":"post-233873","1":"product","2":"type-product","3":"status-publish","4":"has-post-thumbnail","6":"product_cat-agate","7":"product_cat-aventurin","8":"product_cat-edelsteine-mineralien","9":"product_cat-edelsteinschmuck-und-accessoires","10":"product_cat-esoterik-geschenke","11":"pa_collection-gemstone-trees-with-agate-base-de","12":"pa_made-in-indien","14":"first","15":"instock","16":"purchasable","17":"product-type-simple"},"supplier_id":null,"supplier_sku":"AGemT-10","barcode":null,"atum_controlled":true,"out_stock_date":null,"out_stock_threshold":null,"inheritable":false,"inbound_stock":null,"stock_on_hold":0,"sold_today":0,"sales_last_days":0,"reserved_stock":null,"customer_returns":null,"warehouse_damage":null,"lost_in_post":null,"other_logs":null,"out_stock_days":0,"lost_sales":0,"has_location":null,"update_date":"2026-02-10T16:33:24","atum_locations":[],"atum_stock_status":"instock","restock_status":false,"low_stock_amount":"","sales_update_date":"2025-10-09T03:22:56","calc_backorders":null,"_links":{"self":[{"href":"https:\/\/aromasentia.com\/de\/wp-json\/wp\/v2\/product\/233873","targetHints":{"allow":["GET"]}}],"collection":[{"href":"https:\/\/aromasentia.com\/de\/wp-json\/wp\/v2\/product"}],"about":[{"href":"https:\/\/aromasentia.com\/de\/wp-json\/wp\/v2\/types\/product"}],"replies":[{"embeddable":true,"href":"https:\/\/aromasentia.com\/de\/wp-json\/wp\/v2\/comments?post=233873"}],"version-history":[{"count":0,"href":"https:\/\/aromasentia.com\/de\/wp-json\/wp\/v2\/product\/233873\/revisions"}],"wp:featuredmedia":[{"embeddable":true,"href":"https:\/\/aromasentia.com\/de\/wp-json\/wp\/v2\/media\/330033"}],"wp:attachment":[{"href":"https:\/\/aromasentia.com\/de\/wp-json\/wp\/v2\/media?parent=233873"}],"wp:term":[{"taxonomy":"product_brand","embeddable":true,"href":"https:\/\/aromasentia.com\/de\/wp-json\/wp\/v2\/product_brand?post=233873"},{"taxonomy":"product_cat","embeddable":true,"href":"https:\/\/aromasentia.com\/de\/wp-json\/wp\/v2\/product_cat?post=233873"},{"taxonomy":"product_tag","embeddable":true,"href":"https:\/\/aromasentia.com\/de\/wp-json\/wp\/v2\/product_tag?post=233873"}],"curies":[{"name":"wp","href":"https:\/\/api.w.org\/{rel}","templated":true}]}}