{"id":233861,"date":"2025-03-22T13:29:09","date_gmt":"2025-03-22T13:29:09","guid":{"rendered":"https:\/\/aromasentia.com\/product\/lrg-gemstone-tree-multi-stones-on-natural-agate-base-100-stones\/"},"modified":"2025-12-30T20:14:46","modified_gmt":"2025-12-30T20:14:46","slug":"grosser-edelsteinbaum-mehrere-steine-auf-natuerlicher-achatbasis-100-steine","status":"publish","type":"product","link":"https:\/\/aromasentia.com\/de\/grosser-edelsteinbaum-mehrere-steine-auf-natuerlicher-achatbasis-100-steine\/","title":{"rendered":"Gro\u00dfer Edelsteinbaum &#8211; Mehrere Steine auf nat\u00fcrlicher Achatbasis (100 Steine)"},"content":{"rendered":"<p><span style=\"color: rgb(75, 80, 88);\"><strong>Diese bemerkenswerten Kreationen sind eine Symphonie aus Farben, Energie und Stil, die Ihre Kunden wahrlich fesseln wird.<\/strong> Jeder mit Sorgfalt und k\u00fcnstlerischer Finesse gefertigte Edelsteinbaum ist sowohl eine Augenweide als auch eine Harmonie f\u00fcr Ihren Raum.<\/span><\/p>\n<p><span style=\"color: rgb(75, 80, 88);\">Der <strong>Gro\u00dfe Edelsteinbaum<\/strong> mit 100 Steinen ist ein echter Hingucker. Seine Vielzahl an Edelsteinen bietet Vielseitigkeit und Verwandlungsm\u00f6glichkeiten und schafft so ein bemerkenswertes Herzst\u00fcck.<\/span><\/p>\n<p><span style=\"color: rgb(75, 80, 88);\">Die Zweige dieser B\u00e4ume sind aus flexiblem Metalldraht gefertigt, sodass Kunden sie nach Belieben anpassen k\u00f6nnen, um eine dynamische und einzigartige Pr\u00e4sentation zu schaffen. Sie werden von diesen exquisiten St\u00fccken angezogen, die \u00c4sthetik mit Heilung und Transformation verbinden.<\/span><\/p>\n<p><span style=\"color: rgb(75, 80, 88);\"><strong>Abmessungen:<\/strong><\/span><\/p>\n<p><span style=\"color: rgb(75, 80, 88);\">9 x 5 x 13 cm<\/span> <\/p>\n","protected":false},"excerpt":{"rendered":"<p>Diese bemerkenswerten Kreationen sind eine Symphonie aus Farben, Energie und Stil, die Ihre Kunden wahrlich fesseln wird. Jeder mit Sorgfalt und k\u00fcnstlerischer Finesse gefertigte Edelsteinbaum ist sowohl eine Augenweide als auch eine Harmonie f\u00fcr Ihren Raum. Der Gro\u00dfe Edelsteinbaum mit 100 Steinen ist ein echter Hingucker. Seine Vielzahl an Edelsteinen bietet Vielseitigkeit und Verwandlungsm\u00f6glichkeiten und [&hellip;]<\/p>\n","protected":false},"featured_media":329942,"comment_status":"closed","ping_status":"open","template":"","meta":[],"product_brand":[],"product_cat":[25542,25223,19268,17269],"product_tag":[],"class_list":{"0":"post-233861","1":"product","2":"type-product","3":"status-publish","4":"has-post-thumbnail","6":"product_cat-agate","7":"product_cat-edelsteine-mineralien","8":"product_cat-edelsteinschmuck-und-accessoires","9":"product_cat-esoterik-geschenke","10":"pa_collection-gemstone-trees-with-agate-base-de","11":"pa_made-in-indien","13":"first","14":"instock","15":"purchasable","16":"product-type-simple"},"supplier_id":null,"supplier_sku":"AGemT-07","barcode":null,"atum_controlled":true,"out_stock_date":null,"out_stock_threshold":null,"inheritable":false,"inbound_stock":null,"stock_on_hold":0,"sold_today":0,"sales_last_days":0,"reserved_stock":null,"customer_returns":null,"warehouse_damage":null,"lost_in_post":null,"other_logs":null,"out_stock_days":0,"lost_sales":0,"has_location":null,"update_date":"2026-02-09T08:34:20","atum_locations":[],"atum_stock_status":"instock","restock_status":false,"low_stock_amount":"","sales_update_date":"2026-02-06T00:02:42","calc_backorders":null,"_links":{"self":[{"href":"https:\/\/aromasentia.com\/de\/wp-json\/wp\/v2\/product\/233861","targetHints":{"allow":["GET"]}}],"collection":[{"href":"https:\/\/aromasentia.com\/de\/wp-json\/wp\/v2\/product"}],"about":[{"href":"https:\/\/aromasentia.com\/de\/wp-json\/wp\/v2\/types\/product"}],"replies":[{"embeddable":true,"href":"https:\/\/aromasentia.com\/de\/wp-json\/wp\/v2\/comments?post=233861"}],"version-history":[{"count":0,"href":"https:\/\/aromasentia.com\/de\/wp-json\/wp\/v2\/product\/233861\/revisions"}],"wp:featuredmedia":[{"embeddable":true,"href":"https:\/\/aromasentia.com\/de\/wp-json\/wp\/v2\/media\/329942"}],"wp:attachment":[{"href":"https:\/\/aromasentia.com\/de\/wp-json\/wp\/v2\/media?parent=233861"}],"wp:term":[{"taxonomy":"product_brand","embeddable":true,"href":"https:\/\/aromasentia.com\/de\/wp-json\/wp\/v2\/product_brand?post=233861"},{"taxonomy":"product_cat","embeddable":true,"href":"https:\/\/aromasentia.com\/de\/wp-json\/wp\/v2\/product_cat?post=233861"},{"taxonomy":"product_tag","embeddable":true,"href":"https:\/\/aromasentia.com\/de\/wp-json\/wp\/v2\/product_tag?post=233861"}],"curies":[{"name":"wp","href":"https:\/\/api.w.org\/{rel}","templated":true}]}}