{"id":233817,"date":"2025-03-22T13:29:17","date_gmt":"2025-03-22T13:29:17","guid":{"rendered":"https:\/\/aromasentia.com\/product\/bag-of-24-small-african-tumble-stones-bloodstone-sephtonite\/"},"modified":"2025-12-30T20:14:38","modified_gmt":"2025-12-30T20:14:38","slug":"kleine-afrikanische-trommelsteine-blutstein-seftonit","status":"publish","type":"product","link":"https:\/\/aromasentia.com\/de\/kleine-afrikanische-trommelsteine-blutstein-seftonit\/","title":{"rendered":"Kleine afrikanische Trommelsteine \u2013 Blutstein \u2013 Seftonit"},"content":{"rendered":"<p>Blutstein ist eine seltene Variet\u00e4t des Chalcedons. Es ist ein dunkelgr\u00fcner Stein mit roten Flecken aufgrund des Eisenoxidgehalts. Rote Einschl\u00fcsse k\u00f6nnen viele Formen annehmen: Flecken, Streifen und k\u00f6nnen dunkel oder fast unsichtbar sein. &nbsp;Sch\u00f6nes und attraktives Mineral, das von Sammlern gesch\u00e4tzt wird. Der Blutstein gilt als Stein des Mutes und der Sieger.<\/p>\n<p>Gr\u00f6\u00dfe ca.: 10 &#8211; 30 [mm]\/ 333 Steine pro 1kg <\/p>\n","protected":false},"excerpt":{"rendered":"<p>Blutstein ist eine seltene Variet\u00e4t des Chalcedons. Es ist ein dunkelgr\u00fcner Stein mit roten Flecken aufgrund des Eisenoxidgehalts. Rote Einschl\u00fcsse k\u00f6nnen viele Formen annehmen: Flecken, Streifen und k\u00f6nnen dunkel oder fast unsichtbar sein. &nbsp;Sch\u00f6nes und attraktives Mineral, das von Sammlern gesch\u00e4tzt wird. Der Blutstein gilt als Stein des Mutes und der Sieger. Gr\u00f6\u00dfe ca.: 10 [&hellip;]<\/p>\n","protected":false},"featured_media":331152,"comment_status":"closed","ping_status":"open","template":"","meta":{"_angie_page":false},"product_brand":[],"product_cat":[25569,25223,17269,18942],"product_tag":[],"class_list":{"0":"post-233817","1":"product","2":"type-product","3":"status-publish","4":"has-post-thumbnail","6":"product_cat-blutstein","7":"product_cat-edelsteine-mineralien","8":"product_cat-esoterik-geschenke","9":"product_cat-trommelsteine","10":"pa_made-in-suedafrika","12":"first","13":"instock","14":"purchasable","15":"product-type-simple"},"supplier_id":null,"supplier_sku":"ATumbleS-19","barcode":null,"atum_controlled":true,"out_stock_date":null,"out_stock_threshold":null,"inheritable":false,"inbound_stock":null,"stock_on_hold":0,"sold_today":0,"sales_last_days":0,"reserved_stock":null,"customer_returns":null,"warehouse_damage":null,"lost_in_post":null,"other_logs":null,"out_stock_days":0,"lost_sales":0,"has_location":null,"update_date":"2026-04-27T06:51:38","atum_locations":[],"atum_stock_status":"instock","restock_status":false,"low_stock_amount":"","sales_update_date":"2026-01-30T01:24:48","calc_backorders":null,"_links":{"self":[{"href":"https:\/\/aromasentia.com\/de\/wp-json\/wp\/v2\/product\/233817","targetHints":{"allow":["GET"]}}],"collection":[{"href":"https:\/\/aromasentia.com\/de\/wp-json\/wp\/v2\/product"}],"about":[{"href":"https:\/\/aromasentia.com\/de\/wp-json\/wp\/v2\/types\/product"}],"replies":[{"embeddable":true,"href":"https:\/\/aromasentia.com\/de\/wp-json\/wp\/v2\/comments?post=233817"}],"version-history":[{"count":0,"href":"https:\/\/aromasentia.com\/de\/wp-json\/wp\/v2\/product\/233817\/revisions"}],"wp:featuredmedia":[{"embeddable":true,"href":"https:\/\/aromasentia.com\/de\/wp-json\/wp\/v2\/media\/331152"}],"wp:attachment":[{"href":"https:\/\/aromasentia.com\/de\/wp-json\/wp\/v2\/media?parent=233817"}],"wp:term":[{"taxonomy":"product_brand","embeddable":true,"href":"https:\/\/aromasentia.com\/de\/wp-json\/wp\/v2\/product_brand?post=233817"},{"taxonomy":"product_cat","embeddable":true,"href":"https:\/\/aromasentia.com\/de\/wp-json\/wp\/v2\/product_cat?post=233817"},{"taxonomy":"product_tag","embeddable":true,"href":"https:\/\/aromasentia.com\/de\/wp-json\/wp\/v2\/product_tag?post=233817"}],"curies":[{"name":"wp","href":"https:\/\/api.w.org\/{rel}","templated":true}]}}