{"id":233805,"date":"2025-03-22T13:29:17","date_gmt":"2025-03-22T13:29:17","guid":{"rendered":"https:\/\/aromasentia.com\/product\/bag-of-24-small-african-tumble-stones-carnelian-agate-mozambique\/"},"modified":"2025-12-30T20:14:30","modified_gmt":"2025-12-30T20:14:30","slug":"kleine-afrikanische-trommelsteine-karneol-achat-mosambik","status":"publish","type":"product","link":"https:\/\/aromasentia.com\/de\/kleine-afrikanische-trommelsteine-karneol-achat-mosambik\/","title":{"rendered":"Kleine afrikanische Trommelsteine \u2013 Karneol-Achat \u2013 Mosambik"},"content":{"rendered":"<p>Stein, der sowohl Achat als auch Karneol ist. Er kombiniert die Eigenschaften dieser beiden Mineralien. Achat gilt als Symbol f\u00fcr Reichtum und ein langes, erfolgreiches Leben. Der Karneol hingegen geh\u00f6rt zu den Steinen, die seit Jahrtausenden in der Naturmedizin verwendet werden. Er soll neue Lebensenergie spenden und das kreative Denken f\u00f6rdern.<\/p>\n<p>Gr\u00f6\u00dfe ca.: 10 &#8211; 30 [mm]\/ 333 Steine pro 1kg <\/p>\n","protected":false},"excerpt":{"rendered":"<p>Stein, der sowohl Achat als auch Karneol ist. Er kombiniert die Eigenschaften dieser beiden Mineralien. Achat gilt als Symbol f\u00fcr Reichtum und ein langes, erfolgreiches Leben. Der Karneol hingegen geh\u00f6rt zu den Steinen, die seit Jahrtausenden in der Naturmedizin verwendet werden. Er soll neue Lebensenergie spenden und das kreative Denken f\u00f6rdern. Gr\u00f6\u00dfe ca.: 10 &#8211; [&hellip;]<\/p>\n","protected":false},"featured_media":331101,"comment_status":"closed","ping_status":"open","template":"","meta":[],"product_brand":[],"product_cat":[25542,25223,17269,25580,18942],"product_tag":[],"class_list":{"0":"post-233805","1":"product","2":"type-product","3":"status-publish","4":"has-post-thumbnail","6":"product_cat-agate","7":"product_cat-edelsteine-mineralien","8":"product_cat-esoterik-geschenke","9":"product_cat-karneol","10":"product_cat-trommelsteine","11":"pa_made-in-suedafrika","13":"first","14":"instock","15":"purchasable","16":"product-type-simple"},"supplier_id":null,"supplier_sku":"ATumbleS-16","barcode":null,"atum_controlled":true,"out_stock_date":null,"out_stock_threshold":null,"inheritable":false,"inbound_stock":null,"stock_on_hold":0,"sold_today":0,"sales_last_days":0,"reserved_stock":null,"customer_returns":null,"warehouse_damage":null,"lost_in_post":null,"other_logs":null,"out_stock_days":0,"lost_sales":0,"has_location":null,"update_date":"2026-02-03T09:12:30","atum_locations":[],"atum_stock_status":"instock","restock_status":false,"low_stock_amount":"","sales_update_date":"2025-10-09T03:24:05","calc_backorders":null,"_links":{"self":[{"href":"https:\/\/aromasentia.com\/de\/wp-json\/wp\/v2\/product\/233805","targetHints":{"allow":["GET"]}}],"collection":[{"href":"https:\/\/aromasentia.com\/de\/wp-json\/wp\/v2\/product"}],"about":[{"href":"https:\/\/aromasentia.com\/de\/wp-json\/wp\/v2\/types\/product"}],"replies":[{"embeddable":true,"href":"https:\/\/aromasentia.com\/de\/wp-json\/wp\/v2\/comments?post=233805"}],"version-history":[{"count":0,"href":"https:\/\/aromasentia.com\/de\/wp-json\/wp\/v2\/product\/233805\/revisions"}],"wp:featuredmedia":[{"embeddable":true,"href":"https:\/\/aromasentia.com\/de\/wp-json\/wp\/v2\/media\/331101"}],"wp:attachment":[{"href":"https:\/\/aromasentia.com\/de\/wp-json\/wp\/v2\/media?parent=233805"}],"wp:term":[{"taxonomy":"product_brand","embeddable":true,"href":"https:\/\/aromasentia.com\/de\/wp-json\/wp\/v2\/product_brand?post=233805"},{"taxonomy":"product_cat","embeddable":true,"href":"https:\/\/aromasentia.com\/de\/wp-json\/wp\/v2\/product_cat?post=233805"},{"taxonomy":"product_tag","embeddable":true,"href":"https:\/\/aromasentia.com\/de\/wp-json\/wp\/v2\/product_tag?post=233805"}],"curies":[{"name":"wp","href":"https:\/\/api.w.org\/{rel}","templated":true}]}}