{"id":233801,"date":"2025-03-22T13:29:17","date_gmt":"2025-03-22T13:29:17","guid":{"rendered":"https:\/\/aromasentia.com\/product\/bag-of-24-small-african-tumble-stones-sodalite-pure-blue\/"},"modified":"2025-12-30T20:14:30","modified_gmt":"2025-12-30T20:14:30","slug":"kleine-afrikanische-trommelsteine-sodalith-reines-blau","status":"publish","type":"product","link":"https:\/\/aromasentia.com\/de\/kleine-afrikanische-trommelsteine-sodalith-reines-blau\/","title":{"rendered":"Kleine afrikanische Trommelsteine \u2013 Sodalith \u2013 reines Blau"},"content":{"rendered":"<p>Sodalit ist ein Mineral aus der Gruppe der Silikate. Er ist ein seltener und sehr gefragter Stein. Seine Farbe ist weich und beruhigend. Sodalith gilt als der Stein, der unseren Geist \u00f6ffnet.<\/p>\n<p>Gr\u00f6\u00dfe ca.: 10 &#8211; 30 [mm]\/ 333 Steine pro 1kg <\/p>\n","protected":false},"excerpt":{"rendered":"<p>Sodalit ist ein Mineral aus der Gruppe der Silikate. Er ist ein seltener und sehr gefragter Stein. Seine Farbe ist weich und beruhigend. Sodalith gilt als der Stein, der unseren Geist \u00f6ffnet. Gr\u00f6\u00dfe ca.: 10 &#8211; 30 [mm]\/ 333 Steine pro 1kg<\/p>\n","protected":false},"featured_media":331084,"comment_status":"closed","ping_status":"open","template":"","meta":{"_angie_page":false},"product_brand":[],"product_cat":[25223,17269,25767,18942],"product_tag":[],"class_list":{"0":"post-233801","1":"product","2":"type-product","3":"status-publish","4":"has-post-thumbnail","6":"product_cat-edelsteine-mineralien","7":"product_cat-esoterik-geschenke","8":"product_cat-sodalith","9":"product_cat-trommelsteine","10":"pa_made-in-suedafrika","12":"first","13":"outofstock","14":"purchasable","15":"product-type-simple"},"supplier_id":null,"supplier_sku":"ATumbleS-15","barcode":null,"atum_controlled":true,"out_stock_date":"2026-04-25 15:19:40","out_stock_threshold":null,"inheritable":false,"inbound_stock":null,"stock_on_hold":0,"sold_today":0,"sales_last_days":0,"reserved_stock":null,"customer_returns":null,"warehouse_damage":null,"lost_in_post":null,"other_logs":null,"out_stock_days":0,"lost_sales":0,"has_location":null,"update_date":"2026-04-27T06:51:38","atum_locations":[],"atum_stock_status":"outofstock","restock_status":false,"low_stock_amount":"","sales_update_date":"2025-10-09T03:24:01","calc_backorders":null,"_links":{"self":[{"href":"https:\/\/aromasentia.com\/de\/wp-json\/wp\/v2\/product\/233801","targetHints":{"allow":["GET"]}}],"collection":[{"href":"https:\/\/aromasentia.com\/de\/wp-json\/wp\/v2\/product"}],"about":[{"href":"https:\/\/aromasentia.com\/de\/wp-json\/wp\/v2\/types\/product"}],"replies":[{"embeddable":true,"href":"https:\/\/aromasentia.com\/de\/wp-json\/wp\/v2\/comments?post=233801"}],"version-history":[{"count":0,"href":"https:\/\/aromasentia.com\/de\/wp-json\/wp\/v2\/product\/233801\/revisions"}],"wp:featuredmedia":[{"embeddable":true,"href":"https:\/\/aromasentia.com\/de\/wp-json\/wp\/v2\/media\/331084"}],"wp:attachment":[{"href":"https:\/\/aromasentia.com\/de\/wp-json\/wp\/v2\/media?parent=233801"}],"wp:term":[{"taxonomy":"product_brand","embeddable":true,"href":"https:\/\/aromasentia.com\/de\/wp-json\/wp\/v2\/product_brand?post=233801"},{"taxonomy":"product_cat","embeddable":true,"href":"https:\/\/aromasentia.com\/de\/wp-json\/wp\/v2\/product_cat?post=233801"},{"taxonomy":"product_tag","embeddable":true,"href":"https:\/\/aromasentia.com\/de\/wp-json\/wp\/v2\/product_tag?post=233801"}],"curies":[{"name":"wp","href":"https:\/\/api.w.org\/{rel}","templated":true}]}}