{"id":233701,"date":"2025-03-22T13:29:17","date_gmt":"2025-03-22T13:29:17","guid":{"rendered":"https:\/\/aromasentia.com\/product\/sphere-pendulum-sodalite\/"},"modified":"2025-12-30T20:14:14","modified_gmt":"2025-12-30T20:14:14","slug":"kugelpendel-sodalith","status":"publish","type":"product","link":"https:\/\/aromasentia.com\/de\/kugelpendel-sodalith\/","title":{"rendered":"Kugelpendel &#8211; Sodalith"},"content":{"rendered":"<p>Kristallpendeln kann auf vielf\u00e4ltige Weise durchgef\u00fchrt werden und wird f\u00fcr die unterschiedlichsten Zwecke eingesetzt, z. B. zum Auffinden von Wasser, Mineralien, vermissten Personen und sogar verlorenen Gegenst\u00e4nden. Sie wird auch in der Heilkunde, bei Reiki und Wahrsagerei eingesetzt. Ausgestattet mit einer Silberkette und einer Edelsteinperle am oberen Ende haben sie etwas ganz Magisches.<\/p>\n<p>Hochwertige Edelsteinpendel in verschiedenen Steinarten. Jedes Pendel ist mit einer ca. 170 mm langen Kette mit einer Edelsteinperle am Ende versehen. BITTE BEACHTEN: Diese Pendel sind handgefertigt aus einem Naturprodukt. Daher k\u00f6nnen die Gr\u00f6\u00dfen der Edelsteinst\u00fccke variieren.<\/p>\n","protected":false},"excerpt":{"rendered":"<p>Kristallpendeln kann auf vielf\u00e4ltige Weise durchgef\u00fchrt werden und wird f\u00fcr die unterschiedlichsten Zwecke eingesetzt, z. B. zum Auffinden von Wasser, Mineralien, vermissten Personen und sogar verlorenen Gegenst\u00e4nden. Sie wird auch in der Heilkunde, bei Reiki und Wahrsagerei eingesetzt. Ausgestattet mit einer Silberkette und einer Edelsteinperle am oberen Ende haben sie etwas ganz Magisches. Hochwertige Edelsteinpendel [&hellip;]<\/p>\n","protected":false},"featured_media":331821,"comment_status":"closed","ping_status":"open","template":"","meta":[],"product_brand":[],"product_cat":[25223,17269,19076,25767],"product_tag":[],"class_list":{"0":"post-233701","1":"product","2":"type-product","3":"status-publish","4":"has-post-thumbnail","6":"product_cat-edelsteine-mineralien","7":"product_cat-esoterik-geschenke","8":"product_cat-pendel-und-runen-steinset","9":"product_cat-sodalith","10":"pa_collection-sphere-pendulums-de","11":"pa_made-in-indien","13":"first","14":"instock","15":"purchasable","16":"product-type-simple"},"supplier_id":null,"supplier_sku":"BallMP-14","barcode":null,"atum_controlled":true,"out_stock_date":null,"out_stock_threshold":null,"inheritable":false,"inbound_stock":null,"stock_on_hold":0,"sold_today":0,"sales_last_days":0,"reserved_stock":null,"customer_returns":null,"warehouse_damage":null,"lost_in_post":null,"other_logs":null,"out_stock_days":0,"lost_sales":0,"has_location":null,"update_date":"2026-02-06T00:02:06","atum_locations":[],"atum_stock_status":"instock","restock_status":false,"low_stock_amount":"","sales_update_date":"2026-02-06T00:02:06","calc_backorders":null,"_links":{"self":[{"href":"https:\/\/aromasentia.com\/de\/wp-json\/wp\/v2\/product\/233701","targetHints":{"allow":["GET"]}}],"collection":[{"href":"https:\/\/aromasentia.com\/de\/wp-json\/wp\/v2\/product"}],"about":[{"href":"https:\/\/aromasentia.com\/de\/wp-json\/wp\/v2\/types\/product"}],"replies":[{"embeddable":true,"href":"https:\/\/aromasentia.com\/de\/wp-json\/wp\/v2\/comments?post=233701"}],"version-history":[{"count":0,"href":"https:\/\/aromasentia.com\/de\/wp-json\/wp\/v2\/product\/233701\/revisions"}],"wp:featuredmedia":[{"embeddable":true,"href":"https:\/\/aromasentia.com\/de\/wp-json\/wp\/v2\/media\/331821"}],"wp:attachment":[{"href":"https:\/\/aromasentia.com\/de\/wp-json\/wp\/v2\/media?parent=233701"}],"wp:term":[{"taxonomy":"product_brand","embeddable":true,"href":"https:\/\/aromasentia.com\/de\/wp-json\/wp\/v2\/product_brand?post=233701"},{"taxonomy":"product_cat","embeddable":true,"href":"https:\/\/aromasentia.com\/de\/wp-json\/wp\/v2\/product_cat?post=233701"},{"taxonomy":"product_tag","embeddable":true,"href":"https:\/\/aromasentia.com\/de\/wp-json\/wp\/v2\/product_tag?post=233701"}],"curies":[{"name":"wp","href":"https:\/\/api.w.org\/{rel}","templated":true}]}}