{"id":233669,"date":"2025-03-22T13:29:17","date_gmt":"2025-03-22T13:29:17","guid":{"rendered":"https:\/\/aromasentia.com\/product\/square-led-light-box-for-crystals\/"},"modified":"2025-12-30T20:14:05","modified_gmt":"2025-12-30T20:14:05","slug":"square-led-light-box-for-crystals","status":"publish","type":"product","link":"https:\/\/aromasentia.com\/de\/square-led-light-box-for-crystals\/","title":{"rendered":"Square LED Light box for Crystals"},"content":{"rendered":"<p>LED-Kristallst\u00e4nder. Betonen Sie die Sch\u00f6nheit Ihrer Laserkristalle mit diesen hochwertigen LED-St\u00e4ndern.<\/p>\n<p>Stellen Sie Ihren Laserkristall auf den St\u00e4nder und beobachten Sie, wie die farbigen Lichter durch Ihren Laserkristall scheinen und die Details im Inneren hervorheben. Verkaufen Sie viele weitere Kristallbl\u00f6cke, indem Sie Kristalle auf diese Weise pr\u00e4sentieren. Nat\u00fcrlich k\u00f6nnen Sie auch die St\u00e4nder verkaufen. Einige unserer gr\u00f6\u00dferen St\u00e4nder sind drehbar und eignen sich daher hervorragend als Verkaufshilfe. <\/p>\n<p><strong>Batterie nicht im Lieferumfang enthalten.<\/strong><\/p>\n","protected":false},"excerpt":{"rendered":"<p>LED-Kristallst\u00e4nder. Betonen Sie die Sch\u00f6nheit Ihrer Laserkristalle mit diesen hochwertigen LED-St\u00e4ndern. Stellen Sie Ihren Laserkristall auf den St\u00e4nder und beobachten Sie, wie die farbigen Lichter durch Ihren Laserkristall scheinen und die Details im Inneren hervorheben. Verkaufen Sie viele weitere Kristallbl\u00f6cke, indem Sie Kristalle auf diese Weise pr\u00e4sentieren. Nat\u00fcrlich k\u00f6nnen Sie auch die St\u00e4nder verkaufen. Einige [&hellip;]<\/p>\n","protected":false},"featured_media":331645,"comment_status":"closed","ping_status":"open","template":"","meta":[],"product_brand":[],"product_cat":[17269],"product_tag":[],"class_list":{"0":"post-233669","1":"product","2":"type-product","3":"status-publish","4":"has-post-thumbnail","6":"product_cat-esoterik-geschenke","7":"pa_made-in-china","9":"first","10":"instock","11":"purchasable","12":"product-type-simple"},"supplier_id":null,"supplier_sku":"TWSL-04","barcode":null,"atum_controlled":true,"out_stock_date":null,"out_stock_threshold":null,"inheritable":false,"inbound_stock":null,"stock_on_hold":0,"sold_today":0,"sales_last_days":0,"reserved_stock":null,"customer_returns":null,"warehouse_damage":null,"lost_in_post":null,"other_logs":null,"out_stock_days":0,"lost_sales":0,"has_location":null,"update_date":"2026-02-09T22:33:38","atum_locations":[],"atum_stock_status":"instock","restock_status":false,"low_stock_amount":"","sales_update_date":"2026-01-20T05:13:40","calc_backorders":null,"_links":{"self":[{"href":"https:\/\/aromasentia.com\/de\/wp-json\/wp\/v2\/product\/233669","targetHints":{"allow":["GET"]}}],"collection":[{"href":"https:\/\/aromasentia.com\/de\/wp-json\/wp\/v2\/product"}],"about":[{"href":"https:\/\/aromasentia.com\/de\/wp-json\/wp\/v2\/types\/product"}],"replies":[{"embeddable":true,"href":"https:\/\/aromasentia.com\/de\/wp-json\/wp\/v2\/comments?post=233669"}],"version-history":[{"count":0,"href":"https:\/\/aromasentia.com\/de\/wp-json\/wp\/v2\/product\/233669\/revisions"}],"wp:featuredmedia":[{"embeddable":true,"href":"https:\/\/aromasentia.com\/de\/wp-json\/wp\/v2\/media\/331645"}],"wp:attachment":[{"href":"https:\/\/aromasentia.com\/de\/wp-json\/wp\/v2\/media?parent=233669"}],"wp:term":[{"taxonomy":"product_brand","embeddable":true,"href":"https:\/\/aromasentia.com\/de\/wp-json\/wp\/v2\/product_brand?post=233669"},{"taxonomy":"product_cat","embeddable":true,"href":"https:\/\/aromasentia.com\/de\/wp-json\/wp\/v2\/product_cat?post=233669"},{"taxonomy":"product_tag","embeddable":true,"href":"https:\/\/aromasentia.com\/de\/wp-json\/wp\/v2\/product_tag?post=233669"}],"curies":[{"name":"wp","href":"https:\/\/api.w.org\/{rel}","templated":true}]}}