{"id":233661,"date":"2025-03-22T13:29:17","date_gmt":"2025-03-22T13:29:17","guid":{"rendered":"https:\/\/aromasentia.com\/product\/crystal-ball-on-stand-150mm\/"},"modified":"2025-12-30T20:14:05","modified_gmt":"2025-12-30T20:14:05","slug":"kristallkugel-auf-sockel-150mm","status":"publish","type":"product","link":"https:\/\/aromasentia.com\/de\/kristallkugel-auf-sockel-150mm\/","title":{"rendered":"Kristallkugel auf Sockel 150mm"},"content":{"rendered":"<p>Keiner wird die magische Kraft der Wahrsagerei mehr zugeschrieben als der einfachen Kristallkugel. Das Bild der wahrsagenden Zigeunerin, die in die Kugel blickt und die Zukunft vorhersagt, ist nur ein Aspekt dieses rein symbolischen Gegenstands.<\/p>\n<p>Sie wird im Buch der Offenbarung erw\u00e4hnt und in der Legende von K\u00f6nig Artus erw\u00e4hnt, der \u00fcber seine Kristallkugel den Rat und die Prophezeiungen des Zauberers Merlin suchte&#8230;<\/p>\n<p>Die im Mittelalter bekannten Wahrsager verehrten ihre Kristallkugel und gaben sie oft an ihre Lehrlinge weiter. Als Werkzeug, um das G\u00f6ttliche zu erreichen und mit ihm zu kommunizieren, wurden Kristalle schon immer in der Kommunikation verwendet, so wie sie es heute in Radios, Telefonen und Computern tun.<\/p>\n<p>Der Grund, warum Kristallkugeln zu wichtigen Werkzeugen wurden, liegt m\u00f6glicherweise in ihren inh\u00e4renten Eigenschaften der Transparenz und Symmetrie. Dar\u00fcber hinaus wird behauptet, dass die Energiefelder von Kristallen und Edelsteinen das, was der Wahrsager sieht, auf einer sehr subtilen und oft esoterischen Ebene beeinflussen.<\/p>\n<p>Warnung!<br \/>Es mag selbstverst\u00e4ndlich erscheinen, aber es ist erw\u00e4hnenswert, dass aufgrund der optischen Natur von Kristallkugeln eine geringe Brandgefahr besteht, wenn sie direktem Sonnenlicht ausgesetzt werden.<\/p>\n","protected":false},"excerpt":{"rendered":"<p>Keiner wird die magische Kraft der Wahrsagerei mehr zugeschrieben als der einfachen Kristallkugel. Das Bild der wahrsagenden Zigeunerin, die in die Kugel blickt und die Zukunft vorhersagt, ist nur ein Aspekt dieses rein symbolischen Gegenstands. Sie wird im Buch der Offenbarung erw\u00e4hnt und in der Legende von K\u00f6nig Artus erw\u00e4hnt, der \u00fcber seine Kristallkugel den [&hellip;]<\/p>\n","protected":false},"featured_media":331547,"comment_status":"closed","ping_status":"open","template":"","meta":{"_angie_page":false},"product_brand":[],"product_cat":[19600,14060],"product_tag":[],"class_list":{"0":"post-233661","1":"product","2":"type-product","3":"status-publish","4":"has-post-thumbnail","6":"product_cat-kristallkugeln","7":"product_cat-vintage-geschenke-und-souvenirs","8":"pa_collection-ancient-wisdom-crystal-balls-de","9":"pa_made-in-china","11":"first","12":"instock","13":"purchasable","14":"product-type-simple"},"supplier_id":null,"supplier_sku":"AWCball-09","barcode":null,"atum_controlled":true,"out_stock_date":null,"out_stock_threshold":null,"inheritable":false,"inbound_stock":null,"stock_on_hold":0,"sold_today":0,"sales_last_days":0,"reserved_stock":null,"customer_returns":null,"warehouse_damage":null,"lost_in_post":null,"other_logs":null,"out_stock_days":0,"lost_sales":0,"has_location":null,"update_date":"2026-04-27T06:51:44","atum_locations":[],"atum_stock_status":"instock","restock_status":false,"low_stock_amount":"","sales_update_date":"2025-10-09T03:24:08","calc_backorders":null,"_links":{"self":[{"href":"https:\/\/aromasentia.com\/de\/wp-json\/wp\/v2\/product\/233661","targetHints":{"allow":["GET"]}}],"collection":[{"href":"https:\/\/aromasentia.com\/de\/wp-json\/wp\/v2\/product"}],"about":[{"href":"https:\/\/aromasentia.com\/de\/wp-json\/wp\/v2\/types\/product"}],"replies":[{"embeddable":true,"href":"https:\/\/aromasentia.com\/de\/wp-json\/wp\/v2\/comments?post=233661"}],"version-history":[{"count":0,"href":"https:\/\/aromasentia.com\/de\/wp-json\/wp\/v2\/product\/233661\/revisions"}],"wp:featuredmedia":[{"embeddable":true,"href":"https:\/\/aromasentia.com\/de\/wp-json\/wp\/v2\/media\/331547"}],"wp:attachment":[{"href":"https:\/\/aromasentia.com\/de\/wp-json\/wp\/v2\/media?parent=233661"}],"wp:term":[{"taxonomy":"product_brand","embeddable":true,"href":"https:\/\/aromasentia.com\/de\/wp-json\/wp\/v2\/product_brand?post=233661"},{"taxonomy":"product_cat","embeddable":true,"href":"https:\/\/aromasentia.com\/de\/wp-json\/wp\/v2\/product_cat?post=233661"},{"taxonomy":"product_tag","embeddable":true,"href":"https:\/\/aromasentia.com\/de\/wp-json\/wp\/v2\/product_tag?post=233661"}],"curies":[{"name":"wp","href":"https:\/\/api.w.org\/{rel}","templated":true}]}}