{"id":233629,"date":"2025-03-22T13:29:24","date_gmt":"2025-03-22T13:29:24","guid":{"rendered":"https:\/\/aromasentia.com\/product\/crystal-glass-tea-infuser-bottle-rose-gold-onyx\/"},"modified":"2025-12-30T20:13:57","modified_gmt":"2025-12-30T20:13:57","slug":"kristallglas-tee-ei-flasche-rosagold-onyx","status":"publish","type":"product","link":"https:\/\/aromasentia.com\/de\/kristallglas-tee-ei-flasche-rosagold-onyx\/","title":{"rendered":"Kristallglas-Tee-Ei-Flasche \u2013 Ros\u00c3\u00a9gold \u2013 Onyx"},"content":{"rendered":"<p><a href=\"https:\/\/aromasentia.com\/crystal-glass-tea-infuser-bottles\"><strong><span style=\"color: rgb(75, 80, 88);\">Das Tee-Ei aus Kristallglas<\/span><\/strong><\/a><span style=\"color: rgb(75, 80, 88);\">ist sch\u00f6n und funktional. Damit k\u00f6nnen Ihre Kunden ihren Lieblings-Loseblatt-Tee auch unterwegs genie\u00dfen. Die Flasche besteht aus hochwertigem Borosilikatglas, das langlebig und widerstandsf\u00e4hig ist.<\/span><\/p>\n<p><span style=\"color: rgb(75, 80, 88);\">Das Edelstahl-Sieb ist abnehmbar, sodass es leicht zu reinigen und mit Ihrem Lieblingstee nachzuf\u00fcllen ist.<\/span><\/p>\n<p><span style=\"color: rgb(75, 80, 88);\">Die Tee-Siebflasche aus Kristallglas hat einen ros\u00e9goldenen Deckel, der sicher aufgeschraubt werden kann, um Auslaufen und Versch\u00fctten zu verhindern. Im Set ist auch eine Neoprenh\u00fclle enthalten.<\/span><\/p>\n<p><span style=\"color: rgb(75, 80, 88);\">Die schwarzen Onyxsteine in der Flasche sorgen f\u00fcr eine sch\u00f6ne und beruhigende \u00c4sthetik. Schwarzer Onyx wird als Stein der Zauberer bezeichnet. Er sorgt f\u00fcr das Gleichgewicht von Seele und K\u00f6rper. Die Steine werden sicher im Flaschenboden gehalten und verleihen dem Gesamtdesign eine sch\u00f6ne Note.<\/span><\/p>\n<p><span style=\"color: rgb(75, 80, 88);\"><strong>Einfach<\/strong><strong>zu verwenden, leicht zu reinigen und verleiht dem Teetrinken einen Hauch von Eleganz.<\/strong><\/span><\/p>\n<p><span style=\"color: rgb(75, 80, 88);\">BPA-frei \u2013 mit praktischer Neoprenh\u00fclle \u2013 500 ml \u2013 herausnehmbares Teesieb<\/span><\/p>\n<p><span style=\"color: rgb(184, 49, 47);\"><strong>VORSICHT: Die Flasche wird nach dem Eingie\u00dfen von hei\u00dfem Wasser ziemlich hei\u00df. Aus Sicherheitsgr\u00fcnden mit einer Abdeckung verwenden.<\/strong><\/span><\/p>\n<p><a href=\"https:\/\/aromasentia.com\/artisan-tea-blends-50g\"><span style=\"color: rgb(75, 80, 88);\"><strong>Kaufen Sie mit unseren Artisan Tea Blends.<\/strong><\/span><\/a><\/p>\n","protected":false},"excerpt":{"rendered":"<p>Das Tee-Ei aus Kristallglasist sch\u00f6n und funktional. Damit k\u00f6nnen Ihre Kunden ihren Lieblings-Loseblatt-Tee auch unterwegs genie\u00dfen. Die Flasche besteht aus hochwertigem Borosilikatglas, das langlebig und widerstandsf\u00e4hig ist. Das Edelstahl-Sieb ist abnehmbar, sodass es leicht zu reinigen und mit Ihrem Lieblingstee nachzuf\u00fcllen ist. Die Tee-Siebflasche aus Kristallglas hat einen ros\u00e9goldenen Deckel, der sicher aufgeschraubt werden kann, [&hellip;]<\/p>\n","protected":false},"featured_media":333644,"comment_status":"closed","ping_status":"open","template":"","meta":{"_angie_page":false},"product_brand":[],"product_cat":[25223,19268,17269,25698,25041],"product_tag":[],"class_list":{"0":"post-233629","1":"product","2":"type-product","3":"status-publish","4":"has-post-thumbnail","6":"product_cat-edelsteine-mineralien","7":"product_cat-edelsteinschmuck-und-accessoires","8":"product_cat-esoterik-geschenke","9":"product_cat-onyx","10":"product_cat-tee-und-teezubehor","11":"pa_collection-crystal-glass-tea-infuser-bottles-de","12":"pa_made-in-china","14":"first","15":"instock","16":"purchasable","17":"product-type-simple"},"supplier_id":null,"supplier_sku":"CGTIB-05","barcode":null,"atum_controlled":true,"out_stock_date":null,"out_stock_threshold":null,"inheritable":false,"inbound_stock":null,"stock_on_hold":0,"sold_today":0,"sales_last_days":0,"reserved_stock":null,"customer_returns":null,"warehouse_damage":null,"lost_in_post":null,"other_logs":null,"out_stock_days":0,"lost_sales":0,"has_location":null,"update_date":"2026-04-27T06:56:56","atum_locations":[],"atum_stock_status":"instock","restock_status":false,"low_stock_amount":"","sales_update_date":"2025-10-09T03:27:45","calc_backorders":null,"_links":{"self":[{"href":"https:\/\/aromasentia.com\/de\/wp-json\/wp\/v2\/product\/233629","targetHints":{"allow":["GET"]}}],"collection":[{"href":"https:\/\/aromasentia.com\/de\/wp-json\/wp\/v2\/product"}],"about":[{"href":"https:\/\/aromasentia.com\/de\/wp-json\/wp\/v2\/types\/product"}],"replies":[{"embeddable":true,"href":"https:\/\/aromasentia.com\/de\/wp-json\/wp\/v2\/comments?post=233629"}],"version-history":[{"count":0,"href":"https:\/\/aromasentia.com\/de\/wp-json\/wp\/v2\/product\/233629\/revisions"}],"wp:featuredmedia":[{"embeddable":true,"href":"https:\/\/aromasentia.com\/de\/wp-json\/wp\/v2\/media\/333644"}],"wp:attachment":[{"href":"https:\/\/aromasentia.com\/de\/wp-json\/wp\/v2\/media?parent=233629"}],"wp:term":[{"taxonomy":"product_brand","embeddable":true,"href":"https:\/\/aromasentia.com\/de\/wp-json\/wp\/v2\/product_brand?post=233629"},{"taxonomy":"product_cat","embeddable":true,"href":"https:\/\/aromasentia.com\/de\/wp-json\/wp\/v2\/product_cat?post=233629"},{"taxonomy":"product_tag","embeddable":true,"href":"https:\/\/aromasentia.com\/de\/wp-json\/wp\/v2\/product_tag?post=233629"}],"curies":[{"name":"wp","href":"https:\/\/api.w.org\/{rel}","templated":true}]}}