{"id":233605,"date":"2025-03-22T13:29:24","date_gmt":"2025-03-22T13:29:24","guid":{"rendered":"https:\/\/aromasentia.com\/product\/gemstone-essential-oil-roller-bottle-rock-quartz-silver-cap-gemstone-roller-tip-for-5ml-bottle-rock-quartz\/"},"modified":"2025-12-30T20:13:48","modified_gmt":"2025-12-30T20:13:48","slug":"edelstein-rollerflasche-fuer-aetherische-oele-bergquarz-silber-kappe","status":"publish","type":"product","link":"https:\/\/aromasentia.com\/de\/edelstein-rollerflasche-fuer-aetherische-oele-bergquarz-silber-kappe\/","title":{"rendered":"Edelstein-Rollerflasche f\u00fcr \u00e4therische \u00d6le \u2013 Bergquarz \u2013 Silber Kappe"},"content":{"rendered":"<p>Mit der Roll-on-Flasche lassen sich die \u00d6le pr\u00e4zise und leicht auf die Haut auftragen. Die Kugel ist aus glatt poliertem Bergquarz gefertigt. Die Steine im Inneren sorgen f\u00fcr einen einzigartigen visuellen Effekt und sollen die Wirkung der Mischung verst\u00e4rken.<\/p>\n<p><strong>Steinquarz<\/strong> werden heilende Eigenschaften nachgesagt, wie die F\u00f6rderung des emotionalen Gleichgewichts und die Verbesserung der Intuition und Entscheidungsfindung. Er soll auch ein Stein der Klarheit sein, der hilft, den Geist zu kl\u00e4ren und das spirituelle Wachstum zu f\u00f6rdern.<\/p>\n<p>F\u00fcllen Sie diese <strong>Edelstein-Rollerflaschen<\/strong> mit allem, von dem Sie wissen, dass es sich gut verkaufen wird. Sie sind perfekt f\u00fcr die Verwendung von \u00e4therischen \u00d6len, Duft\u00f6len, DIY-Probenmischungen, Essenzen, Aromatherapie und anderen Fl\u00fcssigkeiten.<\/p>\n","protected":false},"excerpt":{"rendered":"<p>Mit der Roll-on-Flasche lassen sich die \u00d6le pr\u00e4zise und leicht auf die Haut auftragen. Die Kugel ist aus glatt poliertem Bergquarz gefertigt. Die Steine im Inneren sorgen f\u00fcr einen einzigartigen visuellen Effekt und sollen die Wirkung der Mischung verst\u00e4rken. Steinquarz werden heilende Eigenschaften nachgesagt, wie die F\u00f6rderung des emotionalen Gleichgewichts und die Verbesserung der Intuition [&hellip;]<\/p>\n","protected":false},"featured_media":333398,"comment_status":"closed","ping_status":"open","template":"","meta":{"_angie_page":false},"product_brand":[],"product_cat":[16543,25223,19268,17269,25735],"product_tag":[],"class_list":{"0":"post-233605","1":"product","2":"type-product","3":"status-publish","4":"has-post-thumbnail","6":"product_cat-aromaflaschen-und-zubehor","7":"product_cat-edelsteine-mineralien","8":"product_cat-edelsteinschmuck-und-accessoires","9":"product_cat-esoterik-geschenke","10":"product_cat-quarz","11":"pa_collection-gemstone-roller-bottles-and-balls-de","12":"pa_made-in-china","14":"first","15":"instock","16":"purchasable","17":"product-type-simple"},"supplier_id":null,"supplier_sku":"CGRB-13","barcode":null,"atum_controlled":true,"out_stock_date":null,"out_stock_threshold":null,"inheritable":false,"inbound_stock":null,"stock_on_hold":0,"sold_today":0,"sales_last_days":0,"reserved_stock":null,"customer_returns":null,"warehouse_damage":null,"lost_in_post":null,"other_logs":null,"out_stock_days":0,"lost_sales":0,"has_location":null,"update_date":"2026-04-27T06:56:56","atum_locations":[],"atum_stock_status":"instock","restock_status":false,"low_stock_amount":"","sales_update_date":"2025-10-09T03:27:45","calc_backorders":null,"_links":{"self":[{"href":"https:\/\/aromasentia.com\/de\/wp-json\/wp\/v2\/product\/233605","targetHints":{"allow":["GET"]}}],"collection":[{"href":"https:\/\/aromasentia.com\/de\/wp-json\/wp\/v2\/product"}],"about":[{"href":"https:\/\/aromasentia.com\/de\/wp-json\/wp\/v2\/types\/product"}],"replies":[{"embeddable":true,"href":"https:\/\/aromasentia.com\/de\/wp-json\/wp\/v2\/comments?post=233605"}],"version-history":[{"count":0,"href":"https:\/\/aromasentia.com\/de\/wp-json\/wp\/v2\/product\/233605\/revisions"}],"wp:featuredmedia":[{"embeddable":true,"href":"https:\/\/aromasentia.com\/de\/wp-json\/wp\/v2\/media\/333398"}],"wp:attachment":[{"href":"https:\/\/aromasentia.com\/de\/wp-json\/wp\/v2\/media?parent=233605"}],"wp:term":[{"taxonomy":"product_brand","embeddable":true,"href":"https:\/\/aromasentia.com\/de\/wp-json\/wp\/v2\/product_brand?post=233605"},{"taxonomy":"product_cat","embeddable":true,"href":"https:\/\/aromasentia.com\/de\/wp-json\/wp\/v2\/product_cat?post=233605"},{"taxonomy":"product_tag","embeddable":true,"href":"https:\/\/aromasentia.com\/de\/wp-json\/wp\/v2\/product_tag?post=233605"}],"curies":[{"name":"wp","href":"https:\/\/api.w.org\/{rel}","templated":true}]}}