{"id":233593,"date":"2025-03-22T13:29:24","date_gmt":"2025-03-22T13:29:24","guid":{"rendered":"https:\/\/aromasentia.com\/product\/gemstone-essential-oil-roller-bottle-rose-quartz-silver-cap-gemstone-roller-tip-for-5ml-bottle-rose-quartz\/"},"modified":"2025-12-30T20:13:48","modified_gmt":"2025-12-30T20:13:48","slug":"edelstein-rollerflasche-fuer-aetherische-oele-rosenquarz-silber-kappe","status":"publish","type":"product","link":"https:\/\/aromasentia.com\/de\/edelstein-rollerflasche-fuer-aetherische-oele-rosenquarz-silber-kappe\/","title":{"rendered":"Edelstein-Rollerflasche f\u00fcr \u00e4therische \u00d6le \u2013 Rosenquarz \u2013 Silber Kappe"},"content":{"rendered":"<p>Mit dem Roll-on-Fl\u00e4schchen lassen sich die \u00d6le pr\u00e4zise und leicht auf die Haut auftragen. Die Kugel ist aus glatt poliertem Rosenquarz gefertigt. Die im Inneren platzierten Steine sorgen f\u00fcr einen einzigartigen visuellen Effekt, es wird auch angenommen, dass sie die Wirkung der gegebenen Mischung verst\u00e4rken.<\/p>\n<p><strong>Rosenquarz<\/strong> wird der Stein der Liebe genannt, er bringt ein Gef\u00fchl von Frieden und Ruhe. Er hilft, inneren Frieden und Ausgeglichenheit zu erlangen.<\/p>\n<p>F\u00fcllen Sie diese <strong>Edelstein-Rollerflaschen<\/strong> mit allem, von dem Sie wissen, dass es sich gut verkaufen wird. Sie sind perfekt f\u00fcr die Verwendung von \u00e4therischen \u00d6len, Duft\u00f6len, DIY-Probenmischungen, Essenzen, Aromatherapie und anderen Fl\u00fcssigkeiten.<\/p>\n<p>><\/p>\n","protected":false},"excerpt":{"rendered":"<p>Mit dem Roll-on-Fl\u00e4schchen lassen sich die \u00d6le pr\u00e4zise und leicht auf die Haut auftragen. Die Kugel ist aus glatt poliertem Rosenquarz gefertigt. Die im Inneren platzierten Steine sorgen f\u00fcr einen einzigartigen visuellen Effekt, es wird auch angenommen, dass sie die Wirkung der gegebenen Mischung verst\u00e4rken. Rosenquarz wird der Stein der Liebe genannt, er bringt ein [&hellip;]<\/p>\n","protected":false},"featured_media":333275,"comment_status":"closed","ping_status":"open","template":"","meta":{"_angie_page":false},"product_brand":[],"product_cat":[16543,25223,19268,17269,25735,25752],"product_tag":[],"class_list":{"0":"post-233593","1":"product","2":"type-product","3":"status-publish","4":"has-post-thumbnail","6":"product_cat-aromaflaschen-und-zubehor","7":"product_cat-edelsteine-mineralien","8":"product_cat-edelsteinschmuck-und-accessoires","9":"product_cat-esoterik-geschenke","10":"product_cat-quarz","11":"product_cat-rosenquarz","12":"pa_collection-gemstone-roller-bottles-and-balls-de","13":"pa_made-in-china","15":"first","16":"instock","17":"purchasable","18":"product-type-simple"},"supplier_id":null,"supplier_sku":"CGRB-10","barcode":null,"atum_controlled":true,"out_stock_date":null,"out_stock_threshold":null,"inheritable":false,"inbound_stock":null,"stock_on_hold":0,"sold_today":0,"sales_last_days":0,"reserved_stock":null,"customer_returns":null,"warehouse_damage":null,"lost_in_post":null,"other_logs":null,"out_stock_days":0,"lost_sales":0,"has_location":null,"update_date":"2026-04-27T06:56:56","atum_locations":[],"atum_stock_status":"instock","restock_status":false,"low_stock_amount":"","sales_update_date":"2026-01-30T01:26:21","calc_backorders":null,"_links":{"self":[{"href":"https:\/\/aromasentia.com\/de\/wp-json\/wp\/v2\/product\/233593","targetHints":{"allow":["GET"]}}],"collection":[{"href":"https:\/\/aromasentia.com\/de\/wp-json\/wp\/v2\/product"}],"about":[{"href":"https:\/\/aromasentia.com\/de\/wp-json\/wp\/v2\/types\/product"}],"replies":[{"embeddable":true,"href":"https:\/\/aromasentia.com\/de\/wp-json\/wp\/v2\/comments?post=233593"}],"version-history":[{"count":0,"href":"https:\/\/aromasentia.com\/de\/wp-json\/wp\/v2\/product\/233593\/revisions"}],"wp:featuredmedia":[{"embeddable":true,"href":"https:\/\/aromasentia.com\/de\/wp-json\/wp\/v2\/media\/333275"}],"wp:attachment":[{"href":"https:\/\/aromasentia.com\/de\/wp-json\/wp\/v2\/media?parent=233593"}],"wp:term":[{"taxonomy":"product_brand","embeddable":true,"href":"https:\/\/aromasentia.com\/de\/wp-json\/wp\/v2\/product_brand?post=233593"},{"taxonomy":"product_cat","embeddable":true,"href":"https:\/\/aromasentia.com\/de\/wp-json\/wp\/v2\/product_cat?post=233593"},{"taxonomy":"product_tag","embeddable":true,"href":"https:\/\/aromasentia.com\/de\/wp-json\/wp\/v2\/product_tag?post=233593"}],"curies":[{"name":"wp","href":"https:\/\/api.w.org\/{rel}","templated":true}]}}