{"id":233521,"date":"2025-03-22T13:29:24","date_gmt":"2025-03-22T13:29:24","guid":{"rendered":"https:\/\/aromasentia.com\/product\/calcite-geodes-3-4-cm\/"},"modified":"2025-12-30T20:13:32","modified_gmt":"2025-12-30T20:13:32","slug":"calcit-geoden-3-4-cm","status":"publish","type":"product","link":"https:\/\/aromasentia.com\/de\/calcit-geoden-3-4-cm\/","title":{"rendered":"Calcit-Geoden &#8211; 3-4 cm"},"content":{"rendered":"<p>Eine wundersch\u00f6ne Geode gef\u00fcllt mit Kalzit- und Quarzkristallen aus Marokko, direkt aus Mutter Erde. Geoden sehen toll aus, wenn man sie aufschl\u00e4gt. Sie lassen sich leicht \u00f6ffnen, da sie hohler sind als andere Geoden. Sie neigen auch dazu, mehr Kristalle zu produzieren. Eine Geode ist ein runder Stein mit einem hohlen, mit Kristallen ausgekleideten Hohlraum. Steine sind vollst\u00e4ndig mit kleinen, kompakten Kristallen gef\u00fcllt. Kalzit ist ein Karbonatmineral und die stabilste Polymorphie von Calciumcarbonat. Kalzit soll das Denken verst\u00e4rken, das Ged\u00e4chtnis und die intellektuellen F\u00e4higkeiten verbessern sowie geistiges Wachstum und Entwicklung f\u00f6rdern. Kleine Geoden wie (Nummer 5) werden oft in Scherzartikel- und Wissenschaftsl\u00e4den an Leute verkauft, die das Erlebnis des \u00d6ffnens einer Geode selbst erleben m\u00f6chten. Sie m\u00f6chten die Ersten sein, die den Schatz im Inneren sehen. Die Gr\u00f6\u00dfe, Form und Farbe des Produkts, das Sie erhalten, kann geringf\u00fcgig von dem auf dem Bild gezeigten Produkt abweichen.<\/p>\n","protected":false},"excerpt":{"rendered":"<p>Eine wundersch\u00f6ne Geode gef\u00fcllt mit Kalzit- und Quarzkristallen aus Marokko, direkt aus Mutter Erde. Geoden sehen toll aus, wenn man sie aufschl\u00e4gt. Sie lassen sich leicht \u00f6ffnen, da sie hohler sind als andere Geoden. Sie neigen auch dazu, mehr Kristalle zu produzieren. Eine Geode ist ein runder Stein mit einem hohlen, mit Kristallen ausgekleideten Hohlraum. [&hellip;]<\/p>\n","protected":false},"featured_media":332705,"comment_status":"closed","ping_status":"open","template":"","meta":{"_angie_page":false},"product_brand":[],"product_cat":[25223,17269,25575,18942],"product_tag":[],"class_list":{"0":"post-233521","1":"product","2":"type-product","3":"status-publish","4":"has-post-thumbnail","6":"product_cat-edelsteine-mineralien","7":"product_cat-esoterik-geschenke","8":"product_cat-kalzit","9":"product_cat-trommelsteine","10":"pa_collection-calcite-geodes-de","11":"pa_made-in-marokko","13":"first","14":"instock","15":"purchasable","16":"product-type-simple"},"supplier_id":null,"supplier_sku":"CGeo-01","barcode":null,"atum_controlled":true,"out_stock_date":null,"out_stock_threshold":null,"inheritable":false,"inbound_stock":null,"stock_on_hold":0,"sold_today":0,"sales_last_days":0,"reserved_stock":null,"customer_returns":null,"warehouse_damage":null,"lost_in_post":null,"other_logs":null,"out_stock_days":0,"lost_sales":0,"has_location":null,"update_date":"2026-04-27T06:56:38","atum_locations":[],"atum_stock_status":"instock","restock_status":false,"low_stock_amount":"","sales_update_date":"2026-01-30T01:24:38","calc_backorders":null,"_links":{"self":[{"href":"https:\/\/aromasentia.com\/de\/wp-json\/wp\/v2\/product\/233521","targetHints":{"allow":["GET"]}}],"collection":[{"href":"https:\/\/aromasentia.com\/de\/wp-json\/wp\/v2\/product"}],"about":[{"href":"https:\/\/aromasentia.com\/de\/wp-json\/wp\/v2\/types\/product"}],"replies":[{"embeddable":true,"href":"https:\/\/aromasentia.com\/de\/wp-json\/wp\/v2\/comments?post=233521"}],"version-history":[{"count":0,"href":"https:\/\/aromasentia.com\/de\/wp-json\/wp\/v2\/product\/233521\/revisions"}],"wp:featuredmedia":[{"embeddable":true,"href":"https:\/\/aromasentia.com\/de\/wp-json\/wp\/v2\/media\/332705"}],"wp:attachment":[{"href":"https:\/\/aromasentia.com\/de\/wp-json\/wp\/v2\/media?parent=233521"}],"wp:term":[{"taxonomy":"product_brand","embeddable":true,"href":"https:\/\/aromasentia.com\/de\/wp-json\/wp\/v2\/product_brand?post=233521"},{"taxonomy":"product_cat","embeddable":true,"href":"https:\/\/aromasentia.com\/de\/wp-json\/wp\/v2\/product_cat?post=233521"},{"taxonomy":"product_tag","embeddable":true,"href":"https:\/\/aromasentia.com\/de\/wp-json\/wp\/v2\/product_tag?post=233521"}],"curies":[{"name":"wp","href":"https:\/\/api.w.org\/{rel}","templated":true}]}}