{"id":233517,"date":"2025-03-22T13:29:24","date_gmt":"2025-03-22T13:29:24","guid":{"rendered":"https:\/\/aromasentia.com\/product\/crafted-natural-quartz-cluster-clear-quartz-approx-250-300gm-8cm\/"},"modified":"2025-06-28T21:35:22","modified_gmt":"2025-06-28T21:35:22","slug":"handgefertigter-natuerlicher-quarzcluster-klarer-quarz-ca-250-300-g-8-cm","status":"publish","type":"product","link":"https:\/\/aromasentia.com\/de\/handgefertigter-natuerlicher-quarzcluster-klarer-quarz-ca-250-300-g-8-cm\/","title":{"rendered":"Handgefertigter nat\u00fcrlicher Quarzcluster \u2013 klarer Quarz (ca. 250\u2013300 g, 8 cm)"},"content":{"rendered":"<h6>Wholesale Crafted Natural Quartz Cluster &#8211; Clear Quartz<\/h6>\n<p>Klarer Quarz wird in der Welt der Kristalle oft als der &quot;Meisterheiler&quot; bezeichnet. Seine vielseitige und kraftvolle Energie soll die Eigenschaften anderer Steine verst\u00e4rken. Jeder klare Quarzcluster ist ein atemberaubendes Beispiel f\u00fcr die Sch\u00f6nheit der Natur und zeigt die Klarheit und Eleganz, die ihn bei Kristallliebhabern und Sammlern so begehrt macht.<\/p>\n<p>Klarer Quarz ist f\u00fcr sein reines und transparentes Aussehen bekannt und reflektiert das Licht wundersch\u00f6n, so dass er jeden Raum aufwertet.<\/p>\n<p>Ideal f\u00fcr Heimdekoration, Kristallheilung, Meditationspraktiken oder als Mittelst\u00fcck in jeder Kristallsammlung. Diese Quarzcluster verleihen jeder Umgebung einen Hauch von Eleganz und positiver Energie. Kaufen Sie jetzt und bieten Sie Ihren Kunden die zeitlose Anziehungskraft und die Vorteile von klarem Quarz. Ideal f\u00fcr Verk\u00e4ufer, die ihrer Produktlinie einen Hauch von nat\u00fcrlicher Eleganz und heilenden Eigenschaften verleihen m\u00f6chten.<\/p>\n","protected":false},"excerpt":{"rendered":"<p>Wholesale Crafted Natural Quartz Cluster &#8211; Clear Quartz Klarer Quarz wird in der Welt der Kristalle oft als der &quot;Meisterheiler&quot; bezeichnet. Seine vielseitige und kraftvolle Energie soll die Eigenschaften anderer Steine verst\u00e4rken. Jeder klare Quarzcluster ist ein atemberaubendes Beispiel f\u00fcr die Sch\u00f6nheit der Natur und zeigt die Klarheit und Eleganz, die ihn bei Kristallliebhabern und [&hellip;]<\/p>\n","protected":false},"featured_media":332688,"comment_status":"closed","ping_status":"open","template":"","meta":{"_angie_page":false},"product_brand":[],"product_cat":[25223,17269,25735,18942],"product_tag":[],"class_list":{"0":"post-233517","1":"product","2":"type-product","3":"status-publish","4":"has-post-thumbnail","6":"product_cat-edelsteine-mineralien","7":"product_cat-esoterik-geschenke","8":"product_cat-quarz","9":"product_cat-trommelsteine","10":"pa_collection-coloured-calcite-geodes-de","11":"pa_made-in-china","13":"first","14":"instock","15":"purchasable","16":"product-type-simple"},"supplier_id":null,"supplier_sku":"CCGeo-17","barcode":null,"atum_controlled":true,"out_stock_date":null,"out_stock_threshold":null,"inheritable":false,"inbound_stock":null,"stock_on_hold":0,"sold_today":0,"sales_last_days":0,"reserved_stock":null,"customer_returns":null,"warehouse_damage":null,"lost_in_post":null,"other_logs":null,"out_stock_days":0,"lost_sales":0,"has_location":null,"update_date":"2026-04-27T06:56:18","atum_locations":[],"atum_stock_status":"instock","restock_status":false,"low_stock_amount":"","sales_update_date":"2026-01-30T01:24:38","calc_backorders":null,"_links":{"self":[{"href":"https:\/\/aromasentia.com\/de\/wp-json\/wp\/v2\/product\/233517","targetHints":{"allow":["GET"]}}],"collection":[{"href":"https:\/\/aromasentia.com\/de\/wp-json\/wp\/v2\/product"}],"about":[{"href":"https:\/\/aromasentia.com\/de\/wp-json\/wp\/v2\/types\/product"}],"replies":[{"embeddable":true,"href":"https:\/\/aromasentia.com\/de\/wp-json\/wp\/v2\/comments?post=233517"}],"version-history":[{"count":0,"href":"https:\/\/aromasentia.com\/de\/wp-json\/wp\/v2\/product\/233517\/revisions"}],"wp:featuredmedia":[{"embeddable":true,"href":"https:\/\/aromasentia.com\/de\/wp-json\/wp\/v2\/media\/332688"}],"wp:attachment":[{"href":"https:\/\/aromasentia.com\/de\/wp-json\/wp\/v2\/media?parent=233517"}],"wp:term":[{"taxonomy":"product_brand","embeddable":true,"href":"https:\/\/aromasentia.com\/de\/wp-json\/wp\/v2\/product_brand?post=233517"},{"taxonomy":"product_cat","embeddable":true,"href":"https:\/\/aromasentia.com\/de\/wp-json\/wp\/v2\/product_cat?post=233517"},{"taxonomy":"product_tag","embeddable":true,"href":"https:\/\/aromasentia.com\/de\/wp-json\/wp\/v2\/product_tag?post=233517"}],"curies":[{"name":"wp","href":"https:\/\/api.w.org\/{rel}","templated":true}]}}