{"id":233469,"date":"2025-03-22T13:29:24","date_gmt":"2025-03-22T13:29:24","guid":{"rendered":"https:\/\/aromasentia.com\/product\/coloured-calsite-geodes-natural-rock-pink-gold\/"},"modified":"2025-12-30T20:13:23","modified_gmt":"2025-12-30T20:13:23","slug":"farbige-calcit-geoden-schwarzer-stein-rosa-gold","status":"publish","type":"product","link":"https:\/\/aromasentia.com\/de\/farbige-calcit-geoden-schwarzer-stein-rosa-gold\/","title":{"rendered":"Farbige Calcit-Geoden &#8211; Schwarzer Stein &#8211; Rosa &#038; Gold"},"content":{"rendered":"<p><span style=\"color: rgb(75, 80, 88);\">Diese wundersch\u00f6ne <strong>Calcit-Geode &#8211; Naturstein &#8211; Pink &amp; Gold<\/strong> offenbart ihre Farbe nach dem \u00d6ffnen. Die darin gebildeten Kristalle sind pr\u00e4chtig.<\/span><\/p>\n<p><span style=\"color: rgb(75, 80, 88);\">Geoden sind hohle Steine, in deren Inneren sich Kristalle gebildet haben. Jede Geode ist daher absolut einzigartig und das Ergebnis eines sehr langen Kristallisationsprozesses.<\/span><\/p>\n<p><span style=\"color: rgb(75, 80, 88);\">Geoden k\u00f6nnen schwer zu finden sein, da sie \u00e4u\u00dferlich schwer zu erkennen und leichter als massive Steine sind.<\/span><\/p>\n<p><span style=\"color: rgb(75, 80, 88);\">Sie eignen sich perfekt als Dekorationsobjekte, zum Beispiel zum Sammeln und offenen Ausstellen. Geoden liegen immer noch im Trend und lassen sich superleicht verkaufen.&nbsp;<\/span><\/p>\n<p><span style=\"color: rgb(75, 80, 88);\">NB: Die Kristalle im Inneren der Geode sind bemalt.<\/span><\/p>\n<p><span style=\"color: rgb(141, 186, 216);\"><strong>Bestellen Sie jetzt und sehen Sie zu, wie sie weggehen.<\/strong><\/span><\/p>\n","protected":false},"excerpt":{"rendered":"<p>Diese wundersch\u00f6ne Calcit-Geode &#8211; Naturstein &#8211; Pink &amp; Gold offenbart ihre Farbe nach dem \u00d6ffnen. Die darin gebildeten Kristalle sind pr\u00e4chtig. Geoden sind hohle Steine, in deren Inneren sich Kristalle gebildet haben. Jede Geode ist daher absolut einzigartig und das Ergebnis eines sehr langen Kristallisationsprozesses. Geoden k\u00f6nnen schwer zu finden sein, da sie \u00e4u\u00dferlich schwer [&hellip;]<\/p>\n","protected":false},"featured_media":332236,"comment_status":"closed","ping_status":"open","template":"","meta":{"_angie_page":false},"product_brand":[],"product_cat":[17269,18942],"product_tag":[],"class_list":{"0":"post-233469","1":"product","2":"type-product","3":"status-publish","4":"has-post-thumbnail","6":"product_cat-esoterik-geschenke","7":"product_cat-trommelsteine","8":"pa_collection-coloured-calcite-geodes-de","9":"pa_made-in-marokko","11":"first","12":"instock","13":"purchasable","14":"product-type-simple"},"supplier_id":null,"supplier_sku":"CCGeo-05","barcode":null,"atum_controlled":true,"out_stock_date":null,"out_stock_threshold":null,"inheritable":false,"inbound_stock":null,"stock_on_hold":0,"sold_today":0,"sales_last_days":0,"reserved_stock":null,"customer_returns":null,"warehouse_damage":null,"lost_in_post":null,"other_logs":null,"out_stock_days":0,"lost_sales":0,"has_location":null,"update_date":"2026-04-27T06:56:10","atum_locations":[],"atum_stock_status":"instock","restock_status":false,"low_stock_amount":"","sales_update_date":"2026-01-20T05:13:43","calc_backorders":null,"_links":{"self":[{"href":"https:\/\/aromasentia.com\/de\/wp-json\/wp\/v2\/product\/233469","targetHints":{"allow":["GET"]}}],"collection":[{"href":"https:\/\/aromasentia.com\/de\/wp-json\/wp\/v2\/product"}],"about":[{"href":"https:\/\/aromasentia.com\/de\/wp-json\/wp\/v2\/types\/product"}],"replies":[{"embeddable":true,"href":"https:\/\/aromasentia.com\/de\/wp-json\/wp\/v2\/comments?post=233469"}],"version-history":[{"count":0,"href":"https:\/\/aromasentia.com\/de\/wp-json\/wp\/v2\/product\/233469\/revisions"}],"wp:featuredmedia":[{"embeddable":true,"href":"https:\/\/aromasentia.com\/de\/wp-json\/wp\/v2\/media\/332236"}],"wp:attachment":[{"href":"https:\/\/aromasentia.com\/de\/wp-json\/wp\/v2\/media?parent=233469"}],"wp:term":[{"taxonomy":"product_brand","embeddable":true,"href":"https:\/\/aromasentia.com\/de\/wp-json\/wp\/v2\/product_brand?post=233469"},{"taxonomy":"product_cat","embeddable":true,"href":"https:\/\/aromasentia.com\/de\/wp-json\/wp\/v2\/product_cat?post=233469"},{"taxonomy":"product_tag","embeddable":true,"href":"https:\/\/aromasentia.com\/de\/wp-json\/wp\/v2\/product_tag?post=233469"}],"curies":[{"name":"wp","href":"https:\/\/api.w.org\/{rel}","templated":true}]}}