{"id":233449,"date":"2025-03-22T13:29:24","date_gmt":"2025-03-22T13:29:24","guid":{"rendered":"https:\/\/aromasentia.com\/product\/chakra-spheres-40-50mm\/"},"modified":"2025-12-30T20:13:23","modified_gmt":"2025-12-30T20:13:23","slug":"chakra-spheres-40-50mm","status":"publish","type":"product","link":"https:\/\/aromasentia.com\/de\/chakra-spheres-40-50mm\/","title":{"rendered":"Chakra Spheres 40-50mm"},"content":{"rendered":"<p><span style=\"color: rgb(75, 80, 88);\"><strong>Jeder Stein wird mit Sorgfalt aus den feinsten Edelsteinen handgefertigt, wobei sieben verschiedene Farben die einzelnen Chakren repr\u00e4sentieren.<\/strong> Diese Chakra-Steine stammen aus dem mystischen Land Indien und verk\u00f6rpern jahrhundertealte Traditionen der Edelsteinheilkunde.&nbsp;<\/span><\/p>\n<p><span style=\"color: rgb(75, 80, 88);\">Chakra-Steine sind mehr als nur sch\u00f6ne Dekorationen; sie sind wirksame Werkzeuge zur Steigerung des Wohlbefindens und der spirituellen Harmonie. Diese esoterischen Edelsteine werden Ihre edelsteinliebenden Kunden und Sammler gleicherma\u00dfen begeistern.&nbsp;<\/span><\/p>\n<p><span style=\"color: rgb(75, 80, 88);\"><strong>Tauchen Sie mit unseren Chakra-Kugeln in eine Welt der Gelassenheit und Ausgeglichenheit ein.<\/strong> Diese aus einer vielf\u00e4ltigen Auswahl an Edelsteinen gefertigten Kugeln strahlen harmonische Energie in alle Richtungen aus. Platzieren Sie eine in Ihrem Raum, um eine Atmosph\u00e4re der Ruhe zu schaffen, oder verwenden Sie sie w\u00e4hrend der Meditation, um Ihre Chakren einzustimmen und das innere Gleichgewicht zu f\u00f6rdern.<\/span><\/p>\n<p><span style=\"color: rgb(75, 80, 88);\"><em>Bitte beachten Sie, dass diese verbundenen Chakra-Steine handgefertigt sind und daher leichte Abweichungen in Gr\u00f6\u00dfe und Gewicht auftreten k\u00f6nnen.<\/em><\/span><\/p>\n","protected":false},"excerpt":{"rendered":"<p>Jeder Stein wird mit Sorgfalt aus den feinsten Edelsteinen handgefertigt, wobei sieben verschiedene Farben die einzelnen Chakren repr\u00e4sentieren. Diese Chakra-Steine stammen aus dem mystischen Land Indien und verk\u00f6rpern jahrhundertealte Traditionen der Edelsteinheilkunde.&nbsp; Chakra-Steine sind mehr als nur sch\u00f6ne Dekorationen; sie sind wirksame Werkzeuge zur Steigerung des Wohlbefindens und der spirituellen Harmonie. Diese esoterischen Edelsteine werden [&hellip;]<\/p>\n","protected":false},"featured_media":332023,"comment_status":"closed","ping_status":"open","template":"","meta":[],"product_brand":[],"product_cat":[17269,19076],"product_tag":[],"class_list":{"0":"post-233449","1":"product","2":"type-product","3":"status-publish","4":"has-post-thumbnail","6":"product_cat-esoterik-geschenke","7":"product_cat-pendel-und-runen-steinset","8":"pa_collection-bonded-chakra-stones-de","9":"pa_made-in-indien","11":"first","12":"instock","13":"purchasable","14":"product-type-simple"},"supplier_id":null,"supplier_sku":"BBCs-01","barcode":null,"atum_controlled":true,"out_stock_date":null,"out_stock_threshold":null,"inheritable":false,"inbound_stock":null,"stock_on_hold":0,"sold_today":0,"sales_last_days":0,"reserved_stock":null,"customer_returns":null,"warehouse_damage":null,"lost_in_post":null,"other_logs":null,"out_stock_days":0,"lost_sales":0,"has_location":null,"update_date":"2026-02-11T09:34:05","atum_locations":[],"atum_stock_status":"instock","restock_status":false,"low_stock_amount":"","sales_update_date":"2025-10-09T03:25:57","calc_backorders":null,"_links":{"self":[{"href":"https:\/\/aromasentia.com\/de\/wp-json\/wp\/v2\/product\/233449","targetHints":{"allow":["GET"]}}],"collection":[{"href":"https:\/\/aromasentia.com\/de\/wp-json\/wp\/v2\/product"}],"about":[{"href":"https:\/\/aromasentia.com\/de\/wp-json\/wp\/v2\/types\/product"}],"replies":[{"embeddable":true,"href":"https:\/\/aromasentia.com\/de\/wp-json\/wp\/v2\/comments?post=233449"}],"version-history":[{"count":0,"href":"https:\/\/aromasentia.com\/de\/wp-json\/wp\/v2\/product\/233449\/revisions"}],"wp:featuredmedia":[{"embeddable":true,"href":"https:\/\/aromasentia.com\/de\/wp-json\/wp\/v2\/media\/332023"}],"wp:attachment":[{"href":"https:\/\/aromasentia.com\/de\/wp-json\/wp\/v2\/media?parent=233449"}],"wp:term":[{"taxonomy":"product_brand","embeddable":true,"href":"https:\/\/aromasentia.com\/de\/wp-json\/wp\/v2\/product_brand?post=233449"},{"taxonomy":"product_cat","embeddable":true,"href":"https:\/\/aromasentia.com\/de\/wp-json\/wp\/v2\/product_cat?post=233449"},{"taxonomy":"product_tag","embeddable":true,"href":"https:\/\/aromasentia.com\/de\/wp-json\/wp\/v2\/product_tag?post=233449"}],"curies":[{"name":"wp","href":"https:\/\/api.w.org\/{rel}","templated":true}]}}