{"id":233437,"date":"2025-03-22T13:29:24","date_gmt":"2025-03-22T13:29:24","guid":{"rendered":"https:\/\/aromasentia.com\/product\/chakra-in-crystal-palmstone-45mm\/"},"modified":"2025-12-30T20:13:15","modified_gmt":"2025-12-30T20:13:15","slug":"chakra-in-crystal-palmstone-45mm","status":"publish","type":"product","link":"https:\/\/aromasentia.com\/de\/chakra-in-crystal-palmstone-45mm\/","title":{"rendered":"Chakra In Crystal Palmstone 45mm"},"content":{"rendered":"<p><span style=\"color: rgb(75, 80, 88);\"><strong>Jeder Stein wird mit Sorgfalt aus den feinsten Edelsteinen handgefertigt, wobei sieben verschiedene Farben die einzelnen Chakren repr\u00e4sentieren.<\/strong> Diese verbundenen Chakra-Steine stammen aus dem mystischen Land Indien und verk\u00f6rpern jahrhundertealte Traditionen der Edelsteinheilkunde.&nbsp;<\/span><\/p>\n<p><span style=\"color: rgb(75, 80, 88);\">Verbundene Chakra-Steine sind mehr als nur sch\u00f6ne Dekorationen; sie sind tiefgreifende Werkzeuge zur Steigerung des Wohlbefindens und der spirituellen Harmonie. Diese esoterischen Edelsteine werden Ihre edelsteinliebenden Kunden und Sammler gleicherma\u00dfen faszinieren.&nbsp;<\/span><\/p>\n<p><span style=\"color: rgb(75, 80, 88);\"><strong>Unsere Chakra-in-Crystal-Handsteine bieten eine taktile Verbindung zu den heilenden Energien von Edelsteinen. <\/strong>Jeder Handstein ist poliert und so gestaltet, dass er bequem in der Hand liegt und sich somit ideal f\u00fcr Meditation oder Stressabbau eignet. Diese Edelsteine schwingen mit den Chakren mit und f\u00f6rdern so die innere Ausrichtung und das emotionale Wohlbefinden.<\/span><\/p>\n<p><span style=\"color: rgb(75, 80, 88);\"><em>Bitte beachten Sie, dass diese gebundenen Chakra-Steine handgefertigt sind und daher leichte Abweichungen in Gr\u00f6\u00dfe und Gewicht auftreten k\u00f6nnen.<\/em><\/span><\/p>\n","protected":false},"excerpt":{"rendered":"<p>Jeder Stein wird mit Sorgfalt aus den feinsten Edelsteinen handgefertigt, wobei sieben verschiedene Farben die einzelnen Chakren repr\u00e4sentieren. Diese verbundenen Chakra-Steine stammen aus dem mystischen Land Indien und verk\u00f6rpern jahrhundertealte Traditionen der Edelsteinheilkunde.&nbsp; Verbundene Chakra-Steine sind mehr als nur sch\u00f6ne Dekorationen; sie sind tiefgreifende Werkzeuge zur Steigerung des Wohlbefindens und der spirituellen Harmonie. Diese esoterischen [&hellip;]<\/p>\n","protected":false},"featured_media":331964,"comment_status":"closed","ping_status":"open","template":"","meta":{"_angie_page":false},"product_brand":[],"product_cat":[17269,19076],"product_tag":[],"class_list":{"0":"post-233437","1":"product","2":"type-product","3":"status-publish","4":"has-post-thumbnail","6":"product_cat-esoterik-geschenke","7":"product_cat-pendel-und-runen-steinset","8":"pa_collection-bonded-chakra-stones-de","9":"pa_made-in-indien","11":"first","12":"instock","13":"purchasable","14":"product-type-simple"},"supplier_id":null,"supplier_sku":"BBCs-04","barcode":null,"atum_controlled":true,"out_stock_date":null,"out_stock_threshold":null,"inheritable":false,"inbound_stock":null,"stock_on_hold":0,"sold_today":0,"sales_last_days":0,"reserved_stock":null,"customer_returns":null,"warehouse_damage":null,"lost_in_post":null,"other_logs":null,"out_stock_days":0,"lost_sales":0,"has_location":null,"update_date":"2026-04-27T06:54:19","atum_locations":[],"atum_stock_status":"instock","restock_status":false,"low_stock_amount":"","sales_update_date":"2025-10-09T03:25:57","calc_backorders":null,"_links":{"self":[{"href":"https:\/\/aromasentia.com\/de\/wp-json\/wp\/v2\/product\/233437","targetHints":{"allow":["GET"]}}],"collection":[{"href":"https:\/\/aromasentia.com\/de\/wp-json\/wp\/v2\/product"}],"about":[{"href":"https:\/\/aromasentia.com\/de\/wp-json\/wp\/v2\/types\/product"}],"replies":[{"embeddable":true,"href":"https:\/\/aromasentia.com\/de\/wp-json\/wp\/v2\/comments?post=233437"}],"version-history":[{"count":0,"href":"https:\/\/aromasentia.com\/de\/wp-json\/wp\/v2\/product\/233437\/revisions"}],"wp:featuredmedia":[{"embeddable":true,"href":"https:\/\/aromasentia.com\/de\/wp-json\/wp\/v2\/media\/331964"}],"wp:attachment":[{"href":"https:\/\/aromasentia.com\/de\/wp-json\/wp\/v2\/media?parent=233437"}],"wp:term":[{"taxonomy":"product_brand","embeddable":true,"href":"https:\/\/aromasentia.com\/de\/wp-json\/wp\/v2\/product_brand?post=233437"},{"taxonomy":"product_cat","embeddable":true,"href":"https:\/\/aromasentia.com\/de\/wp-json\/wp\/v2\/product_cat?post=233437"},{"taxonomy":"product_tag","embeddable":true,"href":"https:\/\/aromasentia.com\/de\/wp-json\/wp\/v2\/product_tag?post=233437"}],"curies":[{"name":"wp","href":"https:\/\/api.w.org\/{rel}","templated":true}]}}