{"id":233429,"date":"2025-03-22T13:29:32","date_gmt":"2025-03-22T13:29:32","guid":{"rendered":"https:\/\/aromasentia.com\/product\/gemstone-lucky-elephant-crazy-lace-agate-50x35x25mm\/"},"modified":"2025-12-30T20:13:15","modified_gmt":"2025-12-30T20:13:15","slug":"edelstein-glueckselefant-crazy-lace-achat-50x35x25mm","status":"publish","type":"product","link":"https:\/\/aromasentia.com\/de\/edelstein-glueckselefant-crazy-lace-achat-50x35x25mm\/","title":{"rendered":"Edelstein Gl\u00fcckselefant &#8211; Crazy Lace Achat 50x35x25mm"},"content":{"rendered":"<p>Umarmen Sie freudige Stabilit\u00e4t mit diesem Edelstein Lucky Elephant &#8211; Crazy Lace Achat. Diese einzigartige Elefantenfigur mit einer Gr\u00f6\u00dfe von ca. 50x35x25 mm ist aus dem lebendigen Crazy Lace Achat geschnitzt, der auch als &#8222;Lachstein&#8220; oder &#8222;Happy Lace&#8220; bekannt ist. Elefanten symbolisieren Gl\u00fcck und Weisheit, w\u00e4hrend Crazy Lace Achat Freude, Optimismus und geistige Beweglichkeit f\u00f6rdert. Ein wunderbar heiteres und erdendes St\u00fcck, das die Stimmung hebt, positive Denkmuster f\u00f6rdert und einen Hauch von spielerischer Energie verleiht.<\/p>\n","protected":false},"excerpt":{"rendered":"<p>Umarmen Sie freudige Stabilit\u00e4t mit diesem Edelstein Lucky Elephant &#8211; Crazy Lace Achat. Diese einzigartige Elefantenfigur mit einer Gr\u00f6\u00dfe von ca. 50x35x25 mm ist aus dem lebendigen Crazy Lace Achat geschnitzt, der auch als &#8222;Lachstein&#8220; oder &#8222;Happy Lace&#8220; bekannt ist. Elefanten symbolisieren Gl\u00fcck und Weisheit, w\u00e4hrend Crazy Lace Achat Freude, Optimismus und geistige Beweglichkeit f\u00f6rdert. [&hellip;]<\/p>\n","protected":false},"featured_media":335556,"comment_status":"closed","ping_status":"open","template":"","meta":{"_angie_page":false},"product_brand":[],"product_cat":[25542,25223,19268,17269],"product_tag":[],"class_list":{"0":"post-233429","1":"product","2":"type-product","3":"status-publish","4":"has-post-thumbnail","6":"product_cat-agate","7":"product_cat-edelsteine-mineralien","8":"product_cat-edelsteinschmuck-und-accessoires","9":"product_cat-esoterik-geschenke","10":"pa_collection-gemstone-figures-de","11":"pa_made-in-china","13":"first","14":"instock","15":"purchasable","16":"product-type-simple"},"supplier_id":null,"supplier_sku":"GemF-57","barcode":null,"atum_controlled":true,"out_stock_date":null,"out_stock_threshold":null,"inheritable":false,"inbound_stock":null,"stock_on_hold":0,"sold_today":0,"sales_last_days":0,"reserved_stock":null,"customer_returns":null,"warehouse_damage":null,"lost_in_post":null,"other_logs":null,"out_stock_days":0,"lost_sales":0,"has_location":null,"update_date":"2026-04-28T18:50:19","atum_locations":[],"atum_stock_status":"instock","restock_status":false,"low_stock_amount":"","sales_update_date":"2026-02-06T00:00:45","calc_backorders":null,"_links":{"self":[{"href":"https:\/\/aromasentia.com\/de\/wp-json\/wp\/v2\/product\/233429","targetHints":{"allow":["GET"]}}],"collection":[{"href":"https:\/\/aromasentia.com\/de\/wp-json\/wp\/v2\/product"}],"about":[{"href":"https:\/\/aromasentia.com\/de\/wp-json\/wp\/v2\/types\/product"}],"replies":[{"embeddable":true,"href":"https:\/\/aromasentia.com\/de\/wp-json\/wp\/v2\/comments?post=233429"}],"version-history":[{"count":0,"href":"https:\/\/aromasentia.com\/de\/wp-json\/wp\/v2\/product\/233429\/revisions"}],"wp:featuredmedia":[{"embeddable":true,"href":"https:\/\/aromasentia.com\/de\/wp-json\/wp\/v2\/media\/335556"}],"wp:attachment":[{"href":"https:\/\/aromasentia.com\/de\/wp-json\/wp\/v2\/media?parent=233429"}],"wp:term":[{"taxonomy":"product_brand","embeddable":true,"href":"https:\/\/aromasentia.com\/de\/wp-json\/wp\/v2\/product_brand?post=233429"},{"taxonomy":"product_cat","embeddable":true,"href":"https:\/\/aromasentia.com\/de\/wp-json\/wp\/v2\/product_cat?post=233429"},{"taxonomy":"product_tag","embeddable":true,"href":"https:\/\/aromasentia.com\/de\/wp-json\/wp\/v2\/product_tag?post=233429"}],"curies":[{"name":"wp","href":"https:\/\/api.w.org\/{rel}","templated":true}]}}