{"id":233421,"date":"2025-03-22T13:29:32","date_gmt":"2025-03-22T13:29:32","guid":{"rendered":"https:\/\/aromasentia.com\/product\/gemstone-lucky-cat-gold-tiger-eye-50x35x25mm\/"},"modified":"2025-12-30T20:13:15","modified_gmt":"2025-12-30T20:13:15","slug":"edelstein-glueckskatze-goldenes-tigerauge-50x35x25mm","status":"publish","type":"product","link":"https:\/\/aromasentia.com\/de\/edelstein-glueckskatze-goldenes-tigerauge-50x35x25mm\/","title":{"rendered":"Edelstein-Gl\u00fcckskatze &#8211; Goldenes Tigerauge 50x35x25mm"},"content":{"rendered":"<p>Steigern Sie Selbstvertrauen und Wohlstand mit diesem Edelstein Lucky Cat &#8211; Gold Tiger Eye. Diese bezaubernde Gl\u00fcckskatze, ca. 50x35x25mm, ist aus schimmerndem Gold Tiger Eye gefertigt. Der Maneki-neko zieht Gl\u00fcck und Reichtum an, w\u00e4hrend das Goldtigerauge Mut, klares Denken und pers\u00f6nliche Kraft f\u00f6rdert, was ebenfalls f\u00fcr die Anziehung von Reichtum bekannt ist. Eine dynamische und verhei\u00dfungsvolle Figur, perfekt f\u00fcr Ihren Arbeitsbereich oder Ihr Zuhause, um Erfolg, Zuversicht und einen stetigen Fluss des Gl\u00fccks einzuladen.<\/p>\n","protected":false},"excerpt":{"rendered":"<p>Steigern Sie Selbstvertrauen und Wohlstand mit diesem Edelstein Lucky Cat &#8211; Gold Tiger Eye. Diese bezaubernde Gl\u00fcckskatze, ca. 50x35x25mm, ist aus schimmerndem Gold Tiger Eye gefertigt. Der Maneki-neko zieht Gl\u00fcck und Reichtum an, w\u00e4hrend das Goldtigerauge Mut, klares Denken und pers\u00f6nliche Kraft f\u00f6rdert, was ebenfalls f\u00fcr die Anziehung von Reichtum bekannt ist. Eine dynamische und [&hellip;]<\/p>\n","protected":false},"featured_media":335522,"comment_status":"closed","ping_status":"open","template":"","meta":{"_angie_page":false},"product_brand":[],"product_cat":[25223,19268,17269,25787],"product_tag":[],"class_list":{"0":"post-233421","1":"product","2":"type-product","3":"status-publish","4":"has-post-thumbnail","6":"product_cat-edelsteine-mineralien","7":"product_cat-edelsteinschmuck-und-accessoires","8":"product_cat-esoterik-geschenke","9":"product_cat-tigerauge","10":"pa_collection-gemstone-figures-de","11":"pa_made-in-china","13":"first","14":"instock","15":"purchasable","16":"product-type-simple"},"supplier_id":null,"supplier_sku":"GemF-54","barcode":null,"atum_controlled":true,"out_stock_date":null,"out_stock_threshold":null,"inheritable":false,"inbound_stock":null,"stock_on_hold":0,"sold_today":0,"sales_last_days":0,"reserved_stock":null,"customer_returns":null,"warehouse_damage":null,"lost_in_post":null,"other_logs":null,"out_stock_days":0,"lost_sales":0,"has_location":null,"update_date":"2026-05-04T00:03:55","atum_locations":[],"atum_stock_status":"instock","restock_status":false,"low_stock_amount":"","sales_update_date":"2026-01-30T01:24:29","calc_backorders":null,"_links":{"self":[{"href":"https:\/\/aromasentia.com\/de\/wp-json\/wp\/v2\/product\/233421","targetHints":{"allow":["GET"]}}],"collection":[{"href":"https:\/\/aromasentia.com\/de\/wp-json\/wp\/v2\/product"}],"about":[{"href":"https:\/\/aromasentia.com\/de\/wp-json\/wp\/v2\/types\/product"}],"replies":[{"embeddable":true,"href":"https:\/\/aromasentia.com\/de\/wp-json\/wp\/v2\/comments?post=233421"}],"version-history":[{"count":0,"href":"https:\/\/aromasentia.com\/de\/wp-json\/wp\/v2\/product\/233421\/revisions"}],"wp:featuredmedia":[{"embeddable":true,"href":"https:\/\/aromasentia.com\/de\/wp-json\/wp\/v2\/media\/335522"}],"wp:attachment":[{"href":"https:\/\/aromasentia.com\/de\/wp-json\/wp\/v2\/media?parent=233421"}],"wp:term":[{"taxonomy":"product_brand","embeddable":true,"href":"https:\/\/aromasentia.com\/de\/wp-json\/wp\/v2\/product_brand?post=233421"},{"taxonomy":"product_cat","embeddable":true,"href":"https:\/\/aromasentia.com\/de\/wp-json\/wp\/v2\/product_cat?post=233421"},{"taxonomy":"product_tag","embeddable":true,"href":"https:\/\/aromasentia.com\/de\/wp-json\/wp\/v2\/product_tag?post=233421"}],"curies":[{"name":"wp","href":"https:\/\/api.w.org\/{rel}","templated":true}]}}