{"id":233409,"date":"2025-03-22T13:29:32","date_gmt":"2025-03-22T13:29:32","guid":{"rendered":"https:\/\/aromasentia.com\/product\/gemstone-large-dragon-head-sodalite-60x30x35mm\/"},"modified":"2025-12-30T20:13:15","modified_gmt":"2025-12-30T20:13:15","slug":"edelstein-grosser-drachenkopf-sodalith-60x30x35mm","status":"publish","type":"product","link":"https:\/\/aromasentia.com\/de\/edelstein-grosser-drachenkopf-sodalith-60x30x35mm\/","title":{"rendered":"Edelstein Gro\u00dfer Drachenkopf &#8211; Sodalith 60x30x35mm"},"content":{"rendered":"<p>Zugang zu tiefer Weisheit mit diesem Edelstein Gro\u00dfer Drachenkopf &#8211; Sodalith. Dieser auffallend gro\u00dfe Drachenkopf mit den Ma\u00dfen von ca. 60x30x35mm ist aus reichlich blauem Sodalith gefertigt. Er verbindet die symbolische Kraft des Drachen und das uralte Wissen mit der F\u00e4higkeit des Sodaliths, Logik, Intuition und klare Kommunikation zu f\u00f6rdern. Es ist ein hervorragendes St\u00fcck f\u00fcr Studenten, Schriftsteller oder jeden, der sein Verst\u00e4ndnis vertiefen und seine Einsichten mit Klarheit und Zuversicht zum Ausdruck bringen m\u00f6chte &#8211; ein beeindruckendes mystisches Totem.<\/p>\n","protected":false},"excerpt":{"rendered":"<p>Zugang zu tiefer Weisheit mit diesem Edelstein Gro\u00dfer Drachenkopf &#8211; Sodalith. Dieser auffallend gro\u00dfe Drachenkopf mit den Ma\u00dfen von ca. 60x30x35mm ist aus reichlich blauem Sodalith gefertigt. Er verbindet die symbolische Kraft des Drachen und das uralte Wissen mit der F\u00e4higkeit des Sodaliths, Logik, Intuition und klare Kommunikation zu f\u00f6rdern. Es ist ein hervorragendes St\u00fcck [&hellip;]<\/p>\n","protected":false},"featured_media":335471,"comment_status":"closed","ping_status":"open","template":"","meta":{"_angie_page":false},"product_brand":[],"product_cat":[25223,19268,17269,25767],"product_tag":[],"class_list":{"0":"post-233409","1":"product","2":"type-product","3":"status-publish","4":"has-post-thumbnail","6":"product_cat-edelsteine-mineralien","7":"product_cat-edelsteinschmuck-und-accessoires","8":"product_cat-esoterik-geschenke","9":"product_cat-sodalith","10":"pa_collection-gemstone-figures-de","11":"pa_made-in-china","13":"first","14":"instock","15":"purchasable","16":"product-type-simple"},"supplier_id":null,"supplier_sku":"GemF-50","barcode":null,"atum_controlled":true,"out_stock_date":null,"out_stock_threshold":null,"inheritable":false,"inbound_stock":null,"stock_on_hold":0,"sold_today":0,"sales_last_days":0,"reserved_stock":null,"customer_returns":null,"warehouse_damage":null,"lost_in_post":null,"other_logs":null,"out_stock_days":0,"lost_sales":0,"has_location":null,"update_date":"2026-04-27T07:04:45","atum_locations":[],"atum_stock_status":"instock","restock_status":false,"low_stock_amount":"","sales_update_date":"2026-01-30T01:25:47","calc_backorders":null,"_links":{"self":[{"href":"https:\/\/aromasentia.com\/de\/wp-json\/wp\/v2\/product\/233409","targetHints":{"allow":["GET"]}}],"collection":[{"href":"https:\/\/aromasentia.com\/de\/wp-json\/wp\/v2\/product"}],"about":[{"href":"https:\/\/aromasentia.com\/de\/wp-json\/wp\/v2\/types\/product"}],"replies":[{"embeddable":true,"href":"https:\/\/aromasentia.com\/de\/wp-json\/wp\/v2\/comments?post=233409"}],"version-history":[{"count":0,"href":"https:\/\/aromasentia.com\/de\/wp-json\/wp\/v2\/product\/233409\/revisions"}],"wp:featuredmedia":[{"embeddable":true,"href":"https:\/\/aromasentia.com\/de\/wp-json\/wp\/v2\/media\/335471"}],"wp:attachment":[{"href":"https:\/\/aromasentia.com\/de\/wp-json\/wp\/v2\/media?parent=233409"}],"wp:term":[{"taxonomy":"product_brand","embeddable":true,"href":"https:\/\/aromasentia.com\/de\/wp-json\/wp\/v2\/product_brand?post=233409"},{"taxonomy":"product_cat","embeddable":true,"href":"https:\/\/aromasentia.com\/de\/wp-json\/wp\/v2\/product_cat?post=233409"},{"taxonomy":"product_tag","embeddable":true,"href":"https:\/\/aromasentia.com\/de\/wp-json\/wp\/v2\/product_tag?post=233409"}],"curies":[{"name":"wp","href":"https:\/\/api.w.org\/{rel}","templated":true}]}}