{"id":233357,"date":"2025-03-22T13:29:32","date_gmt":"2025-03-22T13:29:32","guid":{"rendered":"https:\/\/aromasentia.com\/product\/hand-carved-gemstone-angel-yellow-aventurine\/"},"modified":"2025-12-30T20:12:59","modified_gmt":"2025-12-30T20:12:59","slug":"handgeschnitzter-edelsteinengel-gelber-aventurin","status":"publish","type":"product","link":"https:\/\/aromasentia.com\/de\/handgeschnitzter-edelsteinengel-gelber-aventurin\/","title":{"rendered":"Handgeschnitzter Edelsteinengel \u2013 Gelber Aventurin"},"content":{"rendered":"<p><span style=\"color: rgb(75, 80, 88);\">Entdecken Sie <strong>handgeschnitzte Engel-Edelsteinfiguren<\/strong>, eine harmonische Mischung aus Kunstfertigkeit und nat\u00fcrlicher Sch\u00f6nheit.<\/span><\/p>\n<p><span style=\"color: rgb(75, 80, 88);\">Diese kleinen Sch\u00e4tze wurden aus einer faszinierenden Auswahl kostbarer Edelsteine gefertigt und sind bereit, Ihr Leben mit Gelassenheit, Schutz und grenzenloser positiver Energie zu erf\u00fcllen. &nbsp;<\/span><\/p>\n<p><span style=\"color: rgb(75, 80, 88);\"><strong>Gelber Aventurin ist ein Leuchtfeuer der Freude und des Optimismus<\/strong>. Ihr Schutzengel aus gelbem Aventurin erf\u00fcllt Ihr Leben mit Sonnenschein und erinnert Sie daran, das Gl\u00fcck zu umarmen und jeder Situation die positive Seite zu zeigen.<\/span> <\/p>\n<p><span style=\"color: rgb(75, 80, 88);\">Jeder Schutzengel, aus seinem jeweiligen Edelstein geschnitzt, wacht mit Sorgfalt und Einf\u00fchlungsverm\u00f6gen \u00fcber Sie. Sie bieten Ihnen ihre einzigartigen Eigenschaften, um Sie zu f\u00fchren und zu besch\u00fctzen, damit Sie den Lebensweg mit Mut, Gelassenheit und Freude angehen k\u00f6nnen.<\/span><\/p>\n","protected":false},"excerpt":{"rendered":"<p>Entdecken Sie handgeschnitzte Engel-Edelsteinfiguren, eine harmonische Mischung aus Kunstfertigkeit und nat\u00fcrlicher Sch\u00f6nheit. Diese kleinen Sch\u00e4tze wurden aus einer faszinierenden Auswahl kostbarer Edelsteine gefertigt und sind bereit, Ihr Leben mit Gelassenheit, Schutz und grenzenloser positiver Energie zu erf\u00fcllen. &nbsp; Gelber Aventurin ist ein Leuchtfeuer der Freude und des Optimismus. Ihr Schutzengel aus gelbem Aventurin erf\u00fcllt Ihr [&hellip;]<\/p>\n","protected":false},"featured_media":335106,"comment_status":"closed","ping_status":"open","template":"","meta":{"_angie_page":false},"product_brand":[],"product_cat":[25560,25223,19268,17269],"product_tag":[],"class_list":{"0":"post-233357","1":"product","2":"type-product","3":"status-publish","4":"has-post-thumbnail","6":"product_cat-aventurin","7":"product_cat-edelsteine-mineralien","8":"product_cat-edelsteinschmuck-und-accessoires","9":"product_cat-esoterik-geschenke","10":"pa_collection-gemstone-figures-de","11":"pa_made-in-indien","13":"first","14":"outofstock","15":"purchasable","16":"product-type-simple"},"supplier_id":null,"supplier_sku":"GemF-32","barcode":null,"atum_controlled":true,"out_stock_date":"2025-09-04 23:38:30","out_stock_threshold":null,"inheritable":false,"inbound_stock":null,"stock_on_hold":0,"sold_today":0,"sales_last_days":0,"reserved_stock":null,"customer_returns":null,"warehouse_damage":null,"lost_in_post":null,"other_logs":null,"out_stock_days":0,"lost_sales":0,"has_location":null,"update_date":"2026-04-27T07:04:34","atum_locations":[],"atum_stock_status":"outofstock","restock_status":false,"low_stock_amount":"","sales_update_date":"2025-09-04T00:21:59","calc_backorders":null,"_links":{"self":[{"href":"https:\/\/aromasentia.com\/de\/wp-json\/wp\/v2\/product\/233357","targetHints":{"allow":["GET"]}}],"collection":[{"href":"https:\/\/aromasentia.com\/de\/wp-json\/wp\/v2\/product"}],"about":[{"href":"https:\/\/aromasentia.com\/de\/wp-json\/wp\/v2\/types\/product"}],"replies":[{"embeddable":true,"href":"https:\/\/aromasentia.com\/de\/wp-json\/wp\/v2\/comments?post=233357"}],"version-history":[{"count":0,"href":"https:\/\/aromasentia.com\/de\/wp-json\/wp\/v2\/product\/233357\/revisions"}],"wp:featuredmedia":[{"embeddable":true,"href":"https:\/\/aromasentia.com\/de\/wp-json\/wp\/v2\/media\/335106"}],"wp:attachment":[{"href":"https:\/\/aromasentia.com\/de\/wp-json\/wp\/v2\/media?parent=233357"}],"wp:term":[{"taxonomy":"product_brand","embeddable":true,"href":"https:\/\/aromasentia.com\/de\/wp-json\/wp\/v2\/product_brand?post=233357"},{"taxonomy":"product_cat","embeddable":true,"href":"https:\/\/aromasentia.com\/de\/wp-json\/wp\/v2\/product_cat?post=233357"},{"taxonomy":"product_tag","embeddable":true,"href":"https:\/\/aromasentia.com\/de\/wp-json\/wp\/v2\/product_tag?post=233357"}],"curies":[{"name":"wp","href":"https:\/\/api.w.org\/{rel}","templated":true}]}}