{"id":233341,"date":"2025-03-22T13:29:32","date_gmt":"2025-03-22T13:29:32","guid":{"rendered":"https:\/\/aromasentia.com\/product\/hand-carved-gemstone-angel-opalite\/"},"modified":"2025-12-30T20:12:59","modified_gmt":"2025-12-30T20:12:59","slug":"handgeschnitzter-edelsteinengel-opalit","status":"publish","type":"product","link":"https:\/\/aromasentia.com\/de\/handgeschnitzter-edelsteinengel-opalit\/","title":{"rendered":"Handgeschnitzter Edelsteinengel \u2013 Opalit"},"content":{"rendered":"<p><span style=\"color: rgb(75, 80, 88);\">Entdecken Sie <strong>handgeschnitzte Engel-Edelsteinfiguren<\/strong>, eine harmonische Mischung aus Kunstfertigkeit und nat\u00fcrlicher Sch\u00f6nheit.<\/span><\/p>\n<p><span style=\"color: rgb(75, 80, 88);\">Diese kleinen Sch\u00e4tze wurden aus einer faszinierenden Auswahl wertvoller Edelsteine gefertigt und sind bereit, Ihr Leben mit Gelassenheit, Schutz und grenzenloser positiver Energie zu erf\u00fcllen. &nbsp;<\/span><\/p>\n<p><span style=\"color: rgb(75, 80, 88);\"><strong>Das \u00e4therische Leuchten des Opalits bringt Frieden und spirituelles Wachstum.<\/strong> Ihr Opalit-Schutzengel taucht Sie in ein wohltuendes Licht, unterst\u00fctzt Ihre spirituelle Reise und hilft Ihnen, innere Gelassenheit zu finden.<\/span> <\/p>\n<p><span style=\"color: rgb(75, 80, 88);\">Jeder Schutzengel, aus seinem jeweiligen Edelstein geschnitzt, wacht mit Sorgfalt und Einf\u00fchlungsverm\u00f6gen \u00fcber Sie. Sie bieten ihre einzigartigen Qualit\u00e4ten an, um zu f\u00fchren und zu besch\u00fctzen, und erm\u00f6glichen es Ihnen, die Reise des Lebens mit Mut, Gelassenheit und Freude anzunehmen.<\/span><\/p>\n","protected":false},"excerpt":{"rendered":"<p>Entdecken Sie handgeschnitzte Engel-Edelsteinfiguren, eine harmonische Mischung aus Kunstfertigkeit und nat\u00fcrlicher Sch\u00f6nheit. Diese kleinen Sch\u00e4tze wurden aus einer faszinierenden Auswahl wertvoller Edelsteine gefertigt und sind bereit, Ihr Leben mit Gelassenheit, Schutz und grenzenloser positiver Energie zu erf\u00fcllen. &nbsp; Das \u00e4therische Leuchten des Opalits bringt Frieden und spirituelles Wachstum. Ihr Opalit-Schutzengel taucht Sie in ein wohltuendes [&hellip;]<\/p>\n","protected":false},"featured_media":334926,"comment_status":"closed","ping_status":"open","template":"","meta":{"_angie_page":false},"product_brand":[],"product_cat":[25223,19268,17269,25707],"product_tag":[],"class_list":{"0":"post-233341","1":"product","2":"type-product","3":"status-publish","4":"has-post-thumbnail","6":"product_cat-edelsteine-mineralien","7":"product_cat-edelsteinschmuck-und-accessoires","8":"product_cat-esoterik-geschenke","9":"product_cat-opalit","10":"pa_collection-gemstone-figures-de","11":"pa_made-in-indien","13":"first","14":"instock","15":"purchasable","16":"product-type-simple"},"supplier_id":null,"supplier_sku":"GemF-28","barcode":null,"atum_controlled":true,"out_stock_date":null,"out_stock_threshold":null,"inheritable":false,"inbound_stock":null,"stock_on_hold":0,"sold_today":0,"sales_last_days":0,"reserved_stock":null,"customer_returns":null,"warehouse_damage":null,"lost_in_post":null,"other_logs":null,"out_stock_days":0,"lost_sales":0,"has_location":null,"update_date":"2026-04-27T07:04:34","atum_locations":[],"atum_stock_status":"instock","restock_status":false,"low_stock_amount":"","sales_update_date":"2026-02-06T00:01:58","calc_backorders":null,"_links":{"self":[{"href":"https:\/\/aromasentia.com\/de\/wp-json\/wp\/v2\/product\/233341","targetHints":{"allow":["GET"]}}],"collection":[{"href":"https:\/\/aromasentia.com\/de\/wp-json\/wp\/v2\/product"}],"about":[{"href":"https:\/\/aromasentia.com\/de\/wp-json\/wp\/v2\/types\/product"}],"replies":[{"embeddable":true,"href":"https:\/\/aromasentia.com\/de\/wp-json\/wp\/v2\/comments?post=233341"}],"version-history":[{"count":0,"href":"https:\/\/aromasentia.com\/de\/wp-json\/wp\/v2\/product\/233341\/revisions"}],"wp:featuredmedia":[{"embeddable":true,"href":"https:\/\/aromasentia.com\/de\/wp-json\/wp\/v2\/media\/334926"}],"wp:attachment":[{"href":"https:\/\/aromasentia.com\/de\/wp-json\/wp\/v2\/media?parent=233341"}],"wp:term":[{"taxonomy":"product_brand","embeddable":true,"href":"https:\/\/aromasentia.com\/de\/wp-json\/wp\/v2\/product_brand?post=233341"},{"taxonomy":"product_cat","embeddable":true,"href":"https:\/\/aromasentia.com\/de\/wp-json\/wp\/v2\/product_cat?post=233341"},{"taxonomy":"product_tag","embeddable":true,"href":"https:\/\/aromasentia.com\/de\/wp-json\/wp\/v2\/product_tag?post=233341"}],"curies":[{"name":"wp","href":"https:\/\/api.w.org\/{rel}","templated":true}]}}