{"id":233329,"date":"2025-03-22T13:29:32","date_gmt":"2025-03-22T13:29:32","guid":{"rendered":"https:\/\/aromasentia.com\/product\/gemstone-enchantment-lights-crystal-jade\/"},"modified":"2025-12-30T20:12:59","modified_gmt":"2025-12-30T20:12:59","slug":"edelstein-verzauberungslichter-kristalljade","status":"publish","type":"product","link":"https:\/\/aromasentia.com\/de\/edelstein-verzauberungslichter-kristalljade\/","title":{"rendered":"Edelstein-Verzauberungslichter \u2013 Kristalljade"},"content":{"rendered":"<p><span style=\"color: rgb(75, 80, 88);\">Wir pr\u00e4sentieren <strong>Gemstone Enchantment Lights<\/strong> \u2013 eine schillernde Kombination aus nat\u00fcrlicher Sch\u00f6nheit und moderner Technologie. Diese Lichter eignen sich perfekt f\u00fcr den Wiederverkauf und werden Ihre Kunden und deren Umgebung verzaubern.<\/span><\/p>\n<p><span style=\"color: rgb(75, 80, 88);\"><strong>Die Lichter verf\u00fcgen \u00fcber einen USB-Anschluss<\/strong> f\u00fcr eine problemlose Stromversorgung. Kunden k\u00f6nnen sie einfach an ihren Computer, ihre Powerbank oder ihr USB-Ladeger\u00e4t anschlie\u00dfen. Bitte beachten Sie, dass kein Adapter im Lieferumfang enthalten ist.&nbsp;<\/span><\/p>\n<p><span style=\"color: rgb(75, 80, 88);\"><strong>Die L\u00e4nge der Leuchten betr\u00e4gt 227 cm.<\/strong><\/span><\/p>\n<p><span style=\"color: rgb(75, 80, 88);\"><strong>Versch\u00f6nern Sie Ihren Raum mit der zeitlosen Sch\u00f6nheit von Kristalljade<\/strong>. Diese Leuchten strahlen ein ruhiges gr\u00fcnes Licht aus und symbolisieren Gleichgewicht, Harmonie und Wohlstand. Schaffen Sie mit diesen bezaubernden Edelsteinen eine ruhige Oase.<\/span> <\/p>\n<p><span style=\"color: rgb(75, 80, 88);\"><strong>Verwandeln Sie jeden Raum in ein Reich der Verzauberung mit Edelstein-Zauberleuchten.<\/strong><\/span><\/p>\n","protected":false},"excerpt":{"rendered":"<p>Wir pr\u00e4sentieren Gemstone Enchantment Lights \u2013 eine schillernde Kombination aus nat\u00fcrlicher Sch\u00f6nheit und moderner Technologie. Diese Lichter eignen sich perfekt f\u00fcr den Wiederverkauf und werden Ihre Kunden und deren Umgebung verzaubern. Die Lichter verf\u00fcgen \u00fcber einen USB-Anschluss f\u00fcr eine problemlose Stromversorgung. Kunden k\u00f6nnen sie einfach an ihren Computer, ihre Powerbank oder ihr USB-Ladeger\u00e4t anschlie\u00dfen. Bitte [&hellip;]<\/p>\n","protected":false},"featured_media":334755,"comment_status":"closed","ping_status":"open","template":"","meta":[],"product_brand":[],"product_cat":[25223,19268,17269,25640],"product_tag":[],"class_list":{"0":"post-233329","1":"product","2":"type-product","3":"status-publish","4":"has-post-thumbnail","6":"product_cat-edelsteine-mineralien","7":"product_cat-edelsteinschmuck-und-accessoires","8":"product_cat-esoterik-geschenke","9":"product_cat-jade","10":"pa_collection-gemstone-enchantment-lights-de","11":"pa_made-in-china","13":"first","14":"outofstock","15":"purchasable","16":"product-type-simple"},"supplier_id":null,"supplier_sku":"GEL-08","barcode":null,"atum_controlled":true,"out_stock_date":"2026-01-27 12:51:19","out_stock_threshold":null,"inheritable":false,"inbound_stock":null,"stock_on_hold":0,"sold_today":0,"sales_last_days":0,"reserved_stock":null,"customer_returns":null,"warehouse_damage":null,"lost_in_post":null,"other_logs":null,"out_stock_days":0,"lost_sales":0,"has_location":null,"update_date":"2026-01-27T12:51:21","atum_locations":[],"atum_stock_status":"outofstock","restock_status":false,"low_stock_amount":"","sales_update_date":"2025-09-05T00:23:56","calc_backorders":null,"_links":{"self":[{"href":"https:\/\/aromasentia.com\/de\/wp-json\/wp\/v2\/product\/233329","targetHints":{"allow":["GET"]}}],"collection":[{"href":"https:\/\/aromasentia.com\/de\/wp-json\/wp\/v2\/product"}],"about":[{"href":"https:\/\/aromasentia.com\/de\/wp-json\/wp\/v2\/types\/product"}],"replies":[{"embeddable":true,"href":"https:\/\/aromasentia.com\/de\/wp-json\/wp\/v2\/comments?post=233329"}],"version-history":[{"count":0,"href":"https:\/\/aromasentia.com\/de\/wp-json\/wp\/v2\/product\/233329\/revisions"}],"wp:featuredmedia":[{"embeddable":true,"href":"https:\/\/aromasentia.com\/de\/wp-json\/wp\/v2\/media\/334755"}],"wp:attachment":[{"href":"https:\/\/aromasentia.com\/de\/wp-json\/wp\/v2\/media?parent=233329"}],"wp:term":[{"taxonomy":"product_brand","embeddable":true,"href":"https:\/\/aromasentia.com\/de\/wp-json\/wp\/v2\/product_brand?post=233329"},{"taxonomy":"product_cat","embeddable":true,"href":"https:\/\/aromasentia.com\/de\/wp-json\/wp\/v2\/product_cat?post=233329"},{"taxonomy":"product_tag","embeddable":true,"href":"https:\/\/aromasentia.com\/de\/wp-json\/wp\/v2\/product_tag?post=233329"}],"curies":[{"name":"wp","href":"https:\/\/api.w.org\/{rel}","templated":true}]}}