{"id":233309,"date":"2025-03-22T13:29:32","date_gmt":"2025-03-22T13:29:32","guid":{"rendered":"https:\/\/aromasentia.com\/product\/gemstone-enchantment-lights-rose-quartz\/"},"modified":"2025-12-30T20:12:51","modified_gmt":"2025-12-30T20:12:51","slug":"edelstein-verzauberungslichter-rosenquarz","status":"publish","type":"product","link":"https:\/\/aromasentia.com\/de\/edelstein-verzauberungslichter-rosenquarz\/","title":{"rendered":"Edelstein-Verzauberungslichter \u2013 Rosenquarz"},"content":{"rendered":"<p><span style=\"color: rgb(75, 80, 88);\">Wir pr\u00e4sentieren <strong>Gemstone Enchantment Lights<\/strong> \u2013 eine schillernde Kombination aus nat\u00fcrlicher Sch\u00f6nheit und moderner Technologie. Diese Lichter eignen sich perfekt f\u00fcr den Wiederverkauf und werden Ihre Kunden und deren Umgebung verzaubern.<\/span><\/p>\n<p><span style=\"color: rgb(75, 80, 88);\"><strong>Die Lichter verf\u00fcgen \u00fcber einen USB-Anschluss<\/strong> f\u00fcr eine problemlose Stromversorgung. Kunden k\u00f6nnen sie einfach an ihren Computer, ihre Powerbank oder ihr USB-Ladeger\u00e4t anschlie\u00dfen. Bitte beachten Sie, dass kein Adapter im Lieferumfang enthalten ist.&nbsp;<\/span><\/p>\n<p><span style=\"color: rgb(75, 80, 88);\"><strong>Die L\u00e4nge der Lichter betr\u00e4gt 227 cm.<\/strong><\/span><\/p>\n<p><span style=\"color: rgb(75, 80, 88);\"><strong>Erleben Sie die wohltuende und liebevolle Energie von Rosenquarz.<\/strong> Diese Lichter strahlen ein sanftes, rosiges Leuchten aus, das Harmonie, Liebe und emotionale Heilung f\u00f6rdert. Perfekt, um eine warme und wohlige Atmosph\u00e4re zu schaffen.<\/span> <\/p>\n<p><span style=\"color: rgb(75, 80, 88);\"><strong>Verwandeln Sie jeden Raum in ein Reich der Verzauberung mit Edelstein-Zauberlichtern.<\/strong><\/span><\/p>\n","protected":false},"excerpt":{"rendered":"<p>Wir pr\u00e4sentieren Gemstone Enchantment Lights \u2013 eine schillernde Kombination aus nat\u00fcrlicher Sch\u00f6nheit und moderner Technologie. Diese Lichter eignen sich perfekt f\u00fcr den Wiederverkauf und werden Ihre Kunden und deren Umgebung verzaubern. Die Lichter verf\u00fcgen \u00fcber einen USB-Anschluss f\u00fcr eine problemlose Stromversorgung. Kunden k\u00f6nnen sie einfach an ihren Computer, ihre Powerbank oder ihr USB-Ladeger\u00e4t anschlie\u00dfen. Bitte [&hellip;]<\/p>\n","protected":false},"featured_media":334390,"comment_status":"closed","ping_status":"open","template":"","meta":{"_angie_page":false},"product_brand":[],"product_cat":[25223,19268,17269,25735,25752],"product_tag":[],"class_list":{"0":"post-233309","1":"product","2":"type-product","3":"status-publish","4":"has-post-thumbnail","6":"product_cat-edelsteine-mineralien","7":"product_cat-edelsteinschmuck-und-accessoires","8":"product_cat-esoterik-geschenke","9":"product_cat-quarz","10":"product_cat-rosenquarz","11":"pa_collection-gemstone-enchantment-lights-de","12":"pa_made-in-china","14":"first","15":"instock","16":"purchasable","17":"product-type-simple"},"supplier_id":null,"supplier_sku":"GEL-01","barcode":null,"atum_controlled":true,"out_stock_date":null,"out_stock_threshold":null,"inheritable":false,"inbound_stock":null,"stock_on_hold":0,"sold_today":0,"sales_last_days":0,"reserved_stock":null,"customer_returns":null,"warehouse_damage":null,"lost_in_post":null,"other_logs":null,"out_stock_days":13,"lost_sales":0,"has_location":null,"update_date":"2026-04-27T07:04:34","atum_locations":[],"atum_stock_status":"instock","restock_status":false,"low_stock_amount":"","sales_update_date":"2026-01-30T01:24:50","calc_backorders":null,"_links":{"self":[{"href":"https:\/\/aromasentia.com\/de\/wp-json\/wp\/v2\/product\/233309","targetHints":{"allow":["GET"]}}],"collection":[{"href":"https:\/\/aromasentia.com\/de\/wp-json\/wp\/v2\/product"}],"about":[{"href":"https:\/\/aromasentia.com\/de\/wp-json\/wp\/v2\/types\/product"}],"replies":[{"embeddable":true,"href":"https:\/\/aromasentia.com\/de\/wp-json\/wp\/v2\/comments?post=233309"}],"version-history":[{"count":0,"href":"https:\/\/aromasentia.com\/de\/wp-json\/wp\/v2\/product\/233309\/revisions"}],"wp:featuredmedia":[{"embeddable":true,"href":"https:\/\/aromasentia.com\/de\/wp-json\/wp\/v2\/media\/334390"}],"wp:attachment":[{"href":"https:\/\/aromasentia.com\/de\/wp-json\/wp\/v2\/media?parent=233309"}],"wp:term":[{"taxonomy":"product_brand","embeddable":true,"href":"https:\/\/aromasentia.com\/de\/wp-json\/wp\/v2\/product_brand?post=233309"},{"taxonomy":"product_cat","embeddable":true,"href":"https:\/\/aromasentia.com\/de\/wp-json\/wp\/v2\/product_cat?post=233309"},{"taxonomy":"product_tag","embeddable":true,"href":"https:\/\/aromasentia.com\/de\/wp-json\/wp\/v2\/product_tag?post=233309"}],"curies":[{"name":"wp","href":"https:\/\/api.w.org\/{rel}","templated":true}]}}