{"id":233301,"date":"2025-03-22T13:29:32","date_gmt":"2025-03-22T13:29:32","guid":{"rendered":"https:\/\/aromasentia.com\/product\/gomati-chakra-circle-stone-trees-set-of-4\/"},"modified":"2025-12-30T20:12:51","modified_gmt":"2025-12-30T20:12:51","slug":"gomati-chakra-circle-stone-trees-set-of-4","status":"publish","type":"product","link":"https:\/\/aromasentia.com\/de\/gomati-chakra-circle-stone-trees-set-of-4\/","title":{"rendered":"Gomati Chakra Circle Stone Trees &#8211; Set of 4"},"content":{"rendered":"<p><span style=\"color: rgb(75, 80, 88);\"><strong>Versch\u00f6nern Sie Ihren Raum mit der kraftvollen Energie der Gomati-Chakra-Steinb\u00e4ume!<\/strong> Dieses Set aus vier wundersch\u00f6nen Steinb\u00e4umen, erh\u00e4ltlich in den Gr\u00f6\u00dfen gro\u00df (60 Steine), mittel (45 Steine) und klein (15 Steine), wurde gefertigt, um Ihre Umgebung mit positiver Energie, Schutz und F\u00fclle zu erf\u00fcllen. Jeder Stein, handverlesen aus dem heiligen Gomati-Fluss in Indien, weist die nat\u00fcrlichen Spiralmuster auf, die die Zyklen des Lebens und pers\u00f6nliches Wachstum symbolisieren.<\/span><\/p>\n<p><span style=\"color: rgb(75, 80, 88);\">Der gro\u00dfe Baum mit 60 Gomati-Chakra-Steinen dient als Mittelpunkt f\u00fcr spirituelle R\u00e4ume oder Meditationsbereiche, w\u00e4hrend die kleineren Gr\u00f6\u00dfen perfekt f\u00fcr Schreibtische, Regale oder Wohnzimmer sind. Diese B\u00e4ume vereinen alte Weisheit mit moderner Eleganz und sind damit eine atemberaubende Erg\u00e4nzung f\u00fcr jedes Zuhause oder spirituelle Zentrum. F\u00f6rdern Sie Harmonie, ziehen Sie Wohlstand an und sch\u00fctzen Sie Ihren Raum vor negativen Energien, indem Sie die Sch\u00f6nheit und Symbolik dieser einzigartigen Gomati-Chakra-Steinb\u00e4ume genie\u00dfen.<\/span><\/p>\n<p><em><strong>Tipp:<\/strong><\/em><\/p>\n<p><span style=\"color: rgb(75, 80, 88);\">F\u00fcr das perfekte Arrangement, das jeden Besucher in seinen Bann zieht, kombinieren Sie die Gomati-Chakra-Steinb\u00e4ume mit nat\u00fcrlichen Elementen wie Rentiermoos und h\u00f6lzernen Glasschalen. Die weiche, \u00fcppige Textur des&nbsp;<\/span><a href=\"https:\/\/aromasentia.com\/moss\"><span style=\"color: rgb(141, 186, 216);\"><strong>Rentiermoos&nbsp;<\/strong><\/span><\/a><span style=\"color: rgb(75, 80, 88);\">bildet einen wundersch\u00f6nen Kontrast zu den spiralf\u00f6rmigen Gomati-Chakra-Steinen und verleiht Ihrer Einrichtung eine nat\u00fcrliche und organische Note. Platzieren Sie die B\u00e4ume in nat\u00fcrlichen&nbsp;<\/span><a href=\"https:\/\/aromasentia.com\/molten-glass-on-wood\"><span style=\"color: rgb(141, 186, 216);\"><strong>Holzglasschalen<\/strong><\/span><\/a><span style=\"color: rgb(75, 80, 88);\">&nbsp;oder <\/span><a href=\"https:\/\/aromasentia.com\/galass-terrariums\"><span style=\"color: rgb(141, 186, 216);\"><strong>Glasterarien<\/strong><\/span><\/a><span style=\"color: rgb(75, 80, 88);\">, um ihre Eleganz hervorzuheben und eine harmonische Mischung aus Erdigkeit und Raffinesse zu schaffen.<\/span><\/p>\n","protected":false},"excerpt":{"rendered":"<p>Versch\u00f6nern Sie Ihren Raum mit der kraftvollen Energie der Gomati-Chakra-Steinb\u00e4ume! Dieses Set aus vier wundersch\u00f6nen Steinb\u00e4umen, erh\u00e4ltlich in den Gr\u00f6\u00dfen gro\u00df (60 Steine), mittel (45 Steine) und klein (15 Steine), wurde gefertigt, um Ihre Umgebung mit positiver Energie, Schutz und F\u00fclle zu erf\u00fcllen. Jeder Stein, handverlesen aus dem heiligen Gomati-Fluss in Indien, weist die nat\u00fcrlichen [&hellip;]<\/p>\n","protected":false},"featured_media":334292,"comment_status":"closed","ping_status":"open","template":"","meta":{"_angie_page":false},"product_brand":[],"product_cat":[25223,19268,17269,25615],"product_tag":[],"class_list":{"0":"post-233301","1":"product","2":"type-product","3":"status-publish","4":"has-post-thumbnail","6":"product_cat-edelsteine-mineralien","7":"product_cat-edelsteinschmuck-und-accessoires","8":"product_cat-esoterik-geschenke","9":"product_cat-gomati-chakra-stein","10":"pa_collection-gomati-chakra-stone-trees-de","12":"first","13":"instock","14":"purchasable","15":"product-type-simple"},"supplier_id":null,"supplier_sku":"GCC-MX","barcode":null,"atum_controlled":true,"out_stock_date":null,"out_stock_threshold":null,"inheritable":false,"inbound_stock":null,"stock_on_hold":0,"sold_today":0,"sales_last_days":0,"reserved_stock":null,"customer_returns":null,"warehouse_damage":null,"lost_in_post":null,"other_logs":null,"out_stock_days":0,"lost_sales":0,"has_location":null,"update_date":"2026-04-27T07:05:08","atum_locations":[],"atum_stock_status":"instock","restock_status":false,"low_stock_amount":"","sales_update_date":"2026-02-06T00:02:46","calc_backorders":null,"_links":{"self":[{"href":"https:\/\/aromasentia.com\/de\/wp-json\/wp\/v2\/product\/233301","targetHints":{"allow":["GET"]}}],"collection":[{"href":"https:\/\/aromasentia.com\/de\/wp-json\/wp\/v2\/product"}],"about":[{"href":"https:\/\/aromasentia.com\/de\/wp-json\/wp\/v2\/types\/product"}],"replies":[{"embeddable":true,"href":"https:\/\/aromasentia.com\/de\/wp-json\/wp\/v2\/comments?post=233301"}],"version-history":[{"count":0,"href":"https:\/\/aromasentia.com\/de\/wp-json\/wp\/v2\/product\/233301\/revisions"}],"wp:featuredmedia":[{"embeddable":true,"href":"https:\/\/aromasentia.com\/de\/wp-json\/wp\/v2\/media\/334292"}],"wp:attachment":[{"href":"https:\/\/aromasentia.com\/de\/wp-json\/wp\/v2\/media?parent=233301"}],"wp:term":[{"taxonomy":"product_brand","embeddable":true,"href":"https:\/\/aromasentia.com\/de\/wp-json\/wp\/v2\/product_brand?post=233301"},{"taxonomy":"product_cat","embeddable":true,"href":"https:\/\/aromasentia.com\/de\/wp-json\/wp\/v2\/product_cat?post=233301"},{"taxonomy":"product_tag","embeddable":true,"href":"https:\/\/aromasentia.com\/de\/wp-json\/wp\/v2\/product_tag?post=233301"}],"curies":[{"name":"wp","href":"https:\/\/api.w.org\/{rel}","templated":true}]}}