{"id":233289,"date":"2025-03-22T13:29:32","date_gmt":"2025-03-22T13:29:32","guid":{"rendered":"https:\/\/aromasentia.com\/product\/med-gomati-chakra-circle-stone-trees-45-stones\/"},"modified":"2025-12-30T20:12:51","modified_gmt":"2025-12-30T20:12:51","slug":"med-gomati-chakra-kreis-steinbaeume-45-steine","status":"publish","type":"product","link":"https:\/\/aromasentia.com\/de\/med-gomati-chakra-kreis-steinbaeume-45-steine\/","title":{"rendered":"Med Gomati Chakra Kreis Steinb\u00e4ume &#8211; (45 Steine)"},"content":{"rendered":"<p><span style=\"color: rgb(75, 80, 88);\"><strong>Dieser mittelgro\u00dfe Steinbaum enth\u00e4lt 45 wundersch\u00f6ne Gomati-Chakra-Steine.<\/strong><\/span><\/p>\n<p><span style=\"color: rgb(75, 80, 88);\">Jeder Stein wurde handverlesen aus dem Gomati-Fluss in Indien, der f\u00fcr seine symbolischen Spiralmuster bekannt ist, die die Zyklen des Lebens, pers\u00f6nliches Wachstum und Energiefluss darstellen.<\/span><\/p>\n<p><span style=\"color: rgb(75, 80, 88);\">Dieser atemberaubende Baum ist nicht nur ein dekoratives St\u00fcck, sondern soll auch Reichtum, Wohlstand und Schutz vor negativen Energien anziehen.<\/span><\/p>\n<p><span style=\"color: rgb(75, 80, 88);\"><strong>Ideal f\u00fcr Meditationsr\u00e4ume, Wohnzimmer oder spirituelle Zentren, verleiht dieser Baum jedem Raum einen Hauch von alter Weisheit und moderner Eleganz. Einstellung<\/strong>.<\/span><\/p>\n","protected":false},"excerpt":{"rendered":"<p>Dieser mittelgro\u00dfe Steinbaum enth\u00e4lt 45 wundersch\u00f6ne Gomati-Chakra-Steine. Jeder Stein wurde handverlesen aus dem Gomati-Fluss in Indien, der f\u00fcr seine symbolischen Spiralmuster bekannt ist, die die Zyklen des Lebens, pers\u00f6nliches Wachstum und Energiefluss darstellen. Dieser atemberaubende Baum ist nicht nur ein dekoratives St\u00fcck, sondern soll auch Reichtum, Wohlstand und Schutz vor negativen Energien anziehen. Ideal f\u00fcr [&hellip;]<\/p>\n","protected":false},"featured_media":334185,"comment_status":"closed","ping_status":"open","template":"","meta":{"_angie_page":false},"product_brand":[],"product_cat":[25223,19268,17269,25615],"product_tag":[],"class_list":{"0":"post-233289","1":"product","2":"type-product","3":"status-publish","4":"has-post-thumbnail","6":"product_cat-edelsteine-mineralien","7":"product_cat-edelsteinschmuck-und-accessoires","8":"product_cat-esoterik-geschenke","9":"product_cat-gomati-chakra-stein","10":"pa_collection-gomati-chakra-stone-trees-de","11":"pa_made-in-indien","13":"first","14":"instock","15":"purchasable","16":"product-type-simple"},"supplier_id":null,"supplier_sku":"GCC-02","barcode":null,"atum_controlled":true,"out_stock_date":null,"out_stock_threshold":null,"inheritable":false,"inbound_stock":null,"stock_on_hold":0,"sold_today":0,"sales_last_days":0,"reserved_stock":null,"customer_returns":null,"warehouse_damage":null,"lost_in_post":null,"other_logs":null,"out_stock_days":0,"lost_sales":0,"has_location":null,"update_date":"2026-05-04T00:03:55","atum_locations":[],"atum_stock_status":"instock","restock_status":false,"low_stock_amount":"","sales_update_date":"2026-01-30T01:24:39","calc_backorders":null,"_links":{"self":[{"href":"https:\/\/aromasentia.com\/de\/wp-json\/wp\/v2\/product\/233289","targetHints":{"allow":["GET"]}}],"collection":[{"href":"https:\/\/aromasentia.com\/de\/wp-json\/wp\/v2\/product"}],"about":[{"href":"https:\/\/aromasentia.com\/de\/wp-json\/wp\/v2\/types\/product"}],"replies":[{"embeddable":true,"href":"https:\/\/aromasentia.com\/de\/wp-json\/wp\/v2\/comments?post=233289"}],"version-history":[{"count":0,"href":"https:\/\/aromasentia.com\/de\/wp-json\/wp\/v2\/product\/233289\/revisions"}],"wp:featuredmedia":[{"embeddable":true,"href":"https:\/\/aromasentia.com\/de\/wp-json\/wp\/v2\/media\/334185"}],"wp:attachment":[{"href":"https:\/\/aromasentia.com\/de\/wp-json\/wp\/v2\/media?parent=233289"}],"wp:term":[{"taxonomy":"product_brand","embeddable":true,"href":"https:\/\/aromasentia.com\/de\/wp-json\/wp\/v2\/product_brand?post=233289"},{"taxonomy":"product_cat","embeddable":true,"href":"https:\/\/aromasentia.com\/de\/wp-json\/wp\/v2\/product_cat?post=233289"},{"taxonomy":"product_tag","embeddable":true,"href":"https:\/\/aromasentia.com\/de\/wp-json\/wp\/v2\/product_tag?post=233289"}],"curies":[{"name":"wp","href":"https:\/\/api.w.org\/{rel}","templated":true}]}}