{"id":233253,"date":"2025-03-22T13:29:32","date_gmt":"2025-03-22T13:29:32","guid":{"rendered":"https:\/\/aromasentia.com\/product\/black-obsidian-points-approx-60-70-gm-9cm-mystic-story-deep-purple\/"},"modified":"2025-12-30T20:12:43","modified_gmt":"2025-12-30T20:12:43","slug":"schwarze-obsidianspitzen-ca-60-70-g-9-cm-mystic-story-deep-purple","status":"publish","type":"product","link":"https:\/\/aromasentia.com\/de\/schwarze-obsidianspitzen-ca-60-70-g-9-cm-mystic-story-deep-purple\/","title":{"rendered":"Schwarze Obsidianspitzen (ca. 60\u201370 g, 9 cm) \u2013 Mystic Story \u2013 Deep Purple"},"content":{"rendered":"<p><span style=\"color: rgb(75, 80, 88);\"><strong>Tauchen Sie ein in die sch\u00fctzende Energie unseres violetten Himmels-Obsidian-Obelisken.<\/strong><\/span><\/p>\n<p><span style=\"color: rgb(75, 80, 88);\">Mit filigranen Sonnen-, Mond- und Sternensymbolen graviert, strahlt dieses St\u00fcck kosmisches Mysterium aus. Ideal f\u00fcr die Meditation, hilft es, die Konzentration und spirituelle Verbindung zu vertiefen und gleichzeitig Negativit\u00e4t abzuwehren. Perfekt als einzigartiges Dekorationsst\u00fcck oder aufmerksames Geschenk f\u00fcr alle, die nach Ausgeglichenheit und Schutz suchen.<\/span><\/p>\n<p><span style=\"color: rgb(75, 80, 88);\"><strong>Die Kraft im Inneren:<\/strong><\/span><\/p>\n<p><span style=\"color: rgb(75, 80, 88);\"><strong>Schwarzer Obsidian ist bekannt f\u00fcr seine sch\u00fctzende und erdende Wirkung, da er hilft, Negativit\u00e4t abzuwehren und sch\u00e4dliche Energien zu absorbieren. <\/strong>Die in jedes St\u00fcck eingravierten mystischen Symbole sollen diese Effekte verst\u00e4rken und diese Punkte zu wirkungsvollen Werkzeugen f\u00fcr Meditation, spirituelle Praktiken oder Kristallheilung machen. &nbsp;<\/span><\/p>\n<p><span style=\"color: rgb(75, 80, 88);\"><strong>So verwenden Sie sie:<\/strong><\/span><\/p>\n<p><span style=\"color: rgb(75, 80, 88);\"><strong>Meditation:<\/strong> Halten Sie w\u00e4hrend der Meditation eines, um Ihre Konzentration und spirituelle Verbindung zu vertiefen.<\/span><\/p>\n<p><span style=\"color: rgb(75, 80, 88);\"><strong>Heilung:<\/strong> Verwenden Sie die spitze Seite, um Energie in Heilungssitzungen zu lenken.<\/span><\/p>\n<p><span style=\"color: rgb(75, 80, 88);\"><strong>Dekoration:<\/strong> Stellen Sie sie in Ihrem Zuhause oder an Ihrem Arbeitsplatz auf, um positive Schwingungen und einen Hauch kosmischer Mystik zu verbreiten.<\/span><\/p>\n","protected":false},"excerpt":{"rendered":"<p>Tauchen Sie ein in die sch\u00fctzende Energie unseres violetten Himmels-Obsidian-Obelisken. Mit filigranen Sonnen-, Mond- und Sternensymbolen graviert, strahlt dieses St\u00fcck kosmisches Mysterium aus. Ideal f\u00fcr die Meditation, hilft es, die Konzentration und spirituelle Verbindung zu vertiefen und gleichzeitig Negativit\u00e4t abzuwehren. Perfekt als einzigartiges Dekorationsst\u00fcck oder aufmerksames Geschenk f\u00fcr alle, die nach Ausgeglichenheit und Schutz suchen. [&hellip;]<\/p>\n","protected":false},"featured_media":333880,"comment_status":"closed","ping_status":"open","template":"","meta":{"_angie_page":false},"product_brand":[],"product_cat":[25223,17269,25695,18942],"product_tag":[],"class_list":{"0":"post-233253","1":"product","2":"type-product","3":"status-publish","4":"has-post-thumbnail","6":"product_cat-edelsteine-mineralien","7":"product_cat-esoterik-geschenke","8":"product_cat-obsidian","9":"product_cat-trommelsteine","10":"pa_collection-black-obsidian-points-de","11":"pa_made-in-china","13":"first","14":"instock","15":"purchasable","16":"product-type-simple"},"supplier_id":null,"supplier_sku":"CryPt-04","barcode":null,"atum_controlled":true,"out_stock_date":null,"out_stock_threshold":null,"inheritable":false,"inbound_stock":null,"stock_on_hold":0,"sold_today":0,"sales_last_days":0,"reserved_stock":null,"customer_returns":null,"warehouse_damage":null,"lost_in_post":null,"other_logs":null,"out_stock_days":0,"lost_sales":0,"has_location":null,"update_date":"2026-04-27T06:58:25","atum_locations":[],"atum_stock_status":"instock","restock_status":false,"low_stock_amount":"","sales_update_date":"2026-01-30T01:24:57","calc_backorders":null,"_links":{"self":[{"href":"https:\/\/aromasentia.com\/de\/wp-json\/wp\/v2\/product\/233253","targetHints":{"allow":["GET"]}}],"collection":[{"href":"https:\/\/aromasentia.com\/de\/wp-json\/wp\/v2\/product"}],"about":[{"href":"https:\/\/aromasentia.com\/de\/wp-json\/wp\/v2\/types\/product"}],"replies":[{"embeddable":true,"href":"https:\/\/aromasentia.com\/de\/wp-json\/wp\/v2\/comments?post=233253"}],"version-history":[{"count":0,"href":"https:\/\/aromasentia.com\/de\/wp-json\/wp\/v2\/product\/233253\/revisions"}],"wp:featuredmedia":[{"embeddable":true,"href":"https:\/\/aromasentia.com\/de\/wp-json\/wp\/v2\/media\/333880"}],"wp:attachment":[{"href":"https:\/\/aromasentia.com\/de\/wp-json\/wp\/v2\/media?parent=233253"}],"wp:term":[{"taxonomy":"product_brand","embeddable":true,"href":"https:\/\/aromasentia.com\/de\/wp-json\/wp\/v2\/product_brand?post=233253"},{"taxonomy":"product_cat","embeddable":true,"href":"https:\/\/aromasentia.com\/de\/wp-json\/wp\/v2\/product_cat?post=233253"},{"taxonomy":"product_tag","embeddable":true,"href":"https:\/\/aromasentia.com\/de\/wp-json\/wp\/v2\/product_tag?post=233253"}],"curies":[{"name":"wp","href":"https:\/\/api.w.org\/{rel}","templated":true}]}}