{"id":233225,"date":"2025-03-22T13:29:41","date_gmt":"2025-03-22T13:29:41","guid":{"rendered":"https:\/\/aromasentia.com\/product\/magic-pendulum-tree-agate\/"},"modified":"2025-12-30T20:12:35","modified_gmt":"2025-12-30T20:12:35","slug":"magische-edelsteinpendel-baumachat","status":"publish","type":"product","link":"https:\/\/aromasentia.com\/de\/magische-edelsteinpendel-baumachat\/","title":{"rendered":"Magische Edelsteinpendel &#8218;Baumachat&#8216;"},"content":{"rendered":"<p>Radi\u00e4sthesie oder W\u00fcnschelrute soll \u00fcber 6000 Jahre alt sein. Schon die \u00c4gypter und die alten Chinesen praktizierten sie. W\u00fcnschelrute kann auf viele Arten durchgef\u00fchrt werden und wird f\u00fcr die unterschiedlichsten Zwecke eingesetzt, z. B. zum Auffinden von Wasser, Mineralien, vermissten Personen und sogar verlorenen Gegenst\u00e4nden. Sie wird auch in der Heilkunde, bei Reiki und Wahrsagerei verwendet.<\/p>\n<p>Diese Kristallpendel sind einzigartig: verschiedene Schliffe, verschiedene Steine &#8230; unterschiedliche Energie. Ausgestattet mit einer Silberkette und einer Edelsteinperle am oberen Ende haben sie wirklich etwas ganz Magisches an sich. Hochwertige Edelsteinpendel in verschiedenen Steinen. Jedes ist an einer ca. 170 mm langen Kette mit einer Edelsteinperle am Ende befestigt.<\/p>\n<p>BITTE BEACHTEN: Diese Pendel sind handgefertigt aus einem Naturprodukt. Aus diesem Grund k\u00f6nnen die Gr\u00f6\u00dfen der Edelsteinst\u00fccke variieren.<\/p>\n","protected":false},"excerpt":{"rendered":"<p>Radi\u00e4sthesie oder W\u00fcnschelrute soll \u00fcber 6000 Jahre alt sein. Schon die \u00c4gypter und die alten Chinesen praktizierten sie. W\u00fcnschelrute kann auf viele Arten durchgef\u00fchrt werden und wird f\u00fcr die unterschiedlichsten Zwecke eingesetzt, z. B. zum Auffinden von Wasser, Mineralien, vermissten Personen und sogar verlorenen Gegenst\u00e4nden. Sie wird auch in der Heilkunde, bei Reiki und Wahrsagerei [&hellip;]<\/p>\n","protected":false},"featured_media":336213,"comment_status":"closed","ping_status":"open","template":"","meta":[],"product_brand":[],"product_cat":[25542,25223,14451,19146,19076],"product_tag":[],"class_list":{"0":"post-233225","1":"product","2":"type-product","3":"status-publish","4":"has-post-thumbnail","6":"product_cat-agate","7":"product_cat-edelsteine-mineralien","8":"product_cat-haus-und-gartendeko","9":"product_cat-inspirationen","10":"product_cat-pendel-und-runen-steinset","11":"pa_collection-gemstone-magic-pendulums-de","12":"pa_made-in-indien","14":"first","15":"instock","16":"purchasable","17":"product-type-simple"},"supplier_id":null,"supplier_sku":"GemMP-07","barcode":null,"atum_controlled":true,"out_stock_date":null,"out_stock_threshold":null,"inheritable":false,"inbound_stock":null,"stock_on_hold":0,"sold_today":0,"sales_last_days":0,"reserved_stock":null,"customer_returns":null,"warehouse_damage":null,"lost_in_post":null,"other_logs":null,"out_stock_days":0,"lost_sales":0,"has_location":null,"update_date":"2026-02-12T05:50:44","atum_locations":[],"atum_stock_status":"instock","restock_status":false,"low_stock_amount":"","sales_update_date":"2025-09-05T00:24:11","calc_backorders":null,"_links":{"self":[{"href":"https:\/\/aromasentia.com\/de\/wp-json\/wp\/v2\/product\/233225","targetHints":{"allow":["GET"]}}],"collection":[{"href":"https:\/\/aromasentia.com\/de\/wp-json\/wp\/v2\/product"}],"about":[{"href":"https:\/\/aromasentia.com\/de\/wp-json\/wp\/v2\/types\/product"}],"replies":[{"embeddable":true,"href":"https:\/\/aromasentia.com\/de\/wp-json\/wp\/v2\/comments?post=233225"}],"version-history":[{"count":0,"href":"https:\/\/aromasentia.com\/de\/wp-json\/wp\/v2\/product\/233225\/revisions"}],"wp:featuredmedia":[{"embeddable":true,"href":"https:\/\/aromasentia.com\/de\/wp-json\/wp\/v2\/media\/336213"}],"wp:attachment":[{"href":"https:\/\/aromasentia.com\/de\/wp-json\/wp\/v2\/media?parent=233225"}],"wp:term":[{"taxonomy":"product_brand","embeddable":true,"href":"https:\/\/aromasentia.com\/de\/wp-json\/wp\/v2\/product_brand?post=233225"},{"taxonomy":"product_cat","embeddable":true,"href":"https:\/\/aromasentia.com\/de\/wp-json\/wp\/v2\/product_cat?post=233225"},{"taxonomy":"product_tag","embeddable":true,"href":"https:\/\/aromasentia.com\/de\/wp-json\/wp\/v2\/product_tag?post=233225"}],"curies":[{"name":"wp","href":"https:\/\/api.w.org\/{rel}","templated":true}]}}