{"id":233177,"date":"2025-03-22T13:29:41","date_gmt":"2025-03-22T13:29:41","guid":{"rendered":"https:\/\/aromasentia.com\/product\/gemstone-vibration-pad-rose-quartz\/"},"modified":"2025-12-30T20:12:27","modified_gmt":"2025-12-30T20:12:27","slug":"edelstein-vibrationsmassagegeraet-rosenquarz","status":"publish","type":"product","link":"https:\/\/aromasentia.com\/de\/edelstein-vibrationsmassagegeraet-rosenquarz\/","title":{"rendered":"Edelstein-Vibrationsmassageger\u00e4t &#8211; Rosenquarz"},"content":{"rendered":"<p>Gewicht 70\u201373\u00a0g<\/p>\n<p>Gr\u00f6\u00dfe: L\u00e4nge 15,5\u00a0cm, Breite 2,5\u00a0cm, H\u00f6he 3\u00a0cm<\/p>\n<p>Edelstein-Vibrationspad funktioniert mit AA-Batterie<\/p>\n<p><strong>Bitte beachten Sie, dass keine Batterie im Lieferumfang enthalten ist<\/strong><\/p>\n","protected":false},"excerpt":{"rendered":"<p>Gewicht 70\u201373\u00a0g Gr\u00f6\u00dfe: L\u00e4nge 15,5\u00a0cm, Breite 2,5\u00a0cm, H\u00f6he 3\u00a0cm Edelstein-Vibrationspad funktioniert mit AA-Batterie Bitte beachten Sie, dass keine Batterie im Lieferumfang enthalten ist<\/p>\n","protected":false},"featured_media":336089,"comment_status":"closed","ping_status":"open","template":"","meta":{"_angie_page":false},"product_brand":[27070],"product_cat":[19448,25223,19268,17269,19449,25735,25752],"product_tag":[],"class_list":{"0":"post-233177","1":"product","2":"type-product","3":"status-publish","4":"has-post-thumbnail","6":"product_brand-aw-cosmetics","7":"product_cat-bad-und-korper","8":"product_cat-edelsteine-mineralien","9":"product_cat-edelsteinschmuck-und-accessoires","10":"product_cat-esoterik-geschenke","11":"product_cat-massagezubehor","12":"product_cat-quarz","13":"product_cat-rosenquarz","14":"pa_collection-gemstone-face-roller-de","15":"pa_made-in-china","17":"first","18":"instock","19":"purchasable","20":"product-type-simple"},"supplier_id":null,"supplier_sku":"GemFR-19","barcode":null,"atum_controlled":true,"out_stock_date":null,"out_stock_threshold":null,"inheritable":false,"inbound_stock":null,"stock_on_hold":0,"sold_today":0,"sales_last_days":0,"reserved_stock":null,"customer_returns":null,"warehouse_damage":null,"lost_in_post":null,"other_logs":null,"out_stock_days":91,"lost_sales":0,"has_location":null,"update_date":"2026-04-27T07:05:16","atum_locations":[],"atum_stock_status":"instock","restock_status":false,"low_stock_amount":"","sales_update_date":"2026-01-20T05:14:41","calc_backorders":null,"_links":{"self":[{"href":"https:\/\/aromasentia.com\/de\/wp-json\/wp\/v2\/product\/233177","targetHints":{"allow":["GET"]}}],"collection":[{"href":"https:\/\/aromasentia.com\/de\/wp-json\/wp\/v2\/product"}],"about":[{"href":"https:\/\/aromasentia.com\/de\/wp-json\/wp\/v2\/types\/product"}],"replies":[{"embeddable":true,"href":"https:\/\/aromasentia.com\/de\/wp-json\/wp\/v2\/comments?post=233177"}],"version-history":[{"count":0,"href":"https:\/\/aromasentia.com\/de\/wp-json\/wp\/v2\/product\/233177\/revisions"}],"wp:featuredmedia":[{"embeddable":true,"href":"https:\/\/aromasentia.com\/de\/wp-json\/wp\/v2\/media\/336089"}],"wp:attachment":[{"href":"https:\/\/aromasentia.com\/de\/wp-json\/wp\/v2\/media?parent=233177"}],"wp:term":[{"taxonomy":"product_brand","embeddable":true,"href":"https:\/\/aromasentia.com\/de\/wp-json\/wp\/v2\/product_brand?post=233177"},{"taxonomy":"product_cat","embeddable":true,"href":"https:\/\/aromasentia.com\/de\/wp-json\/wp\/v2\/product_cat?post=233177"},{"taxonomy":"product_tag","embeddable":true,"href":"https:\/\/aromasentia.com\/de\/wp-json\/wp\/v2\/product_tag?post=233177"}],"curies":[{"name":"wp","href":"https:\/\/api.w.org\/{rel}","templated":true}]}}