{"id":233125,"date":"2025-03-22T13:29:41","date_gmt":"2025-03-22T13:29:41","guid":{"rendered":"https:\/\/aromasentia.com\/product\/gemstone-face-roller-sodalite\/"},"modified":"2025-12-30T20:12:19","modified_gmt":"2025-12-30T20:12:19","slug":"edelstein-gesichts-roller-sodalide","status":"publish","type":"product","link":"https:\/\/aromasentia.com\/de\/edelstein-gesichts-roller-sodalide\/","title":{"rendered":"Edelstein-Gesichts Roller &#8211; Sodalide"},"content":{"rendered":"<p><strong>Edelstein-Gesichtsroller \u2013 Sodalith<\/strong> ist die perfekte Erg\u00e4nzung f\u00fcr Ihre Hautpflege. Edelstein-Gesichtsroller k\u00f6nnen hervorragende Hilfsmittel sein, um Verspannungen zu l\u00f6sen, die Durchblutung zu f\u00f6rdern und Schwellungen zu minimieren. Der doppelseitige Roller f\u00f6rdert die Mikrozirkulation, reduziert Schwellungen und tr\u00e4gt zur Verbesserung der Hautelastizit\u00e4t bei.<\/p>\n<p><strong>Anwendung:<\/strong> Rollen Sie vom Kinn nach oben und au\u00dfen in Richtung der Wangen oder von der Stirnmitte nach au\u00dfen. Den kleinen Roller k\u00f6nnen Sie f\u00fcr die Augen verwenden.&nbsp;<\/p>\n<p>Sodalith hat die Kraft, die Organe zu reinigen und ihre volle Leistungsf\u00e4higkeit zu steigern. Er kann au\u00dferdem Ihr Immunsystem st\u00e4rken und Sie vor den h\u00e4ufigsten Krankheiten sch\u00fctzen.<\/p>\n","protected":false},"excerpt":{"rendered":"<p>Edelstein-Gesichtsroller \u2013 Sodalith ist die perfekte Erg\u00e4nzung f\u00fcr Ihre Hautpflege. Edelstein-Gesichtsroller k\u00f6nnen hervorragende Hilfsmittel sein, um Verspannungen zu l\u00f6sen, die Durchblutung zu f\u00f6rdern und Schwellungen zu minimieren. Der doppelseitige Roller f\u00f6rdert die Mikrozirkulation, reduziert Schwellungen und tr\u00e4gt zur Verbesserung der Hautelastizit\u00e4t bei. Anwendung: Rollen Sie vom Kinn nach oben und au\u00dfen in Richtung der Wangen [&hellip;]<\/p>\n","protected":false},"featured_media":335948,"comment_status":"closed","ping_status":"open","template":"","meta":{"_angie_page":false},"product_brand":[27070],"product_cat":[19448,25223,19268,17269,19449,25767],"product_tag":[],"class_list":{"0":"post-233125","1":"product","2":"type-product","3":"status-publish","4":"has-post-thumbnail","6":"product_brand-aw-cosmetics","7":"product_cat-bad-und-korper","8":"product_cat-edelsteine-mineralien","9":"product_cat-edelsteinschmuck-und-accessoires","10":"product_cat-esoterik-geschenke","11":"product_cat-massagezubehor","12":"product_cat-sodalith","13":"pa_collection-gemstone-face-roller-de","14":"pa_made-in-china","16":"first","17":"instock","18":"purchasable","19":"product-type-simple"},"supplier_id":null,"supplier_sku":"GemFR-06","barcode":null,"atum_controlled":true,"out_stock_date":null,"out_stock_threshold":null,"inheritable":false,"inbound_stock":null,"stock_on_hold":0,"sold_today":0,"sales_last_days":0,"reserved_stock":null,"customer_returns":null,"warehouse_damage":null,"lost_in_post":null,"other_logs":null,"out_stock_days":0,"lost_sales":0,"has_location":null,"update_date":"2026-04-27T07:05:16","atum_locations":[],"atum_stock_status":"instock","restock_status":false,"low_stock_amount":"","sales_update_date":"2025-09-04T00:22:19","calc_backorders":null,"_links":{"self":[{"href":"https:\/\/aromasentia.com\/de\/wp-json\/wp\/v2\/product\/233125","targetHints":{"allow":["GET"]}}],"collection":[{"href":"https:\/\/aromasentia.com\/de\/wp-json\/wp\/v2\/product"}],"about":[{"href":"https:\/\/aromasentia.com\/de\/wp-json\/wp\/v2\/types\/product"}],"replies":[{"embeddable":true,"href":"https:\/\/aromasentia.com\/de\/wp-json\/wp\/v2\/comments?post=233125"}],"version-history":[{"count":0,"href":"https:\/\/aromasentia.com\/de\/wp-json\/wp\/v2\/product\/233125\/revisions"}],"wp:featuredmedia":[{"embeddable":true,"href":"https:\/\/aromasentia.com\/de\/wp-json\/wp\/v2\/media\/335948"}],"wp:attachment":[{"href":"https:\/\/aromasentia.com\/de\/wp-json\/wp\/v2\/media?parent=233125"}],"wp:term":[{"taxonomy":"product_brand","embeddable":true,"href":"https:\/\/aromasentia.com\/de\/wp-json\/wp\/v2\/product_brand?post=233125"},{"taxonomy":"product_cat","embeddable":true,"href":"https:\/\/aromasentia.com\/de\/wp-json\/wp\/v2\/product_cat?post=233125"},{"taxonomy":"product_tag","embeddable":true,"href":"https:\/\/aromasentia.com\/de\/wp-json\/wp\/v2\/product_tag?post=233125"}],"curies":[{"name":"wp","href":"https:\/\/api.w.org\/{rel}","templated":true}]}}