{"id":233121,"date":"2025-03-22T13:29:41","date_gmt":"2025-03-22T13:29:41","guid":{"rendered":"https:\/\/aromasentia.com\/product\/gemstone-face-roller-black-obsidian\/"},"modified":"2025-12-30T20:12:19","modified_gmt":"2025-12-30T20:12:19","slug":"edelstein-gesichts-roller-schwarzer-obsidian","status":"publish","type":"product","link":"https:\/\/aromasentia.com\/de\/edelstein-gesichts-roller-schwarzer-obsidian\/","title":{"rendered":"Edelstein-Gesichts Roller- Schwarzer Obsidian"},"content":{"rendered":"<p><strong>Edelstein-Gesichtsroller \u2013 Schwarzer Obsidian<\/strong> ist die perfekte Erg\u00e4nzung f\u00fcr Ihre Hautpflege. Edelstein-Gesichtsroller k\u00f6nnen hervorragende Hilfsmittel sein, um Verspannungen zu l\u00f6sen, die Durchblutung zu f\u00f6rdern und Schwellungen zu minimieren. Der doppelseitige Roller f\u00f6rdert die Mikrozirkulation, reduziert Schwellungen und tr\u00e4gt zur Verbesserung der Hautelastizit\u00e4t bei.<\/p>\n<p><strong>Anwendung:<\/strong> Rollen Sie den Roller vom Kinn nach oben und au\u00dfen in Richtung der Wangen oder von der Stirnmitte nach au\u00dfen. Den kleinen Roller k\u00f6nnen Sie f\u00fcr die Augen verwenden.<\/p>\n<p>Schwarzer Obsidian ist ein glasartiges Gestein, das aus schnell abk\u00fchlender Vulkanlava entsteht. Er reinigt wirksam psychischen Smog in Ihrer Aura und ist ein starker Schutzstein.<\/p>\n","protected":false},"excerpt":{"rendered":"<p>Edelstein-Gesichtsroller \u2013 Schwarzer Obsidian ist die perfekte Erg\u00e4nzung f\u00fcr Ihre Hautpflege. Edelstein-Gesichtsroller k\u00f6nnen hervorragende Hilfsmittel sein, um Verspannungen zu l\u00f6sen, die Durchblutung zu f\u00f6rdern und Schwellungen zu minimieren. Der doppelseitige Roller f\u00f6rdert die Mikrozirkulation, reduziert Schwellungen und tr\u00e4gt zur Verbesserung der Hautelastizit\u00e4t bei. Anwendung: Rollen Sie den Roller vom Kinn nach oben und au\u00dfen in [&hellip;]<\/p>\n","protected":false},"featured_media":335907,"comment_status":"closed","ping_status":"open","template":"","meta":{"_angie_page":false},"product_brand":[27070],"product_cat":[19448,25223,19268,17269,19449,25695],"product_tag":[],"class_list":{"0":"post-233121","1":"product","2":"type-product","3":"status-publish","4":"has-post-thumbnail","6":"product_brand-aw-cosmetics","7":"product_cat-bad-und-korper","8":"product_cat-edelsteine-mineralien","9":"product_cat-edelsteinschmuck-und-accessoires","10":"product_cat-esoterik-geschenke","11":"product_cat-massagezubehor","12":"product_cat-obsidian","13":"pa_collection-gemstone-face-roller-de","14":"pa_made-in-china","16":"first","17":"instock","18":"purchasable","19":"product-type-simple"},"supplier_id":null,"supplier_sku":"GemFR-05","barcode":null,"atum_controlled":true,"out_stock_date":null,"out_stock_threshold":null,"inheritable":false,"inbound_stock":null,"stock_on_hold":0,"sold_today":0,"sales_last_days":0,"reserved_stock":null,"customer_returns":null,"warehouse_damage":null,"lost_in_post":null,"other_logs":null,"out_stock_days":0,"lost_sales":0,"has_location":null,"update_date":"2026-04-27T07:05:16","atum_locations":[],"atum_stock_status":"instock","restock_status":false,"low_stock_amount":"","sales_update_date":"2025-09-04T00:22:19","calc_backorders":null,"_links":{"self":[{"href":"https:\/\/aromasentia.com\/de\/wp-json\/wp\/v2\/product\/233121","targetHints":{"allow":["GET"]}}],"collection":[{"href":"https:\/\/aromasentia.com\/de\/wp-json\/wp\/v2\/product"}],"about":[{"href":"https:\/\/aromasentia.com\/de\/wp-json\/wp\/v2\/types\/product"}],"replies":[{"embeddable":true,"href":"https:\/\/aromasentia.com\/de\/wp-json\/wp\/v2\/comments?post=233121"}],"version-history":[{"count":0,"href":"https:\/\/aromasentia.com\/de\/wp-json\/wp\/v2\/product\/233121\/revisions"}],"wp:featuredmedia":[{"embeddable":true,"href":"https:\/\/aromasentia.com\/de\/wp-json\/wp\/v2\/media\/335907"}],"wp:attachment":[{"href":"https:\/\/aromasentia.com\/de\/wp-json\/wp\/v2\/media?parent=233121"}],"wp:term":[{"taxonomy":"product_brand","embeddable":true,"href":"https:\/\/aromasentia.com\/de\/wp-json\/wp\/v2\/product_brand?post=233121"},{"taxonomy":"product_cat","embeddable":true,"href":"https:\/\/aromasentia.com\/de\/wp-json\/wp\/v2\/product_cat?post=233121"},{"taxonomy":"product_tag","embeddable":true,"href":"https:\/\/aromasentia.com\/de\/wp-json\/wp\/v2\/product_tag?post=233121"}],"curies":[{"name":"wp","href":"https:\/\/api.w.org\/{rel}","templated":true}]}}