{"id":233117,"date":"2025-03-22T13:29:41","date_gmt":"2025-03-22T13:29:41","guid":{"rendered":"https:\/\/aromasentia.com\/product\/gemstone-face-roller-jade\/"},"modified":"2025-12-30T20:12:11","modified_gmt":"2025-12-30T20:12:11","slug":"edelstein-gesichts-roller-jade","status":"publish","type":"product","link":"https:\/\/aromasentia.com\/de\/edelstein-gesichts-roller-jade\/","title":{"rendered":"Edelstein-Gesichts Roller &#8211; Jade"},"content":{"rendered":"<p><strong>Edelstein-Gesichtsroller \u2013 Jade<\/strong> ist die perfekte Erg\u00e4nzung f\u00fcr Ihre Hautpflege. Edelstein-Gesichtsroller k\u00f6nnen wunderbare Hilfsmittel sein, um Verspannungen zu l\u00f6sen, die Durchblutung zu f\u00f6rdern und Schwellungen zu minimieren. Der doppelseitige Roller kann verwendet werden, um die Mikrozirkulation zu steigern, Schwellungen zu reduzieren und die Hautelastizit\u00e4t zu verbessern.<\/p>\n<p><strong>Anwendung:<\/strong> Rollen Sie vom Kinn nach oben und au\u00dfen in Richtung der Wangen oder von der Stirnmitte nach au\u00dfen. Den kleinen Roller k\u00f6nnen Sie f\u00fcr Ihre Augen verwenden.<\/p>\n<p>F\u00fcr Anh\u00e4nger alternativer Heilmethoden tr\u00e4gt Jade eine sanfte, leichte und n\u00e4hrende Energie in sich, die sehr heilsam sein kann. Sie strahlt eine wohltuende Reinheit aus und reinigt Ihr Energiefeld auf eine akzeptierende, liebevolle und weise Weise.<\/p>\n","protected":false},"excerpt":{"rendered":"<p>Edelstein-Gesichtsroller \u2013 Jade ist die perfekte Erg\u00e4nzung f\u00fcr Ihre Hautpflege. Edelstein-Gesichtsroller k\u00f6nnen wunderbare Hilfsmittel sein, um Verspannungen zu l\u00f6sen, die Durchblutung zu f\u00f6rdern und Schwellungen zu minimieren. Der doppelseitige Roller kann verwendet werden, um die Mikrozirkulation zu steigern, Schwellungen zu reduzieren und die Hautelastizit\u00e4t zu verbessern. Anwendung: Rollen Sie vom Kinn nach oben und au\u00dfen [&hellip;]<\/p>\n","protected":false},"featured_media":335866,"comment_status":"closed","ping_status":"open","template":"","meta":{"_angie_page":false},"product_brand":[27070],"product_cat":[19448,25223,19268,17269,25640,19449],"product_tag":[],"class_list":{"0":"post-233117","1":"product","2":"type-product","3":"status-publish","4":"has-post-thumbnail","6":"product_brand-aw-cosmetics","7":"product_cat-bad-und-korper","8":"product_cat-edelsteine-mineralien","9":"product_cat-edelsteinschmuck-und-accessoires","10":"product_cat-esoterik-geschenke","11":"product_cat-jade","12":"product_cat-massagezubehor","13":"pa_collection-gemstone-face-roller-de","14":"pa_made-in-china","16":"first","17":"instock","18":"purchasable","19":"product-type-simple"},"supplier_id":null,"supplier_sku":"GemFR-04","barcode":null,"atum_controlled":true,"out_stock_date":null,"out_stock_threshold":null,"inheritable":false,"inbound_stock":null,"stock_on_hold":0,"sold_today":0,"sales_last_days":0,"reserved_stock":null,"customer_returns":null,"warehouse_damage":null,"lost_in_post":null,"other_logs":null,"out_stock_days":0,"lost_sales":0,"has_location":null,"update_date":"2026-04-27T07:05:16","atum_locations":[],"atum_stock_status":"instock","restock_status":false,"low_stock_amount":"","sales_update_date":"2025-09-04T00:22:14","calc_backorders":null,"_links":{"self":[{"href":"https:\/\/aromasentia.com\/de\/wp-json\/wp\/v2\/product\/233117","targetHints":{"allow":["GET"]}}],"collection":[{"href":"https:\/\/aromasentia.com\/de\/wp-json\/wp\/v2\/product"}],"about":[{"href":"https:\/\/aromasentia.com\/de\/wp-json\/wp\/v2\/types\/product"}],"replies":[{"embeddable":true,"href":"https:\/\/aromasentia.com\/de\/wp-json\/wp\/v2\/comments?post=233117"}],"version-history":[{"count":0,"href":"https:\/\/aromasentia.com\/de\/wp-json\/wp\/v2\/product\/233117\/revisions"}],"wp:featuredmedia":[{"embeddable":true,"href":"https:\/\/aromasentia.com\/de\/wp-json\/wp\/v2\/media\/335866"}],"wp:attachment":[{"href":"https:\/\/aromasentia.com\/de\/wp-json\/wp\/v2\/media?parent=233117"}],"wp:term":[{"taxonomy":"product_brand","embeddable":true,"href":"https:\/\/aromasentia.com\/de\/wp-json\/wp\/v2\/product_brand?post=233117"},{"taxonomy":"product_cat","embeddable":true,"href":"https:\/\/aromasentia.com\/de\/wp-json\/wp\/v2\/product_cat?post=233117"},{"taxonomy":"product_tag","embeddable":true,"href":"https:\/\/aromasentia.com\/de\/wp-json\/wp\/v2\/product_tag?post=233117"}],"curies":[{"name":"wp","href":"https:\/\/api.w.org\/{rel}","templated":true}]}}