{"id":233105,"date":"2025-03-22T13:29:41","date_gmt":"2025-03-22T13:29:41","guid":{"rendered":"https:\/\/aromasentia.com\/product\/gemstone-face-roller-rose-quartz\/"},"modified":"2025-12-30T20:12:11","modified_gmt":"2025-12-30T20:12:11","slug":"edelstein-gesichts-roller-rosenquartz","status":"publish","type":"product","link":"https:\/\/aromasentia.com\/de\/edelstein-gesichts-roller-rosenquartz\/","title":{"rendered":"Edelstein-Gesichts Roller &#8211; Rosenquartz"},"content":{"rendered":"<p><strong>Edelstein-Gesichtsroller \u2013 Rosenquarz<\/strong> ist die perfekte Erg\u00e4nzung f\u00fcr Ihre Hautpflege. Edelstein-Gesichtsroller sind wunderbare Hilfsmittel, um Verspannungen zu l\u00f6sen, die Durchblutung zu f\u00f6rdern und Schwellungen zu minimieren. Der doppelseitige Roller f\u00f6rdert die Mikrozirkulation, reduziert Schwellungen und verbessert die Hautelastizit\u00e4t.<\/p>\n<p><strong>Anwendung:<\/strong> Rollen Sie vom Kinn nach oben und au\u00dfen in Richtung Wangen oder von der Stirnmitte nach au\u00dfen. Den kleinen Roller k\u00f6nnen Sie f\u00fcr die Augen verwenden.<\/p>\n<p>Der sch\u00f6ne Rosenquarz mit seiner zartrosa Essenz ist ein Stein des Herzens, ein Kristall der bedingungslosen Liebe. Er tr\u00e4gt eine sanfte, weibliche Energie des Mitgef\u00fchls und Friedens, der Z\u00e4rtlichkeit und Heilung, der Nahrung und des Trostes in sich.<\/p>\n","protected":false},"excerpt":{"rendered":"<p>Edelstein-Gesichtsroller \u2013 Rosenquarz ist die perfekte Erg\u00e4nzung f\u00fcr Ihre Hautpflege. Edelstein-Gesichtsroller sind wunderbare Hilfsmittel, um Verspannungen zu l\u00f6sen, die Durchblutung zu f\u00f6rdern und Schwellungen zu minimieren. Der doppelseitige Roller f\u00f6rdert die Mikrozirkulation, reduziert Schwellungen und verbessert die Hautelastizit\u00e4t. Anwendung: Rollen Sie vom Kinn nach oben und au\u00dfen in Richtung Wangen oder von der Stirnmitte nach [&hellip;]<\/p>\n","protected":false},"featured_media":335743,"comment_status":"closed","ping_status":"open","template":"","meta":{"_angie_page":false},"product_brand":[27070],"product_cat":[19448,25223,19268,17269,19449,25735,25752],"product_tag":[],"class_list":{"0":"post-233105","1":"product","2":"type-product","3":"status-publish","4":"has-post-thumbnail","6":"product_brand-aw-cosmetics","7":"product_cat-bad-und-korper","8":"product_cat-edelsteine-mineralien","9":"product_cat-edelsteinschmuck-und-accessoires","10":"product_cat-esoterik-geschenke","11":"product_cat-massagezubehor","12":"product_cat-quarz","13":"product_cat-rosenquarz","14":"pa_collection-gemstone-face-roller-de","15":"pa_made-in-china","17":"first","18":"instock","19":"purchasable","20":"product-type-simple"},"supplier_id":null,"supplier_sku":"GemFR-01","barcode":null,"atum_controlled":true,"out_stock_date":null,"out_stock_threshold":null,"inheritable":false,"inbound_stock":null,"stock_on_hold":0,"sold_today":0,"sales_last_days":0,"reserved_stock":null,"customer_returns":null,"warehouse_damage":null,"lost_in_post":null,"other_logs":null,"out_stock_days":0,"lost_sales":0,"has_location":null,"update_date":"2026-04-27T07:05:08","atum_locations":[],"atum_stock_status":"instock","restock_status":false,"low_stock_amount":"","sales_update_date":"2025-09-04T00:22:13","calc_backorders":null,"_links":{"self":[{"href":"https:\/\/aromasentia.com\/de\/wp-json\/wp\/v2\/product\/233105","targetHints":{"allow":["GET"]}}],"collection":[{"href":"https:\/\/aromasentia.com\/de\/wp-json\/wp\/v2\/product"}],"about":[{"href":"https:\/\/aromasentia.com\/de\/wp-json\/wp\/v2\/types\/product"}],"replies":[{"embeddable":true,"href":"https:\/\/aromasentia.com\/de\/wp-json\/wp\/v2\/comments?post=233105"}],"version-history":[{"count":0,"href":"https:\/\/aromasentia.com\/de\/wp-json\/wp\/v2\/product\/233105\/revisions"}],"wp:featuredmedia":[{"embeddable":true,"href":"https:\/\/aromasentia.com\/de\/wp-json\/wp\/v2\/media\/335743"}],"wp:attachment":[{"href":"https:\/\/aromasentia.com\/de\/wp-json\/wp\/v2\/media?parent=233105"}],"wp:term":[{"taxonomy":"product_brand","embeddable":true,"href":"https:\/\/aromasentia.com\/de\/wp-json\/wp\/v2\/product_brand?post=233105"},{"taxonomy":"product_cat","embeddable":true,"href":"https:\/\/aromasentia.com\/de\/wp-json\/wp\/v2\/product_cat?post=233105"},{"taxonomy":"product_tag","embeddable":true,"href":"https:\/\/aromasentia.com\/de\/wp-json\/wp\/v2\/product_tag?post=233105"}],"curies":[{"name":"wp","href":"https:\/\/api.w.org\/{rel}","templated":true}]}}