{"id":233029,"date":"2025-03-22T13:29:50","date_gmt":"2025-03-22T13:29:50","guid":{"rendered":"https:\/\/aromasentia.com\/product\/twisted-healing-wand-copper-tiger-eye-star\/"},"modified":"2025-12-30T20:11:56","modified_gmt":"2025-12-30T20:11:56","slug":"gedrehter-heilstab-kupfernes-tigerauge","status":"publish","type":"product","link":"https:\/\/aromasentia.com\/de\/gedrehter-heilstab-kupfernes-tigerauge\/","title":{"rendered":"Gedrehter Heilstab &#8211; Kupfernes Tigerauge"},"content":{"rendered":"<p>Lenken Sie Energie mit diesem gedrehten Heilstab &#8211; Tigerauge-Stern aus Kupfer. Dieser einzigartige Heilstab verf\u00fcgt \u00fcber ein gedrehtes Design, das wahrscheinlich leitf\u00e4higes Kupfer enth\u00e4lt, und ist mit einem Tigerauge-Stern best\u00fcckt. Kupfer verst\u00e4rkt die Energie, w\u00e4hrend Tigerauge Schutz und Erdung bietet und die pers\u00f6nliche Kraft st\u00e4rkt. Die Sternform kann Streben und F\u00fchrung symbolisieren. Ein starkes Werkzeug f\u00fcr Energiearbeit, Reiki oder Rituale, das dazu dient, konzentrierte Absichten zu kanalisieren und Mut, Klarheit und energetisches Gleichgewicht zu f\u00f6rdern.<\/p>\n","protected":false},"excerpt":{"rendered":"<p>Lenken Sie Energie mit diesem gedrehten Heilstab &#8211; Tigerauge-Stern aus Kupfer. Dieser einzigartige Heilstab verf\u00fcgt \u00fcber ein gedrehtes Design, das wahrscheinlich leitf\u00e4higes Kupfer enth\u00e4lt, und ist mit einem Tigerauge-Stern best\u00fcckt. Kupfer verst\u00e4rkt die Energie, w\u00e4hrend Tigerauge Schutz und Erdung bietet und die pers\u00f6nliche Kraft st\u00e4rkt. Die Sternform kann Streben und F\u00fchrung symbolisieren. Ein starkes Werkzeug [&hellip;]<\/p>\n","protected":false},"featured_media":337794,"comment_status":"closed","ping_status":"open","template":"","meta":{"_angie_page":false},"product_brand":[],"product_cat":[25223,19268,14451,19146,25787],"product_tag":[],"class_list":{"0":"post-233029","1":"product","2":"type-product","3":"status-publish","4":"has-post-thumbnail","6":"product_cat-edelsteine-mineralien","7":"product_cat-edelsteinschmuck-und-accessoires","8":"product_cat-haus-und-gartendeko","9":"product_cat-inspirationen","10":"product_cat-tigerauge","11":"pa_collection-crystal-healing-wands-de","12":"pa_made-in-indien","14":"first","15":"instock","16":"purchasable","17":"product-type-simple"},"supplier_id":null,"supplier_sku":"HWand-51","barcode":null,"atum_controlled":true,"out_stock_date":null,"out_stock_threshold":null,"inheritable":false,"inbound_stock":null,"stock_on_hold":0,"sold_today":0,"sales_last_days":0,"reserved_stock":null,"customer_returns":null,"warehouse_damage":null,"lost_in_post":null,"other_logs":null,"out_stock_days":0,"lost_sales":0,"has_location":null,"update_date":"2026-04-27T07:08:21","atum_locations":[],"atum_stock_status":"instock","restock_status":false,"low_stock_amount":"","sales_update_date":"2026-01-30T01:26:13","calc_backorders":null,"_links":{"self":[{"href":"https:\/\/aromasentia.com\/de\/wp-json\/wp\/v2\/product\/233029","targetHints":{"allow":["GET"]}}],"collection":[{"href":"https:\/\/aromasentia.com\/de\/wp-json\/wp\/v2\/product"}],"about":[{"href":"https:\/\/aromasentia.com\/de\/wp-json\/wp\/v2\/types\/product"}],"replies":[{"embeddable":true,"href":"https:\/\/aromasentia.com\/de\/wp-json\/wp\/v2\/comments?post=233029"}],"version-history":[{"count":0,"href":"https:\/\/aromasentia.com\/de\/wp-json\/wp\/v2\/product\/233029\/revisions"}],"wp:featuredmedia":[{"embeddable":true,"href":"https:\/\/aromasentia.com\/de\/wp-json\/wp\/v2\/media\/337794"}],"wp:attachment":[{"href":"https:\/\/aromasentia.com\/de\/wp-json\/wp\/v2\/media?parent=233029"}],"wp:term":[{"taxonomy":"product_brand","embeddable":true,"href":"https:\/\/aromasentia.com\/de\/wp-json\/wp\/v2\/product_brand?post=233029"},{"taxonomy":"product_cat","embeddable":true,"href":"https:\/\/aromasentia.com\/de\/wp-json\/wp\/v2\/product_cat?post=233029"},{"taxonomy":"product_tag","embeddable":true,"href":"https:\/\/aromasentia.com\/de\/wp-json\/wp\/v2\/product_tag?post=233029"}],"curies":[{"name":"wp","href":"https:\/\/api.w.org\/{rel}","templated":true}]}}