{"id":232997,"date":"2025-03-22T13:29:50","date_gmt":"2025-03-22T13:29:50","guid":{"rendered":"https:\/\/aromasentia.com\/product\/hanging-chakra-stone-pendant-evil-eye\/"},"modified":"2025-12-30T20:11:48","modified_gmt":"2025-12-30T20:11:48","slug":"haengender-chakra-stein-anhaenger-boeser-blick","status":"publish","type":"product","link":"https:\/\/aromasentia.com\/de\/haengender-chakra-stein-anhaenger-boeser-blick\/","title":{"rendered":"H\u00e4ngender Chakra-Stein-Anh\u00e4nger &#8211; B\u00f6ser Blick"},"content":{"rendered":"<p><span style=\"color: rgb(75, 80, 88);\"><strong>Stellen Sie Ihren Kunden mit den h\u00e4ngenden Chakra-Steinanh\u00e4ngern eine trendige und dennoch zutiefst spirituelle Produktlinie vor. <\/strong><\/span><\/p>\n<p><span style=\"color: rgb(75, 80, 88);\">Diese eleganten, minimalistischen St\u00fccke sollen kraftvolle Bedeutungen und Energien besitzen, die mit esoterischen Praktiken in Einklang stehen.<\/span><\/p>\n<p><span style=\"color: rgb(75, 80, 88);\"><strong>Jeder Anh\u00e4nger enth\u00e4lt 7 verschiedene Edelsteine:<\/strong> Amethyst, Sodalith, gr\u00fcner Aventurin, gelber Aventurin, Karneol, Bergquarz und roter Jaspis \u2013 bekannt f\u00fcr ihre heilenden und ausgleichenden Eigenschaften.<\/span><\/p>\n<p><span style=\"color: rgb(75, 80, 88);\"><strong>H\u00e4ngender Chakra-Stein-Anh\u00e4nger \u2013 B\u00f6ser Blick<\/strong> \u2013 Der ikonische b\u00f6se Blick ist ein Symbol des Schutzes und soll negative Energien abwehren und Gl\u00fcck bringen.&nbsp;<\/span><\/p>\n<p><span style=\"color: rgb(75, 80, 88);\">Dieser Anh\u00e4nger verf\u00fcgt \u00fcber sieben Chakra-Steine, was ihn zu einer kraftvollen Kombination f\u00fcr Gleichgewicht und Schutz vor Schaden macht.<\/span><\/p>\n<p><span style=\"color: rgb(75, 80, 88);\"><strong>Kann \u00fcberall ausgestellt werden, von zu Hause bis zum Arbeitsplatz, strahlt positive Schwingungen aus und erg\u00e4nzt jedes Dekor.<\/strong><\/span><\/p>\n<p><span style=\"color: rgb(75, 80, 88);\"><strong>Ma\u00dfe:<\/strong><\/span><\/p>\n<p><span style=\"color: rgb(75, 80, 88);\"><strong>34 x 3,5 cm<\/strong><\/span><\/p>\n","protected":false},"excerpt":{"rendered":"<p>Stellen Sie Ihren Kunden mit den h\u00e4ngenden Chakra-Steinanh\u00e4ngern eine trendige und dennoch zutiefst spirituelle Produktlinie vor. Diese eleganten, minimalistischen St\u00fccke sollen kraftvolle Bedeutungen und Energien besitzen, die mit esoterischen Praktiken in Einklang stehen. Jeder Anh\u00e4nger enth\u00e4lt 7 verschiedene Edelsteine: Amethyst, Sodalith, gr\u00fcner Aventurin, gelber Aventurin, Karneol, Bergquarz und roter Jaspis \u2013 bekannt f\u00fcr ihre heilenden [&hellip;]<\/p>\n","protected":false},"featured_media":337530,"comment_status":"closed","ping_status":"open","template":"","meta":{"_angie_page":false},"product_brand":[],"product_cat":[19268,17269,25217],"product_tag":[],"class_list":{"0":"post-232997","1":"product","2":"type-product","3":"status-publish","4":"has-post-thumbnail","6":"product_cat-edelsteinschmuck-und-accessoires","7":"product_cat-esoterik-geschenke","8":"product_cat-halsketten-anhaenger","9":"pa_collection-hanging-chakra-stone-pendants-de","10":"pa_made-in-indien","12":"first","13":"instock","14":"purchasable","15":"product-type-simple"},"supplier_id":null,"supplier_sku":"HCSP-01","barcode":null,"atum_controlled":true,"out_stock_date":null,"out_stock_threshold":null,"inheritable":false,"inbound_stock":null,"stock_on_hold":0,"sold_today":0,"sales_last_days":0,"reserved_stock":null,"customer_returns":null,"warehouse_damage":null,"lost_in_post":null,"other_logs":null,"out_stock_days":0,"lost_sales":0,"has_location":null,"update_date":"2026-05-08T05:10:48","atum_locations":[],"atum_stock_status":"instock","restock_status":false,"low_stock_amount":"","sales_update_date":"2025-09-05T00:24:20","calc_backorders":null,"_links":{"self":[{"href":"https:\/\/aromasentia.com\/de\/wp-json\/wp\/v2\/product\/232997","targetHints":{"allow":["GET"]}}],"collection":[{"href":"https:\/\/aromasentia.com\/de\/wp-json\/wp\/v2\/product"}],"about":[{"href":"https:\/\/aromasentia.com\/de\/wp-json\/wp\/v2\/types\/product"}],"replies":[{"embeddable":true,"href":"https:\/\/aromasentia.com\/de\/wp-json\/wp\/v2\/comments?post=232997"}],"version-history":[{"count":0,"href":"https:\/\/aromasentia.com\/de\/wp-json\/wp\/v2\/product\/232997\/revisions"}],"wp:featuredmedia":[{"embeddable":true,"href":"https:\/\/aromasentia.com\/de\/wp-json\/wp\/v2\/media\/337530"}],"wp:attachment":[{"href":"https:\/\/aromasentia.com\/de\/wp-json\/wp\/v2\/media?parent=232997"}],"wp:term":[{"taxonomy":"product_brand","embeddable":true,"href":"https:\/\/aromasentia.com\/de\/wp-json\/wp\/v2\/product_brand?post=232997"},{"taxonomy":"product_cat","embeddable":true,"href":"https:\/\/aromasentia.com\/de\/wp-json\/wp\/v2\/product_cat?post=232997"},{"taxonomy":"product_tag","embeddable":true,"href":"https:\/\/aromasentia.com\/de\/wp-json\/wp\/v2\/product_tag?post=232997"}],"curies":[{"name":"wp","href":"https:\/\/api.w.org\/{rel}","templated":true}]}}