{"id":232989,"date":"2025-03-22T13:29:50","date_gmt":"2025-03-22T13:29:50","guid":{"rendered":"https:\/\/aromasentia.com\/product\/108-bead-mala-tiger-eye\/"},"modified":"2025-12-30T20:11:48","modified_gmt":"2025-12-30T20:11:48","slug":"edelstein-malas-tigerauge","status":"publish","type":"product","link":"https:\/\/aromasentia.com\/de\/edelstein-malas-tigerauge\/","title":{"rendered":"Edelstein-Malas Tigerauge"},"content":{"rendered":"<p><span style=\"color: rgb(75, 80, 88);\"><strong>Wir pr\u00e4sentieren die Perlen-Mala \u2013 Tigerauge<\/strong>, ein beeindruckendes und kraftvolles Schmuckst\u00fcck, das Ihre innere St\u00e4rke und Ihr Selbstvertrauen st\u00e4rkt.<\/span><\/p>\n<p><span style=\"color: rgb(75, 80, 88);\">Diese Mala ist handgefertigt aus <strong>108 Perlen aus nat\u00fcrlichem Tigerauge, einem Edelstein, der sich durch seine faszinierenden Braun- und Goldt\u00f6ne auszeichnet und f\u00fcr seine bemerkenswerte F\u00e4higkeit bekannt ist, Mut, Selbstsicherheit und innere Widerstandskraft zu f\u00f6rdern.<\/strong><\/span><\/p>\n<p><span style=\"color: rgb(75, 80, 88);\">Tief in der Tradition verwurzelt, dient diese Mala als wichtiges Hilfsmittel in spirituellen Praktiken wie Meditation und Chanting. Tigerauge-Perlen sollen Erdung, Gleichgewicht und Schutz f\u00f6rdern. Dar\u00fcber hinaus verwandelt es sich m\u00fchelos in ein stilvolles Accessoire, das jedem Ensemble einen Hauch von K\u00fchnheit und Selbstvertrauen verleiht.<\/span><\/p>\n<p><span style=\"color: rgb(75, 80, 88);\">Die Bead Mala \u2013 <strong>Tigerauge ist ein aufmerksames Geschenk f\u00fcr alle, die ihre innere St\u00e4rke verst\u00e4rken, ihr Selbstvertrauen st\u00e4rken und Mut fassen m\u00f6chten.<\/strong><\/span><\/p>\n<p><span style=\"color: rgb(75, 80, 88);\">Nehmen Sie dieses bemerkenswerte Schmuckst\u00fcck an und tauchen Sie ein in die st\u00e4rkenden und transformativen Eigenschaften des Tigerauges. Mit ihrer auffallenden und selbstbewussten Sch\u00f6nheit sowie ihren einzigartigen Eigenschaften wird diese Mala bestimmt ein gesch\u00e4tzter Teil Ihrer t\u00e4glichen Rituale werden.<\/span><\/p>\n<p><span style=\"color: rgb(75, 80, 88);\"><strong>Bitte beachten:<\/strong> <em>Aufgrund der Beschaffenheit des Edelsteins k\u00f6nnen Gr\u00f6\u00dfe und L\u00e4nge jeder Mala-Perle variieren. Die Gr\u00f6\u00dfe der Perlen betr\u00e4gt ca. 0,6 cm bis 0,8 cm und die L\u00e4nge betr\u00e4gt ca. 60 cm bis 80 cm.<\/em><\/span><\/p>\n","protected":false},"excerpt":{"rendered":"<p>Wir pr\u00e4sentieren die Perlen-Mala \u2013 Tigerauge, ein beeindruckendes und kraftvolles Schmuckst\u00fcck, das Ihre innere St\u00e4rke und Ihr Selbstvertrauen st\u00e4rkt. Diese Mala ist handgefertigt aus 108 Perlen aus nat\u00fcrlichem Tigerauge, einem Edelstein, der sich durch seine faszinierenden Braun- und Goldt\u00f6ne auszeichnet und f\u00fcr seine bemerkenswerte F\u00e4higkeit bekannt ist, Mut, Selbstsicherheit und innere Widerstandskraft zu f\u00f6rdern. Tief [&hellip;]<\/p>\n","protected":false},"featured_media":337448,"comment_status":"closed","ping_status":"open","template":"","meta":{"_angie_page":false},"product_brand":[],"product_cat":[25223,19268,17269,25787],"product_tag":[],"class_list":{"0":"post-232989","1":"product","2":"type-product","3":"status-publish","4":"has-post-thumbnail","6":"product_cat-edelsteine-mineralien","7":"product_cat-edelsteinschmuck-und-accessoires","8":"product_cat-esoterik-geschenke","9":"product_cat-tigerauge","10":"pa_collection-gemstone-mala-beads-de","11":"pa_made-in-indien","13":"first","14":"instock","15":"purchasable","16":"product-type-simple"},"supplier_id":null,"supplier_sku":"GMala-12a","barcode":null,"atum_controlled":true,"out_stock_date":null,"out_stock_threshold":null,"inheritable":false,"inbound_stock":null,"stock_on_hold":0,"sold_today":0,"sales_last_days":0,"reserved_stock":null,"customer_returns":null,"warehouse_damage":null,"lost_in_post":null,"other_logs":null,"out_stock_days":0,"lost_sales":0,"has_location":null,"update_date":"2026-05-08T05:09:40","atum_locations":[],"atum_stock_status":"instock","restock_status":false,"low_stock_amount":"","sales_update_date":"2025-09-05T00:24:20","calc_backorders":null,"_links":{"self":[{"href":"https:\/\/aromasentia.com\/de\/wp-json\/wp\/v2\/product\/232989","targetHints":{"allow":["GET"]}}],"collection":[{"href":"https:\/\/aromasentia.com\/de\/wp-json\/wp\/v2\/product"}],"about":[{"href":"https:\/\/aromasentia.com\/de\/wp-json\/wp\/v2\/types\/product"}],"replies":[{"embeddable":true,"href":"https:\/\/aromasentia.com\/de\/wp-json\/wp\/v2\/comments?post=232989"}],"version-history":[{"count":0,"href":"https:\/\/aromasentia.com\/de\/wp-json\/wp\/v2\/product\/232989\/revisions"}],"wp:featuredmedia":[{"embeddable":true,"href":"https:\/\/aromasentia.com\/de\/wp-json\/wp\/v2\/media\/337448"}],"wp:attachment":[{"href":"https:\/\/aromasentia.com\/de\/wp-json\/wp\/v2\/media?parent=232989"}],"wp:term":[{"taxonomy":"product_brand","embeddable":true,"href":"https:\/\/aromasentia.com\/de\/wp-json\/wp\/v2\/product_brand?post=232989"},{"taxonomy":"product_cat","embeddable":true,"href":"https:\/\/aromasentia.com\/de\/wp-json\/wp\/v2\/product_cat?post=232989"},{"taxonomy":"product_tag","embeddable":true,"href":"https:\/\/aromasentia.com\/de\/wp-json\/wp\/v2\/product_tag?post=232989"}],"curies":[{"name":"wp","href":"https:\/\/api.w.org\/{rel}","templated":true}]}}