{"id":232985,"date":"2025-03-22T13:29:50","date_gmt":"2025-03-22T13:29:50","guid":{"rendered":"https:\/\/aromasentia.com\/product\/108-bead-mala-amethyst\/"},"modified":"2025-12-30T20:11:48","modified_gmt":"2025-12-30T20:11:48","slug":"108-perlen-malas-amethyst","status":"publish","type":"product","link":"https:\/\/aromasentia.com\/de\/108-perlen-malas-amethyst\/","title":{"rendered":"108 Perlen Malas- Amethyst"},"content":{"rendered":"<p><span style=\"color: rgb(75, 80, 88);\"><strong>Wir pr\u00e4sentieren die Bead Mala \u2013 Amethyst,<\/strong> ein exquisites und wohltuendes Schmuckst\u00fcck, das Ihre spirituelle Reise bereichern und inneren Frieden f\u00f6rdern soll.<\/span><\/p>\n<p><span style=\"color: rgb(75, 80, 88);\">Diese Mala ist sorgf\u00e4ltig handgefertigt aus <strong>108 Perlen aus nat\u00fcrlichem Amethyst, einem Edelstein, der sich durch seinen bezaubernden violetten Farbton auszeichnet und f\u00fcr seine F\u00e4higkeit bekannt ist, Ruhe, Ausgeglichenheit und spirituelles Bewusstsein zu vermitteln.<\/strong><\/span><\/p>\n<p><span style=\"color: rgb(75, 80, 88);\">Diese traditionsreiche Mala dient als grundlegendes Werkzeug in spirituellen Praktiken wie Meditation und Chanting. Die Amethystperlen sollen die Intuition st\u00e4rken, emotionale Heilung f\u00f6rdern und vor negativen Energien sch\u00fctzen. es l\u00e4sst sich m\u00fchelos auch als stilvolles Accessoire verwenden und verleiht jedem Ensemble ein Element von Raffinesse und Sch\u00f6nheit.<\/span><\/p>\n<p><span style=\"color: rgb(75, 80, 88);\">Die Bead Mala \u2013 <strong>Amethyst ist das perfekte Geschenk f\u00fcr alle, die ihre spirituelle Praxis bereichern, innere Ruhe und Frieden f\u00f6rdern oder sich gegen Negativit\u00e4t wappnen m\u00f6chten.<\/strong><\/span><\/p>\n<p><span style=\"color: rgb(75, 80, 88);\">Nehmen Sie dieses exquisite Schmuckst\u00fcck an und tauchen Sie ein in die beruhigenden und transformierenden Eigenschaften des Amethysts. Mit ihrer eleganten und ruhigen Sch\u00f6nheit sowie ihren einzigartigen Eigenschaften wird diese Mala bestimmt ein fester Bestandteil Ihrer t\u00e4glichen Rituale werden.<\/span><\/p>\n<p><span style=\"color: rgb(75, 80, 88);\"><strong>Bitte beachten:<\/strong><em>Aufgrund der Beschaffenheit des Edelsteins k\u00f6nnen Gr\u00f6\u00dfe und L\u00e4nge jeder Mala-Perle variieren. Die Gr\u00f6\u00dfe der Perlen betr\u00e4gt ca. 0,6 cm bis 0,8 cm und die L\u00e4nge ca. 60 cm bis 80 cm.<\/em><\/span><\/p>\n","protected":false},"excerpt":{"rendered":"<p>Wir pr\u00e4sentieren die Bead Mala \u2013 Amethyst, ein exquisites und wohltuendes Schmuckst\u00fcck, das Ihre spirituelle Reise bereichern und inneren Frieden f\u00f6rdern soll. Diese Mala ist sorgf\u00e4ltig handgefertigt aus 108 Perlen aus nat\u00fcrlichem Amethyst, einem Edelstein, der sich durch seinen bezaubernden violetten Farbton auszeichnet und f\u00fcr seine F\u00e4higkeit bekannt ist, Ruhe, Ausgeglichenheit und spirituelles Bewusstsein zu [&hellip;]<\/p>\n","protected":false},"featured_media":337399,"comment_status":"closed","ping_status":"open","template":"","meta":{"_angie_page":false},"product_brand":[],"product_cat":[25546,25223,19268,17269],"product_tag":[],"class_list":{"0":"post-232985","1":"product","2":"type-product","3":"status-publish","4":"has-post-thumbnail","6":"product_cat-amethyst","7":"product_cat-edelsteine-mineralien","8":"product_cat-edelsteinschmuck-und-accessoires","9":"product_cat-esoterik-geschenke","10":"pa_collection-gemstone-mala-beads-de","11":"pa_made-in-indien","13":"first","14":"instock","15":"purchasable","16":"product-type-simple"},"supplier_id":null,"supplier_sku":"GMala-11","barcode":null,"atum_controlled":true,"out_stock_date":null,"out_stock_threshold":null,"inheritable":false,"inbound_stock":null,"stock_on_hold":0,"sold_today":0,"sales_last_days":0,"reserved_stock":null,"customer_returns":null,"warehouse_damage":null,"lost_in_post":null,"other_logs":null,"out_stock_days":0,"lost_sales":0,"has_location":null,"update_date":"2026-04-27T07:05:49","atum_locations":[],"atum_stock_status":"instock","restock_status":false,"low_stock_amount":"","sales_update_date":"2025-09-05T00:24:20","calc_backorders":null,"_links":{"self":[{"href":"https:\/\/aromasentia.com\/de\/wp-json\/wp\/v2\/product\/232985","targetHints":{"allow":["GET"]}}],"collection":[{"href":"https:\/\/aromasentia.com\/de\/wp-json\/wp\/v2\/product"}],"about":[{"href":"https:\/\/aromasentia.com\/de\/wp-json\/wp\/v2\/types\/product"}],"replies":[{"embeddable":true,"href":"https:\/\/aromasentia.com\/de\/wp-json\/wp\/v2\/comments?post=232985"}],"version-history":[{"count":0,"href":"https:\/\/aromasentia.com\/de\/wp-json\/wp\/v2\/product\/232985\/revisions"}],"wp:featuredmedia":[{"embeddable":true,"href":"https:\/\/aromasentia.com\/de\/wp-json\/wp\/v2\/media\/337399"}],"wp:attachment":[{"href":"https:\/\/aromasentia.com\/de\/wp-json\/wp\/v2\/media?parent=232985"}],"wp:term":[{"taxonomy":"product_brand","embeddable":true,"href":"https:\/\/aromasentia.com\/de\/wp-json\/wp\/v2\/product_brand?post=232985"},{"taxonomy":"product_cat","embeddable":true,"href":"https:\/\/aromasentia.com\/de\/wp-json\/wp\/v2\/product_cat?post=232985"},{"taxonomy":"product_tag","embeddable":true,"href":"https:\/\/aromasentia.com\/de\/wp-json\/wp\/v2\/product_tag?post=232985"}],"curies":[{"name":"wp","href":"https:\/\/api.w.org\/{rel}","templated":true}]}}