{"id":232973,"date":"2025-03-22T13:29:50","date_gmt":"2025-03-22T13:29:50","guid":{"rendered":"https:\/\/aromasentia.com\/product\/108-bead-mala-green-aventurine\/"},"modified":"2025-12-30T20:11:48","modified_gmt":"2025-12-30T20:11:48","slug":"108-perlen-malas-gruenes-aventurin","status":"publish","type":"product","link":"https:\/\/aromasentia.com\/de\/108-perlen-malas-gruenes-aventurin\/","title":{"rendered":"108 Perlen Malas- Gr\u00fcnes Aventurin"},"content":{"rendered":"<p><strong><span style=\"color: rgb(75, 80, 88);\">Wir pr\u00e4sentieren die Bead Mala &#8211; Gr\u00fcner Aventurin<\/span><\/strong><span style=\"color: rgb(75, 80, 88);\">, ein bezauberndes und belebendes Schmuckst\u00fcck, das Ihren Geist erheben und Ihre spirituelle Reise bereichern soll.<\/span><\/p>\n<p><span style=\"color: rgb(75, 80, 88);\">Diese Mala ist sorgf\u00e4ltig handgefertigt mit <strong>108 Perlen aus nat\u00fcrlichem gr\u00fcnem Aventurin, einem Edelstein mit seinem leuchtenden Gr\u00fcnton, der f\u00fcr seine bemerkenswerte F\u00e4higkeit gefeiert wird, F\u00fclle anzuziehen, Wachstum und Vitalit\u00e4t zu f\u00f6rdern und emotionales Gleichgewicht und Wohlbefinden zu pflegen.<\/strong><\/span><\/p>\n<p><span style=\"color: rgb(75, 80, 88);\">Diese traditionsreiche Mala dient als wichtiges Werkzeug in spirituellen Praktiken wie Meditation und Chanting, mit Die Perlen aus gr\u00fcnem Aventurin gelten als Katalysatoren f\u00fcr innere St\u00e4rke, emotionale Stabilit\u00e4t und k\u00f6rperliche Heilung. Dar\u00fcber hinaus eignen sie sich nahtlos als stilvolles Accessoire und verleihen jedem Outfit einen Hauch nat\u00fcrlicher Sch\u00f6nheit.<\/span><\/p>\n<p><span style=\"color: rgb(75, 80, 88);\">Die Perlen-Mala aus gr\u00fcnem Aventurin ist ein <strong>ideales Geschenk f\u00fcr alle, die ihre spirituelle Reise voranbringen, F\u00fclle herbeirufen oder emotionale Ausgeglichenheit und Wohlbefinden in ihrem Leben kultivieren m\u00f6chten.<\/strong><\/span><\/p>\n<p><span style=\"color: rgb(75, 80, 88);\">Lassen Sie sich von diesem exquisiten Schmuckst\u00fcck verzaubern und tauchen Sie ein in die energetisierenden und erhebenden Eigenschaften des gr\u00fcnen Aventurins. Mit ihrer lebendigen und nat\u00fcrlichen Sch\u00f6nheit sowie ihren einzigartigen Eigenschaften wird diese Mala bestimmt ein fester Bestandteil Ihrer t\u00e4glichen Rituale werden.<\/span><\/p>\n<p><span style=\"color: rgb(75, 80, 88);\"><strong>Bitte beachten:<\/strong> <\/span><em><span style=\"color: rgb(75, 80, 88);\">Aufgrund der Beschaffenheit des Edelsteins k\u00f6nnen Gr\u00f6\u00dfe und L\u00e4nge jeder Mala-Perle variieren. Die Gr\u00f6\u00dfe der Perlen betr\u00e4gt ca. 0,6 cm bis 0,8 cm und die L\u00e4nge ca. 60 cm bis 80 cm.<\/span><\/em><\/p>\n","protected":false},"excerpt":{"rendered":"<p>Wir pr\u00e4sentieren die Bead Mala &#8211; Gr\u00fcner Aventurin, ein bezauberndes und belebendes Schmuckst\u00fcck, das Ihren Geist erheben und Ihre spirituelle Reise bereichern soll. Diese Mala ist sorgf\u00e4ltig handgefertigt mit 108 Perlen aus nat\u00fcrlichem gr\u00fcnem Aventurin, einem Edelstein mit seinem leuchtenden Gr\u00fcnton, der f\u00fcr seine bemerkenswerte F\u00e4higkeit gefeiert wird, F\u00fclle anzuziehen, Wachstum und Vitalit\u00e4t zu f\u00f6rdern [&hellip;]<\/p>\n","protected":false},"featured_media":337284,"comment_status":"closed","ping_status":"open","template":"","meta":{"_angie_page":false},"product_brand":[],"product_cat":[25560,25223,19268,17269],"product_tag":[],"class_list":{"0":"post-232973","1":"product","2":"type-product","3":"status-publish","4":"has-post-thumbnail","6":"product_cat-aventurin","7":"product_cat-edelsteine-mineralien","8":"product_cat-edelsteinschmuck-und-accessoires","9":"product_cat-esoterik-geschenke","10":"pa_collection-gemstone-mala-beads-de","11":"pa_made-in-indien","13":"first","14":"instock","15":"purchasable","16":"product-type-simple"},"supplier_id":null,"supplier_sku":"GMala-07","barcode":null,"atum_controlled":true,"out_stock_date":null,"out_stock_threshold":null,"inheritable":false,"inbound_stock":null,"stock_on_hold":0,"sold_today":0,"sales_last_days":0,"reserved_stock":null,"customer_returns":null,"warehouse_damage":null,"lost_in_post":null,"other_logs":null,"out_stock_days":0,"lost_sales":0,"has_location":null,"update_date":"2026-05-08T05:09:40","atum_locations":[],"atum_stock_status":"instock","restock_status":false,"low_stock_amount":"","sales_update_date":"2026-02-06T00:02:18","calc_backorders":null,"_links":{"self":[{"href":"https:\/\/aromasentia.com\/de\/wp-json\/wp\/v2\/product\/232973","targetHints":{"allow":["GET"]}}],"collection":[{"href":"https:\/\/aromasentia.com\/de\/wp-json\/wp\/v2\/product"}],"about":[{"href":"https:\/\/aromasentia.com\/de\/wp-json\/wp\/v2\/types\/product"}],"replies":[{"embeddable":true,"href":"https:\/\/aromasentia.com\/de\/wp-json\/wp\/v2\/comments?post=232973"}],"version-history":[{"count":0,"href":"https:\/\/aromasentia.com\/de\/wp-json\/wp\/v2\/product\/232973\/revisions"}],"wp:featuredmedia":[{"embeddable":true,"href":"https:\/\/aromasentia.com\/de\/wp-json\/wp\/v2\/media\/337284"}],"wp:attachment":[{"href":"https:\/\/aromasentia.com\/de\/wp-json\/wp\/v2\/media?parent=232973"}],"wp:term":[{"taxonomy":"product_brand","embeddable":true,"href":"https:\/\/aromasentia.com\/de\/wp-json\/wp\/v2\/product_brand?post=232973"},{"taxonomy":"product_cat","embeddable":true,"href":"https:\/\/aromasentia.com\/de\/wp-json\/wp\/v2\/product_cat?post=232973"},{"taxonomy":"product_tag","embeddable":true,"href":"https:\/\/aromasentia.com\/de\/wp-json\/wp\/v2\/product_tag?post=232973"}],"curies":[{"name":"wp","href":"https:\/\/api.w.org\/{rel}","templated":true}]}}