{"id":232969,"date":"2025-03-22T13:29:50","date_gmt":"2025-03-22T13:29:50","guid":{"rendered":"https:\/\/aromasentia.com\/product\/108-bead-mala-rock-crystal\/"},"modified":"2025-12-30T20:11:48","modified_gmt":"2025-12-30T20:11:48","slug":"108-perlen-malas-bergkristall","status":"publish","type":"product","link":"https:\/\/aromasentia.com\/de\/108-perlen-malas-bergkristall\/","title":{"rendered":"108 Perlen Malas- Bergkristall"},"content":{"rendered":"<p><span style=\"color: rgb(75, 80, 88);\"><strong>Wir pr\u00e4sentieren die Bead Mala \u2013 Bergkristall<\/strong>, ein faszinierendes und vielseitiges Schmuckst\u00fcck, das Ihre spirituelle Reise und Ihren Alltag bereichern wird.<\/span><\/p>\n<p><span style=\"color: rgb(75, 80, 88);\">Diese Mala besteht aus <strong>108 Perlen aus nat\u00fcrlichem Bergkristall<\/strong>, einem Edelstein, der f\u00fcr seine klaren und durchscheinenden Eigenschaften gesch\u00e4tzt wird und <strong>bekannt ist f\u00fcr seine F\u00e4higkeit, Energie zu verst\u00e4rken, Klarheit des Denkens zu f\u00f6rdern und ein Gef\u00fchl von Gleichgewicht und Harmonie in K\u00f6rper und Geist zu vermitteln.<\/strong><\/span><\/p>\n<p><span style=\"color: rgb(75, 80, 88);\">Tief in der Tradition verwurzelt, findet diese Mala ihren Zweck in spirituellen Praktiken wie Meditation und Chanting. Die <strong>Bergkristallperlen sollen die Intuition st\u00e4rken, spirituelles Wachstum f\u00f6rdern und harmonisiert die Chakren.<\/strong> Dar\u00fcber hinaus l\u00e4sst sich diese Mala m\u00fchelos als schickes Accessoire verwenden und verleiht jedem Outfit ein Element von Eleganz und Schlichtheit.<\/span><\/p>\n<p><span style=\"color: rgb(75, 80, 88);\">Die Bead Mala \u2013 Bergkristall ist das perfekte Geschenk f\u00fcr alle, die ihre spirituelle Reise bereichern oder mehr Gleichgewicht und Harmonie in ihren Alltag bringen m\u00f6chten.<\/span><\/p>\n<p><span style=\"color: rgb(75, 80, 88);\">Nehmen Sie dieses exquisite Schmuckst\u00fcck an und tauchen Sie ein in die transformative Energie des Bergkristalls. Mit ihrer strahlenden Klarheit und ihren besonderen Eigenschaften wird diese Mala bestimmt ein gesch\u00e4tzter Teil Ihrer t\u00e4glichen Rituale werden.<\/span><\/p>\n<p><span style=\"color: rgb(75, 80, 88);\"><strong>Bitte beachten:<\/strong> <em>Aufgrund der Beschaffenheit des Edelsteins k\u00f6nnen Gr\u00f6\u00dfe und L\u00e4nge jeder Mala-Perle variieren. Die Gr\u00f6\u00dfe der Perlen betr\u00e4gt ca. 0,6 cm bis 0,8 cm und die L\u00e4nge betr\u00e4gt ca. 60 cm bis 80 cm.<\/em><\/span><\/p>\n","protected":false},"excerpt":{"rendered":"<p>Wir pr\u00e4sentieren die Bead Mala \u2013 Bergkristall, ein faszinierendes und vielseitiges Schmuckst\u00fcck, das Ihre spirituelle Reise und Ihren Alltag bereichern wird. Diese Mala besteht aus 108 Perlen aus nat\u00fcrlichem Bergkristall, einem Edelstein, der f\u00fcr seine klaren und durchscheinenden Eigenschaften gesch\u00e4tzt wird und bekannt ist f\u00fcr seine F\u00e4higkeit, Energie zu verst\u00e4rken, Klarheit des Denkens zu f\u00f6rdern [&hellip;]<\/p>\n","protected":false},"featured_media":337251,"comment_status":"closed","ping_status":"open","template":"","meta":{"_angie_page":false},"product_brand":[],"product_cat":[25744,25223,19268,17269],"product_tag":[],"class_list":{"0":"post-232969","1":"product","2":"type-product","3":"status-publish","4":"has-post-thumbnail","6":"product_cat-bergkristall","7":"product_cat-edelsteine-mineralien","8":"product_cat-edelsteinschmuck-und-accessoires","9":"product_cat-esoterik-geschenke","10":"pa_collection-gemstone-mala-beads-de","11":"pa_made-in-indien","13":"first","14":"instock","15":"purchasable","16":"product-type-simple"},"supplier_id":null,"supplier_sku":"GMala-06","barcode":null,"atum_controlled":true,"out_stock_date":null,"out_stock_threshold":null,"inheritable":false,"inbound_stock":null,"stock_on_hold":0,"sold_today":0,"sales_last_days":0,"reserved_stock":null,"customer_returns":null,"warehouse_damage":null,"lost_in_post":null,"other_logs":null,"out_stock_days":0,"lost_sales":0,"has_location":null,"update_date":"2026-04-27T07:05:41","atum_locations":[],"atum_stock_status":"instock","restock_status":false,"low_stock_amount":"","sales_update_date":"2026-01-30T01:24:36","calc_backorders":null,"_links":{"self":[{"href":"https:\/\/aromasentia.com\/de\/wp-json\/wp\/v2\/product\/232969","targetHints":{"allow":["GET"]}}],"collection":[{"href":"https:\/\/aromasentia.com\/de\/wp-json\/wp\/v2\/product"}],"about":[{"href":"https:\/\/aromasentia.com\/de\/wp-json\/wp\/v2\/types\/product"}],"replies":[{"embeddable":true,"href":"https:\/\/aromasentia.com\/de\/wp-json\/wp\/v2\/comments?post=232969"}],"version-history":[{"count":0,"href":"https:\/\/aromasentia.com\/de\/wp-json\/wp\/v2\/product\/232969\/revisions"}],"wp:featuredmedia":[{"embeddable":true,"href":"https:\/\/aromasentia.com\/de\/wp-json\/wp\/v2\/media\/337251"}],"wp:attachment":[{"href":"https:\/\/aromasentia.com\/de\/wp-json\/wp\/v2\/media?parent=232969"}],"wp:term":[{"taxonomy":"product_brand","embeddable":true,"href":"https:\/\/aromasentia.com\/de\/wp-json\/wp\/v2\/product_brand?post=232969"},{"taxonomy":"product_cat","embeddable":true,"href":"https:\/\/aromasentia.com\/de\/wp-json\/wp\/v2\/product_cat?post=232969"},{"taxonomy":"product_tag","embeddable":true,"href":"https:\/\/aromasentia.com\/de\/wp-json\/wp\/v2\/product_tag?post=232969"}],"curies":[{"name":"wp","href":"https:\/\/api.w.org\/{rel}","templated":true}]}}