{"id":232961,"date":"2025-03-22T13:29:50","date_gmt":"2025-03-22T13:29:50","guid":{"rendered":"https:\/\/aromasentia.com\/product\/108-bead-mala-rose-quartz\/"},"modified":"2025-12-30T20:11:48","modified_gmt":"2025-12-30T20:11:48","slug":"108-perlen-malas-rosenquarz","status":"publish","type":"product","link":"https:\/\/aromasentia.com\/de\/108-perlen-malas-rosenquarz\/","title":{"rendered":"108 Perlen Malas- Rosenquarz"},"content":{"rendered":"<p><span style=\"color: rgb(75, 80, 88);\">Wir stellen die <strong>Perlen-Mala \u2013 Rosenquarz<\/strong> vor, ein exquisites und beruhigendes Schmuckst\u00fcck, das Ihren Alltag mit einem Gef\u00fchl der Ruhe und Liebe erf\u00fcllt.<\/span><\/p>\n<p><span style=\"color: rgb(75, 80, 88);\">Diese Mala besteht aus <strong>108 Perlen aus nat\u00fcrlichem Rosenquarz, einem zarten rosa Edelstein, der f\u00fcr seine F\u00e4higkeit bekannt ist, das Herzchakra zu \u00f6ffnen, Selbstliebe und Mitgef\u00fchl zu f\u00f6rdern und Liebe und positive Energie anzuziehen.<\/strong><\/span><\/p>\n<p><span style=\"color: rgb(75, 80, 88);\">Die Rosenquarzperlen werden traditionell in spirituellen Praktiken wie Meditation und Chanting verwendet und sollen die Linderung emotionaler Wunden unterst\u00fctzen und die innere Heilung f\u00f6rdern. Dar\u00fcber hinaus kann diese Mala als modisches Accessoire getragen werden und jedem Ensemble einen Hauch von Anmut und Sch\u00f6nheit verleihen.<\/span><\/p>\n<p><span style=\"color: rgb(75, 80, 88);\">Die Perlen-Mala \u2013 Rosenquarz ist <strong>ein aufmerksames Geschenk, ideal f\u00fcr Personen, die mehr Liebe, Mitgef\u00fchl und innere Gelassenheit in ihrem Leben f\u00f6rdern m\u00f6chten.<\/strong><\/span><\/p>\n<p><span style=\"color: rgb(75, 80, 88);\">Nehmen Sie dieses bemerkenswerte Schmuckst\u00fcck in sich auf und genie\u00dfen Sie die wohltuende Energie des Rosenquarzes. Mit seinen sanften Farbt\u00f6nen und einzigartigen Eigenschaften wird diese Mala zu einem gesch\u00e4tzten Bestandteil Ihres Alltags.<\/span><\/p>\n<p><span style=\"color: rgb(75, 80, 88);\"><strong>Bitte beachten:<\/strong> <em>Aufgrund der Beschaffenheit des Edelsteins k\u00f6nnen Gr\u00f6\u00dfe und L\u00e4nge jeder Mala-Perle variieren. Die Gr\u00f6\u00dfe der Perlen betr\u00e4gt ca. 0,6 cm bis 0,8 cm und die L\u00e4nge betr\u00e4gt ca. 60 cm bis 80 cm.<\/em><\/span><\/p>\n","protected":false},"excerpt":{"rendered":"<p>Wir stellen die Perlen-Mala \u2013 Rosenquarz vor, ein exquisites und beruhigendes Schmuckst\u00fcck, das Ihren Alltag mit einem Gef\u00fchl der Ruhe und Liebe erf\u00fcllt. Diese Mala besteht aus 108 Perlen aus nat\u00fcrlichem Rosenquarz, einem zarten rosa Edelstein, der f\u00fcr seine F\u00e4higkeit bekannt ist, das Herzchakra zu \u00f6ffnen, Selbstliebe und Mitgef\u00fchl zu f\u00f6rdern und Liebe und positive [&hellip;]<\/p>\n","protected":false},"featured_media":337177,"comment_status":"closed","ping_status":"open","template":"","meta":{"_angie_page":false},"product_brand":[],"product_cat":[25223,19268,17269,25735,25752],"product_tag":[],"class_list":{"0":"post-232961","1":"product","2":"type-product","3":"status-publish","4":"has-post-thumbnail","6":"product_cat-edelsteine-mineralien","7":"product_cat-edelsteinschmuck-und-accessoires","8":"product_cat-esoterik-geschenke","9":"product_cat-quarz","10":"product_cat-rosenquarz","11":"pa_collection-gemstone-mala-beads-de","12":"pa_made-in-indien","14":"first","15":"instock","16":"purchasable","17":"product-type-simple"},"supplier_id":null,"supplier_sku":"GMala-03","barcode":null,"atum_controlled":true,"out_stock_date":null,"out_stock_threshold":null,"inheritable":false,"inbound_stock":null,"stock_on_hold":0,"sold_today":0,"sales_last_days":0,"reserved_stock":null,"customer_returns":null,"warehouse_damage":null,"lost_in_post":null,"other_logs":null,"out_stock_days":0,"lost_sales":0,"has_location":null,"update_date":"2026-05-08T05:09:40","atum_locations":[],"atum_stock_status":"instock","restock_status":false,"low_stock_amount":"","sales_update_date":"2025-09-05T00:24:16","calc_backorders":null,"_links":{"self":[{"href":"https:\/\/aromasentia.com\/de\/wp-json\/wp\/v2\/product\/232961","targetHints":{"allow":["GET"]}}],"collection":[{"href":"https:\/\/aromasentia.com\/de\/wp-json\/wp\/v2\/product"}],"about":[{"href":"https:\/\/aromasentia.com\/de\/wp-json\/wp\/v2\/types\/product"}],"replies":[{"embeddable":true,"href":"https:\/\/aromasentia.com\/de\/wp-json\/wp\/v2\/comments?post=232961"}],"version-history":[{"count":0,"href":"https:\/\/aromasentia.com\/de\/wp-json\/wp\/v2\/product\/232961\/revisions"}],"wp:featuredmedia":[{"embeddable":true,"href":"https:\/\/aromasentia.com\/de\/wp-json\/wp\/v2\/media\/337177"}],"wp:attachment":[{"href":"https:\/\/aromasentia.com\/de\/wp-json\/wp\/v2\/media?parent=232961"}],"wp:term":[{"taxonomy":"product_brand","embeddable":true,"href":"https:\/\/aromasentia.com\/de\/wp-json\/wp\/v2\/product_brand?post=232961"},{"taxonomy":"product_cat","embeddable":true,"href":"https:\/\/aromasentia.com\/de\/wp-json\/wp\/v2\/product_cat?post=232961"},{"taxonomy":"product_tag","embeddable":true,"href":"https:\/\/aromasentia.com\/de\/wp-json\/wp\/v2\/product_tag?post=232961"}],"curies":[{"name":"wp","href":"https:\/\/api.w.org\/{rel}","templated":true}]}}