{"id":232953,"date":"2025-03-22T13:29:50","date_gmt":"2025-03-22T13:29:50","guid":{"rendered":"https:\/\/aromasentia.com\/product\/108-bead-mala-9-planet-astro\/"},"modified":"2025-12-30T20:11:40","modified_gmt":"2025-12-30T20:11:40","slug":"108-perlen-malas-9-planeten-mala","status":"publish","type":"product","link":"https:\/\/aromasentia.com\/de\/108-perlen-malas-9-planeten-mala\/","title":{"rendered":"108 Perlen Malas- 9-Planeten-Mala"},"content":{"rendered":"<p><span style=\"color: rgb(75, 80, 88);\"><strong>Wir stellen vor: die Bead Mala \u2013 9 Planet Astro,<\/strong> ein wundersch\u00f6nes und aufwendig gefertigtes Schmuckst\u00fcck, das nicht nur umwerfend aussieht, sondern auch in der Astrologie eine gro\u00dfe Bedeutung hat.<\/span><\/p>\n<p><span style=\"color: rgb(75, 80, 88);\">Diese Bead Mala besteht aus 108 Perlen, <strong>von denen jede einen der neun Planeten der Astrologie darstellt \u2013 Sonne, Mond, Mars, Merkur, Jupiter, Venus, Saturn, Rahu und Ketu.<\/strong><\/span><\/p>\n<p><span style=\"color: rgb(75, 80, 88);\">Diese Mala ist nicht nur ein wundersch\u00f6nes Accessoire, sondern kann auch bei spirituellen Praktiken wie Meditation und Chanting verwendet werden. Jedes Mal, wenn Sie die Mala verwenden, k\u00f6nnen Sie sich auf einen bestimmten Planeten und seine Energie konzentrieren und so Ihre Energie mit der des Universums in Einklang bringen und ausbalancieren.<\/span><\/p>\n<p><span style=\"color: rgb(75, 80, 88);\">Die Bead Mala \u2013 9 Planet Astro ist ein <strong>perfektes Geschenk f\u00fcr alle, die sich f\u00fcr Astrologie oder Spiritualit\u00e4t interessieren<\/strong> oder einfach nach einem einzigartigen und bedeutungsvollen Schmuckst\u00fcck suchen.<\/span><\/p>\n<p><span style=\"color: rgb(75, 80, 88);\"><strong>Bitte beachten:<\/strong> Aufgrund der Beschaffenheit des Edelsteins k\u00f6nnen Gr\u00f6\u00dfe und L\u00e4nge jeder Mala-Perle variieren.<em>Die Gr\u00f6\u00dfe der Perlen betr\u00e4gt ca. 0,6 cm bis 0,8 cm und die L\u00e4nge ca. 60 cm bis 80 cm.<\/em><\/span><\/p>\n","protected":false},"excerpt":{"rendered":"<p>Wir stellen vor: die Bead Mala \u2013 9 Planet Astro, ein wundersch\u00f6nes und aufwendig gefertigtes Schmuckst\u00fcck, das nicht nur umwerfend aussieht, sondern auch in der Astrologie eine gro\u00dfe Bedeutung hat. Diese Bead Mala besteht aus 108 Perlen, von denen jede einen der neun Planeten der Astrologie darstellt \u2013 Sonne, Mond, Mars, Merkur, Jupiter, Venus, Saturn, [&hellip;]<\/p>\n","protected":false},"featured_media":337103,"comment_status":"closed","ping_status":"open","template":"","meta":{"_angie_page":false},"product_brand":[],"product_cat":[19268,17269],"product_tag":[],"class_list":{"0":"post-232953","1":"product","2":"type-product","3":"status-publish","4":"has-post-thumbnail","6":"product_cat-edelsteinschmuck-und-accessoires","7":"product_cat-esoterik-geschenke","8":"pa_collection-gemstone-mala-beads-de","9":"pa_made-in-indien","11":"first","12":"instock","13":"purchasable","14":"product-type-simple"},"supplier_id":null,"supplier_sku":"GMala-01","barcode":null,"atum_controlled":true,"out_stock_date":null,"out_stock_threshold":null,"inheritable":false,"inbound_stock":null,"stock_on_hold":0,"sold_today":0,"sales_last_days":0,"reserved_stock":null,"customer_returns":null,"warehouse_damage":null,"lost_in_post":null,"other_logs":null,"out_stock_days":0,"lost_sales":0,"has_location":null,"update_date":"2026-05-04T00:03:55","atum_locations":[],"atum_stock_status":"instock","restock_status":false,"low_stock_amount":"","sales_update_date":"2026-01-30T01:24:29","calc_backorders":null,"_links":{"self":[{"href":"https:\/\/aromasentia.com\/de\/wp-json\/wp\/v2\/product\/232953","targetHints":{"allow":["GET"]}}],"collection":[{"href":"https:\/\/aromasentia.com\/de\/wp-json\/wp\/v2\/product"}],"about":[{"href":"https:\/\/aromasentia.com\/de\/wp-json\/wp\/v2\/types\/product"}],"replies":[{"embeddable":true,"href":"https:\/\/aromasentia.com\/de\/wp-json\/wp\/v2\/comments?post=232953"}],"version-history":[{"count":0,"href":"https:\/\/aromasentia.com\/de\/wp-json\/wp\/v2\/product\/232953\/revisions"}],"wp:featuredmedia":[{"embeddable":true,"href":"https:\/\/aromasentia.com\/de\/wp-json\/wp\/v2\/media\/337103"}],"wp:attachment":[{"href":"https:\/\/aromasentia.com\/de\/wp-json\/wp\/v2\/media?parent=232953"}],"wp:term":[{"taxonomy":"product_brand","embeddable":true,"href":"https:\/\/aromasentia.com\/de\/wp-json\/wp\/v2\/product_brand?post=232953"},{"taxonomy":"product_cat","embeddable":true,"href":"https:\/\/aromasentia.com\/de\/wp-json\/wp\/v2\/product_cat?post=232953"},{"taxonomy":"product_tag","embeddable":true,"href":"https:\/\/aromasentia.com\/de\/wp-json\/wp\/v2\/product_tag?post=232953"}],"curies":[{"name":"wp","href":"https:\/\/api.w.org\/{rel}","templated":true}]}}