{"id":232949,"date":"2025-03-22T13:29:50","date_gmt":"2025-03-22T13:29:50","guid":{"rendered":"https:\/\/aromasentia.com\/product\/gemstone-faceted-healing-ball-stand-tigereye\/"},"modified":"2025-12-30T20:11:40","modified_gmt":"2025-12-30T20:11:40","slug":"facettierte-heilkugel-und-staender-aus-edelsteinen-tigerauge","status":"publish","type":"product","link":"https:\/\/aromasentia.com\/de\/facettierte-heilkugel-und-staender-aus-edelsteinen-tigerauge\/","title":{"rendered":"Facettierte Heilkugel und St\u00e4nder aus Edelsteinen \u2013 Tigerauge"},"content":{"rendered":"<p><strong>Gro\u00dfhandel Tigerauge Facettierte Heilkugel<\/strong> &#8211; Das Tigerauge ist bekannt f\u00fcr seine goldbraune Farbe und seine schimmernden B\u00e4nder, die an das Auge eines Tigers erinnern. Die Kugel wird von hellbraunen Holzst\u00e4ndern begleitet.<\/p>\n<p>Es geht darum, Vertrauen und St\u00e4rke zu f\u00f6rdern. Dieser Edelstein wird mit dem Wurzel- und dem Solarplexus-Chakra in Verbindung gebracht und verleiht Ihren Kunden einen Schub an Kraft. Er ist eine gro\u00dfartige Erg\u00e4nzung f\u00fcr Ihren spirituellen Shop.<\/p>\n<p>Wenn Sie diese Edelsteine ausstellen, achten Sie darauf, sie strategisch in Ihrem Gesch\u00e4ft zu platzieren. Ihre leuchtenden Farben und individuellen Bedeutungen werden Ihren Kunden sicherlich ins Auge fallen.<\/p>\n<p>Ihre Kunden werden diese ganzheitliche Art, ihr Wohlbefinden zu steigern, zu sch\u00e4tzen wissen.<\/p>\n<p><strong>Abmessungen:&nbsp;<\/strong>Kugel &#8211; ungef\u00e4hr 5,5cm; Kugel mit St\u00e4nder &#8211; ungef\u00e4hr 10cm<\/p>\n","protected":false},"excerpt":{"rendered":"<p>Gro\u00dfhandel Tigerauge Facettierte Heilkugel &#8211; Das Tigerauge ist bekannt f\u00fcr seine goldbraune Farbe und seine schimmernden B\u00e4nder, die an das Auge eines Tigers erinnern. Die Kugel wird von hellbraunen Holzst\u00e4ndern begleitet. Es geht darum, Vertrauen und St\u00e4rke zu f\u00f6rdern. Dieser Edelstein wird mit dem Wurzel- und dem Solarplexus-Chakra in Verbindung gebracht und verleiht Ihren Kunden [&hellip;]<\/p>\n","protected":false},"featured_media":337070,"comment_status":"closed","ping_status":"open","template":"","meta":{"_angie_page":false},"product_brand":[],"product_cat":[25223,17269,25787,18942],"product_tag":[],"class_list":{"0":"post-232949","1":"product","2":"type-product","3":"status-publish","4":"has-post-thumbnail","6":"product_cat-edelsteine-mineralien","7":"product_cat-esoterik-geschenke","8":"product_cat-tigerauge","9":"product_cat-trommelsteine","10":"pa_collection-gemstone-healing-balls-with-stand-de","11":"pa_made-in-indien","13":"first","14":"instock","15":"purchasable","16":"product-type-simple"},"supplier_id":null,"supplier_sku":"GHB-05","barcode":null,"atum_controlled":true,"out_stock_date":null,"out_stock_threshold":null,"inheritable":false,"inbound_stock":null,"stock_on_hold":0,"sold_today":0,"sales_last_days":0,"reserved_stock":null,"customer_returns":null,"warehouse_damage":null,"lost_in_post":null,"other_logs":null,"out_stock_days":0,"lost_sales":0,"has_location":null,"update_date":"2026-04-27T07:05:41","atum_locations":[],"atum_stock_status":"instock","restock_status":false,"low_stock_amount":"","sales_update_date":"2026-01-30T01:24:49","calc_backorders":null,"_links":{"self":[{"href":"https:\/\/aromasentia.com\/de\/wp-json\/wp\/v2\/product\/232949","targetHints":{"allow":["GET"]}}],"collection":[{"href":"https:\/\/aromasentia.com\/de\/wp-json\/wp\/v2\/product"}],"about":[{"href":"https:\/\/aromasentia.com\/de\/wp-json\/wp\/v2\/types\/product"}],"replies":[{"embeddable":true,"href":"https:\/\/aromasentia.com\/de\/wp-json\/wp\/v2\/comments?post=232949"}],"version-history":[{"count":0,"href":"https:\/\/aromasentia.com\/de\/wp-json\/wp\/v2\/product\/232949\/revisions"}],"wp:featuredmedia":[{"embeddable":true,"href":"https:\/\/aromasentia.com\/de\/wp-json\/wp\/v2\/media\/337070"}],"wp:attachment":[{"href":"https:\/\/aromasentia.com\/de\/wp-json\/wp\/v2\/media?parent=232949"}],"wp:term":[{"taxonomy":"product_brand","embeddable":true,"href":"https:\/\/aromasentia.com\/de\/wp-json\/wp\/v2\/product_brand?post=232949"},{"taxonomy":"product_cat","embeddable":true,"href":"https:\/\/aromasentia.com\/de\/wp-json\/wp\/v2\/product_cat?post=232949"},{"taxonomy":"product_tag","embeddable":true,"href":"https:\/\/aromasentia.com\/de\/wp-json\/wp\/v2\/product_tag?post=232949"}],"curies":[{"name":"wp","href":"https:\/\/api.w.org\/{rel}","templated":true}]}}