{"id":232945,"date":"2025-03-22T13:29:50","date_gmt":"2025-03-22T13:29:50","guid":{"rendered":"https:\/\/aromasentia.com\/product\/gemstone-faceted-healing-ball-stand-rock-quartz\/"},"modified":"2025-12-30T20:11:40","modified_gmt":"2025-12-30T20:11:40","slug":"facettierte-heilkugel-und-staender-aus-edelstein-bergquarz","status":"publish","type":"product","link":"https:\/\/aromasentia.com\/de\/facettierte-heilkugel-und-staender-aus-edelstein-bergquarz\/","title":{"rendered":"Facettierte Heilkugel und St\u00e4nder aus Edelstein \u2013 Bergquarz"},"content":{"rendered":"<p><span style=\"color: rgb(75, 80, 88);\">Entdecken Sie <strong>Bergquarz \u2013 facettierte Heilkugel aus Edelstein<\/strong>, eine harmonische Mischung der feinsten Mineralien der Natur, jedes mit seiner einzigartigen Symbolik und Energie, pr\u00e4sentiert zusammen mit ihren bezaubernden h\u00f6lzernen Begleitern in einem beruhigenden hellbraunen Farbton.<\/span><\/p>\n<p><span style=\"color: rgb(75, 80, 88);\">Unsere <strong>Bergquarz-Heilkugel<\/strong> ist eine vielseitige <strong>5 cm <\/strong> gro\u00dfe Edelsteinkugel, die mit einem 5 cm gro\u00dfen h\u00f6lzernen Begleiter kombiniert wird.&nbsp;<\/span><\/p>\n<p><span style=\"color: rgb(75, 80, 88);\">Ein Muss f\u00fcr Ihr Gesch\u00e4ft. Warum? Sie l\u00e4dt Energien und Absichten auf, perfekt f\u00fcr Energieheilung, Kristallraster und die Aufrechterhaltung einer klaren Stimmung. Es ist wie eine leere Leinwand f\u00fcr spirituelle Sucher und passt zu jeder esoterischen Praxis.<\/span><\/p>\n<p><span style=\"color: rgb(75, 80, 88);\">Denken Sie bei der Pr\u00e4sentation dieser Edelsteine daran, sie an strategischen Stellen in Ihrem Gesch\u00e4ft zu platzieren. Ihre strahlenden Farben und individuellen Bedeutungen werden zweifellos die Aufmerksamkeit Ihrer Kunden auf sich ziehen.<\/span><\/p>\n<p><span style=\"color: rgb(75, 80, 88);\">Die Edelsteinkugel misst <strong>5 cm<\/strong>, und mit dem Holzst\u00e4nder misst dieses kleine Edelsteinwunder <strong>10 cm<\/strong>.<\/span><\/p>\n<p><span style=\"color: rgb(75, 80, 88);\"><strong>Ihre Kunden werden diesen ganzheitlichen Ansatz zum Wohlf\u00fchlen lieben.<\/strong><\/span><\/p>\n","protected":false},"excerpt":{"rendered":"<p>Entdecken Sie Bergquarz \u2013 facettierte Heilkugel aus Edelstein, eine harmonische Mischung der feinsten Mineralien der Natur, jedes mit seiner einzigartigen Symbolik und Energie, pr\u00e4sentiert zusammen mit ihren bezaubernden h\u00f6lzernen Begleitern in einem beruhigenden hellbraunen Farbton. Unsere Bergquarz-Heilkugel ist eine vielseitige 5 cm gro\u00dfe Edelsteinkugel, die mit einem 5 cm gro\u00dfen h\u00f6lzernen Begleiter kombiniert wird.&nbsp; Ein [&hellip;]<\/p>\n","protected":false},"featured_media":337037,"comment_status":"closed","ping_status":"open","template":"","meta":{"_angie_page":false},"product_brand":[],"product_cat":[25223,17269,25735,18942],"product_tag":[],"class_list":{"0":"post-232945","1":"product","2":"type-product","3":"status-publish","4":"has-post-thumbnail","6":"product_cat-edelsteine-mineralien","7":"product_cat-esoterik-geschenke","8":"product_cat-quarz","9":"product_cat-trommelsteine","10":"pa_collection-gemstone-healing-balls-with-stand-de","11":"pa_made-in-indien","13":"first","14":"instock","15":"purchasable","16":"product-type-simple"},"supplier_id":null,"supplier_sku":"GHB-04","barcode":null,"atum_controlled":true,"out_stock_date":null,"out_stock_threshold":null,"inheritable":false,"inbound_stock":null,"stock_on_hold":0,"sold_today":0,"sales_last_days":0,"reserved_stock":null,"customer_returns":null,"warehouse_damage":null,"lost_in_post":null,"other_logs":null,"out_stock_days":0,"lost_sales":0,"has_location":null,"update_date":"2026-04-27T07:05:41","atum_locations":[],"atum_stock_status":"instock","restock_status":false,"low_stock_amount":"","sales_update_date":"2026-01-30T01:25:39","calc_backorders":null,"_links":{"self":[{"href":"https:\/\/aromasentia.com\/de\/wp-json\/wp\/v2\/product\/232945","targetHints":{"allow":["GET"]}}],"collection":[{"href":"https:\/\/aromasentia.com\/de\/wp-json\/wp\/v2\/product"}],"about":[{"href":"https:\/\/aromasentia.com\/de\/wp-json\/wp\/v2\/types\/product"}],"replies":[{"embeddable":true,"href":"https:\/\/aromasentia.com\/de\/wp-json\/wp\/v2\/comments?post=232945"}],"version-history":[{"count":0,"href":"https:\/\/aromasentia.com\/de\/wp-json\/wp\/v2\/product\/232945\/revisions"}],"wp:featuredmedia":[{"embeddable":true,"href":"https:\/\/aromasentia.com\/de\/wp-json\/wp\/v2\/media\/337037"}],"wp:attachment":[{"href":"https:\/\/aromasentia.com\/de\/wp-json\/wp\/v2\/media?parent=232945"}],"wp:term":[{"taxonomy":"product_brand","embeddable":true,"href":"https:\/\/aromasentia.com\/de\/wp-json\/wp\/v2\/product_brand?post=232945"},{"taxonomy":"product_cat","embeddable":true,"href":"https:\/\/aromasentia.com\/de\/wp-json\/wp\/v2\/product_cat?post=232945"},{"taxonomy":"product_tag","embeddable":true,"href":"https:\/\/aromasentia.com\/de\/wp-json\/wp\/v2\/product_tag?post=232945"}],"curies":[{"name":"wp","href":"https:\/\/api.w.org\/{rel}","templated":true}]}}