{"id":232941,"date":"2025-03-22T13:29:50","date_gmt":"2025-03-22T13:29:50","guid":{"rendered":"https:\/\/aromasentia.com\/product\/gemstone-faceted-healing-ball-stand-rose-quartz\/"},"modified":"2025-12-30T20:11:40","modified_gmt":"2025-12-30T20:11:40","slug":"facettierte-heilkugel-und-staender-aus-edelsteinen-amethyst","status":"publish","type":"product","link":"https:\/\/aromasentia.com\/de\/facettierte-heilkugel-und-staender-aus-edelsteinen-amethyst\/","title":{"rendered":"Facettierte Heilkugel und St\u00e4nder aus Edelsteinen \u2013 Amethyst"},"content":{"rendered":"<p><span style=\"color: rgb(75, 80, 88);\">Entdecken Sie <strong>Rosenquarz \u2013 facettierte Heilkugel aus Edelsteinen<\/strong>, eine harmonische Mischung der feinsten Mineralien der Natur, jedes mit seiner einzigartigen Symbolik und Energie, pr\u00e4sentiert zusammen mit ihren charmanten h\u00f6lzernen Begleitern in einem beruhigenden hellbraunen Farbton.<\/span><\/p>\n<p><span style=\"color: rgb(75, 80, 88);\">Suchen Sie nach einem Hauch von Liebe und Mitgef\u00fchl? Die Heilkugel aus Rosenquarz, <strong>5 cm <\/strong> gro\u00df mit eigenem Holzst\u00e4nder, ist die Antwort.&nbsp;<\/span><\/p>\n<p><span style=\"color: rgb(75, 80, 88);\">Sie ist eine ausgezeichnete Wahl f\u00fcr Gesch\u00e4fte, die sich auf Selbstf\u00fcrsorge und Beziehungen konzentrieren. Die sanften rosa Schwingungen des Rosenquarzes schwingen mit dem Herzen und erw\u00e4rmen Herzen. Bieten Sie es f\u00fcr Liebesrituale, zur Selbstliebe oder f\u00fcr diejenigen an, die ein wenig emotionale Heilung suchen.<\/span><\/p>\n<p><span style=\"color: rgb(75, 80, 88);\">Denken Sie beim Pr\u00e4sentieren dieser Edelsteine daran, sie an strategischen Stellen in Ihrem Gesch\u00e4ft zu platzieren. Ihre strahlenden Farben und individuellen Bedeutungen werden zweifellos die Aufmerksamkeit Ihrer Kunden auf sich ziehen.<\/span><\/p>\n<p><span style=\"color: rgb(75, 80, 88);\">Die Edelsteinkugel misst <strong>5 cm<\/strong>, und mit dem Holzst\u00e4nder misst dieses kleine Edelsteinwunder <strong>10 cm<\/strong>.<\/span><\/p>\n<p><strong><span style=\"color: rgb(75, 80, 88);\">Ihre Kunden werden diesen ganzheitlichen Ansatz zum Wohlf\u00fchlen lieben.<\/span><\/strong><\/p>\n","protected":false},"excerpt":{"rendered":"<p>Entdecken Sie Rosenquarz \u2013 facettierte Heilkugel aus Edelsteinen, eine harmonische Mischung der feinsten Mineralien der Natur, jedes mit seiner einzigartigen Symbolik und Energie, pr\u00e4sentiert zusammen mit ihren charmanten h\u00f6lzernen Begleitern in einem beruhigenden hellbraunen Farbton. Suchen Sie nach einem Hauch von Liebe und Mitgef\u00fchl? Die Heilkugel aus Rosenquarz, 5 cm gro\u00df mit eigenem Holzst\u00e4nder, ist [&hellip;]<\/p>\n","protected":false},"featured_media":337028,"comment_status":"closed","ping_status":"open","template":"","meta":{"_angie_page":false},"product_brand":[],"product_cat":[25223,17269,25735,25752,18942],"product_tag":[],"class_list":{"0":"post-232941","1":"product","2":"type-product","3":"status-publish","4":"has-post-thumbnail","6":"product_cat-edelsteine-mineralien","7":"product_cat-esoterik-geschenke","8":"product_cat-quarz","9":"product_cat-rosenquarz","10":"product_cat-trommelsteine","11":"pa_collection-gemstone-healing-balls-with-stand-de","12":"pa_made-in-indien","14":"first","15":"instock","16":"purchasable","17":"product-type-simple"},"supplier_id":null,"supplier_sku":"GHB-03","barcode":null,"atum_controlled":true,"out_stock_date":null,"out_stock_threshold":null,"inheritable":false,"inbound_stock":null,"stock_on_hold":0,"sold_today":0,"sales_last_days":0,"reserved_stock":null,"customer_returns":null,"warehouse_damage":null,"lost_in_post":null,"other_logs":null,"out_stock_days":0,"lost_sales":0,"has_location":null,"update_date":"2026-04-27T07:05:41","atum_locations":[],"atum_stock_status":"instock","restock_status":false,"low_stock_amount":"","sales_update_date":"2026-01-30T01:24:26","calc_backorders":null,"_links":{"self":[{"href":"https:\/\/aromasentia.com\/de\/wp-json\/wp\/v2\/product\/232941","targetHints":{"allow":["GET"]}}],"collection":[{"href":"https:\/\/aromasentia.com\/de\/wp-json\/wp\/v2\/product"}],"about":[{"href":"https:\/\/aromasentia.com\/de\/wp-json\/wp\/v2\/types\/product"}],"replies":[{"embeddable":true,"href":"https:\/\/aromasentia.com\/de\/wp-json\/wp\/v2\/comments?post=232941"}],"version-history":[{"count":0,"href":"https:\/\/aromasentia.com\/de\/wp-json\/wp\/v2\/product\/232941\/revisions"}],"wp:featuredmedia":[{"embeddable":true,"href":"https:\/\/aromasentia.com\/de\/wp-json\/wp\/v2\/media\/337028"}],"wp:attachment":[{"href":"https:\/\/aromasentia.com\/de\/wp-json\/wp\/v2\/media?parent=232941"}],"wp:term":[{"taxonomy":"product_brand","embeddable":true,"href":"https:\/\/aromasentia.com\/de\/wp-json\/wp\/v2\/product_brand?post=232941"},{"taxonomy":"product_cat","embeddable":true,"href":"https:\/\/aromasentia.com\/de\/wp-json\/wp\/v2\/product_cat?post=232941"},{"taxonomy":"product_tag","embeddable":true,"href":"https:\/\/aromasentia.com\/de\/wp-json\/wp\/v2\/product_tag?post=232941"}],"curies":[{"name":"wp","href":"https:\/\/api.w.org\/{rel}","templated":true}]}}