{"id":232909,"date":"2025-03-22T13:29:50","date_gmt":"2025-03-22T13:29:50","guid":{"rendered":"https:\/\/aromasentia.com\/product\/red-jasper-planet-on-a-sola-goldstone-stand-40mm-30x15mm-stand\/"},"modified":"2025-12-30T20:11:32","modified_gmt":"2025-12-30T20:11:32","slug":"roter-jaspis-planet-auf-einem-sola-goldfluss-staender-40-mm-30-x-15-mm-staender","status":"publish","type":"product","link":"https:\/\/aromasentia.com\/de\/roter-jaspis-planet-auf-einem-sola-goldfluss-staender-40-mm-30-x-15-mm-staender\/","title":{"rendered":"Roter Jaspis-Planet auf einem Sola-Goldfluss-St\u00e4nder \u2013 40 mm (30 x 15 mm St\u00e4nder)"},"content":{"rendered":"<p><strong><span style=\"color: rgb(75, 80, 88);\">MARS-EDELSTEINPLANET:<\/span><\/strong><\/p>\n<p><span style=\"color: rgb(75, 80, 88);\"><strong>ST\u00c4RKE \u2013 LEIDENSCHAFT \u2013 SIEG<\/strong><\/span><\/p>\n<p><span style=\"color: rgb(75, 80, 88);\">Roter Jaspis, der mit der feurigen Energie des Mars pulsiert, ist ein Stein des Mutes und der St\u00e4rke. Seine leuchtend rote Farbe verk\u00f6rpert die Assoziation des Mars mit Tatkraft, Entschlossenheit und Kampfgeist.&nbsp;<\/span><\/p>\n<p><span style=\"color: rgb(75, 80, 88);\">Roter Jaspis ist f\u00fcr seine erdenden Eigenschaften bekannt und bef\u00e4higt dazu, Herausforderungen direkt anzugehen und f\u00f6rdert Leidenschaft und Widerstandsf\u00e4higkeit. Im Gegensatz zur beruhigenden Energie der Venus geht es beim roten Jaspis darum, Ihr inneres Feuer zu entfachen, Ihren Antrieb zu steigern und Ihnen die n\u00f6tige Ausdauer zu geben, um Hindernisse zu \u00fcberwinden.&nbsp;<\/span><\/p>\n<p><span style=\"color: rgb(75, 80, 88);\">Dieser Stein ist ein m\u00e4chtiger Verb\u00fcndeter f\u00fcr diejenigen, die die Macht des Mars nutzen m\u00f6chten. dynamische Energie, die hilft, mutige Taten und unersch\u00fctterliche Ausdauer angesichts von Widrigkeiten zu manifestieren.&nbsp;<\/span><\/p>\n<p><span style=\"color: rgb(75, 80, 88);\">Ob bei der Meditation verwendet, als Talisman getragen oder in einen Arbeitsbereich integriert, roter Jaspis inspiriert zum Selbstvertrauen und bef\u00e4higt Sie, alles zu meistern, was Ihnen in den Weg kommt.<\/span><\/p>\n<p><span style=\"color: rgb(75, 80, 88);\"><strong>Der Solar Goldstone-St\u00e4nder bietet eine Erdungsbasis f\u00fcr die rote Jaspis-Kugel, inspiriert von den Tiefen des Weltraums<\/strong><\/span><\/p>\n<p><span style=\"color: rgb(75, 80, 88);\"><strong>Planetengr\u00f6\u00dfe: 40 mm<\/strong><\/span><\/p>\n<p><strong><span style=\"color: rgb(75, 80, 88);\">St\u00e4ndergr\u00f6\u00dfe: 3 x 15 mm<\/span><\/strong><\/p>\n","protected":false},"excerpt":{"rendered":"<p>MARS-EDELSTEINPLANET: ST\u00c4RKE \u2013 LEIDENSCHAFT \u2013 SIEG Roter Jaspis, der mit der feurigen Energie des Mars pulsiert, ist ein Stein des Mutes und der St\u00e4rke. Seine leuchtend rote Farbe verk\u00f6rpert die Assoziation des Mars mit Tatkraft, Entschlossenheit und Kampfgeist.&nbsp; Roter Jaspis ist f\u00fcr seine erdenden Eigenschaften bekannt und bef\u00e4higt dazu, Herausforderungen direkt anzugehen und f\u00f6rdert Leidenschaft [&hellip;]<\/p>\n","protected":false},"featured_media":336620,"comment_status":"closed","ping_status":"open","template":"","meta":{"_angie_page":false},"product_brand":[],"product_cat":[25223,17269,25612,25646,18942],"product_tag":[],"class_list":{"0":"post-232909","1":"product","2":"type-product","3":"status-publish","4":"has-post-thumbnail","6":"product_cat-edelsteine-mineralien","7":"product_cat-esoterik-geschenke","8":"product_cat-goldstein","9":"product_cat-jaspis","10":"product_cat-trommelsteine","11":"pa_collection-gemstone-planets-on-a-goldstone-stand-de","12":"pa_made-in-china","14":"first","15":"instock","16":"purchasable","17":"product-type-simple"},"supplier_id":null,"supplier_sku":"GemPL-03","barcode":null,"atum_controlled":true,"out_stock_date":null,"out_stock_threshold":null,"inheritable":false,"inbound_stock":null,"stock_on_hold":0,"sold_today":0,"sales_last_days":0,"reserved_stock":null,"customer_returns":null,"warehouse_damage":null,"lost_in_post":null,"other_logs":null,"out_stock_days":0,"lost_sales":0,"has_location":null,"update_date":"2026-04-27T07:05:32","atum_locations":[],"atum_stock_status":"instock","restock_status":false,"low_stock_amount":"","sales_update_date":"2025-09-05T00:24:14","calc_backorders":null,"_links":{"self":[{"href":"https:\/\/aromasentia.com\/de\/wp-json\/wp\/v2\/product\/232909","targetHints":{"allow":["GET"]}}],"collection":[{"href":"https:\/\/aromasentia.com\/de\/wp-json\/wp\/v2\/product"}],"about":[{"href":"https:\/\/aromasentia.com\/de\/wp-json\/wp\/v2\/types\/product"}],"replies":[{"embeddable":true,"href":"https:\/\/aromasentia.com\/de\/wp-json\/wp\/v2\/comments?post=232909"}],"version-history":[{"count":0,"href":"https:\/\/aromasentia.com\/de\/wp-json\/wp\/v2\/product\/232909\/revisions"}],"wp:featuredmedia":[{"embeddable":true,"href":"https:\/\/aromasentia.com\/de\/wp-json\/wp\/v2\/media\/336620"}],"wp:attachment":[{"href":"https:\/\/aromasentia.com\/de\/wp-json\/wp\/v2\/media?parent=232909"}],"wp:term":[{"taxonomy":"product_brand","embeddable":true,"href":"https:\/\/aromasentia.com\/de\/wp-json\/wp\/v2\/product_brand?post=232909"},{"taxonomy":"product_cat","embeddable":true,"href":"https:\/\/aromasentia.com\/de\/wp-json\/wp\/v2\/product_cat?post=232909"},{"taxonomy":"product_tag","embeddable":true,"href":"https:\/\/aromasentia.com\/de\/wp-json\/wp\/v2\/product_tag?post=232909"}],"curies":[{"name":"wp","href":"https:\/\/api.w.org\/{rel}","templated":true}]}}